{"id":325,"date":"2023-06-13T15:09:06","date_gmt":"2023-06-13T15:09:06","guid":{"rendered":"https:\/\/gst-sl.com\/wp\/?page_id=325"},"modified":"2023-07-11T11:19:32","modified_gmt":"2023-07-11T11:19:32","slug":"politica-de-calidad","status":"publish","type":"page","link":"https:\/\/gst-sl.com\/wp\/politica-de-calidad\/","title":{"rendered":"POL\u00cdTICA DE CALIDAD"},"content":{"rendered":"\n\n\t<section class=\"section\" id=\"section_746520930\">\n\t\t<div class=\"section-bg fill\" >\n\t\t\t\t\t\t\t\t\t\n\t\t\t\n\n\t\t<\/div>\n\n\t\t\n\n\t\t<div class=\"section-content relative\">\n\t\t\t\n\n\t<div id=\"gap-1808429920\" class=\"gap-element clearfix\" style=\"display:block; height:auto;\">\n\t\t\n<style>\n#gap-1808429920 {\n  padding-top: 30px;\n}\n<\/style>\n\t<\/div>\n\t\n\n<div class=\"row align-middle\"  id=\"row-1306240040\">\n\n\n\t<div id=\"col-1345060586\" class=\"col medium-12 small-12 large-6\"  >\n\t\t\t\t<div class=\"col-inner\"  >\n\t\t\t\n\t\t\t\n\n\t<div id=\"gap-149102374\" class=\"gap-element clearfix hide-for-small\" style=\"display:block; height:auto;\">\n\t\t\n<style>\n#gap-149102374 {\n  padding-top: 10px;\n}\n@media (min-width:850px) {\n  #gap-149102374 {\n    padding-top: 30px;\n  }\n}\n<\/style>\n\t<\/div>\n\t\n\n\t<div id=\"text-3043498940\" class=\"text\">\n\t\t\n\n<h1>GST<\/h1>\n\t\t\n<style>\n#text-3043498940 {\n  font-size: 1.75rem;\n  line-height: 1.5;\n}\n@media (min-width:550px) {\n  #text-3043498940 {\n    font-size: 2rem;\n  }\n}\n<\/style>\n\t<\/div>\n\t\n\t<div id=\"text-3130887960\" class=\"text\">\n\t\t\n\n<h4>GESTION DE SISTEMAS TOPOGR\u00c1FICOS, somos una empresa de servicios topogr\u00e1ficos completos.<br \/>\u00a0<br \/>En ventas ofrecemos toda la serie de estaciones totales y de GPS, as\u00ed como los accesorios necesarios, para realizar el trabajo topogr\u00e1fico operativo, eficiente y en tiempos m\u00ednimos.<br \/>\u00a0<br \/>Nuestro departamento de alquiler dispone de todos los equipos de \u00faltima generaci\u00f3n, para dar respuesta adecuada a nuestros clientes, en todas las necesidades de trabajo de campo y gabinete.<br \/>\u00a0<br \/>Para los departamentos de venta y alquiler disponemos de\u00a0<strong>soporte<\/strong>, telef\u00f3nico o por Internet, dando las soluciones que precisen nuestros usuarios.<br \/>\u00a0<br \/>El departamento de servicio t\u00e9cnico, es el \u00fanico con un nivel redimiento m\u00e1ximo, para reparar, calibrar y verificar los instrumentos de topograf\u00eda y mapping.<\/h4>\n<h4 align=\"center\">GST &#8211; S.L.<\/h4>\n\t\t\n<style>\n#text-3130887960 {\n  font-size: 1rem;\n}\n<\/style>\n\t<\/div>\n\t\n\t<div id=\"gap-826313721\" class=\"gap-element clearfix\" style=\"display:block; height:auto;\">\n\t\t\n<style>\n#gap-826313721 {\n  padding-top: 10px;\n}\n<\/style>\n\t<\/div>\n\t\n\n\n\t\t<\/div>\n\t\t\t\t\t<\/div>\n\n\t\n\n\t<div id=\"col-1808086853\" class=\"col medium-12 small-12 large-6 medium-col-first\"  >\n\t\t\t\t<div class=\"col-inner\"  >\n\t\t\t\n\t\t\t\n\n\t<div class=\"img has-hover circle x md-x lg-x y md-y lg-y\" id=\"image_983402152\">\n\t\t\t\t\t\t\t\t<div class=\"img-inner image-cover dark\" style=\"padding-top:700px;\">\n\t\t\t<img loading=\"lazy\" decoding=\"async\" width=\"1020\" height=\"668\" src=\"https:\/\/gst-sl.com\/wp-content\/uploads\/2023\/06\/header_trimble-1222x800-1.png\" class=\"attachment-large size-large\" alt=\"\" srcset=\"https:\/\/gst-sl.com\/wp-content\/uploads\/2023\/06\/header_trimble-1222x800-1.png 1222w, https:\/\/gst-sl.com\/wp-content\/uploads\/2023\/06\/header_trimble-1222x800-1-611x400.png 611w, https:\/\/gst-sl.com\/wp-content\/uploads\/2023\/06\/header_trimble-1222x800-1-768x503.png 768w, https:\/\/gst-sl.com\/wp-content\/uploads\/2023\/06\/header_trimble-1222x800-1-600x393.png 600w\" sizes=\"auto, (max-width: 1020px) 100vw, 1020px\" \/>\t\t\t\t\t\t\n\t\t\t\t\t<\/div>\n\t\t\t\t\t\t\t\t\n<style>\n#image_983402152 {\n  width: 100%;\n}\n@media (min-width:850px) {\n  #image_983402152 {\n    width: 100%;\n  }\n}\n<\/style>\n\t<\/div>\n\t\n\n\n\t\t<\/div>\n\t\t\t\t\t<\/div>\n\n\t\n\n<\/div>\n\n\t\t<\/div>\n\n\t\t\n<style>\n#section_746520930 {\n  padding-top: 20px;\n  padding-bottom: 20px;\n  background-color: rgba(46, 174, 50, 0.355);\n}\n@media (min-width:550px) {\n  #section_746520930 {\n    padding-top: 50px;\n    padding-bottom: 50px;\n  }\n}\n@media (min-width:850px) {\n  #section_746520930 {\n    padding-top: 70px;\n    padding-bottom: 70px;\n  }\n}\n<\/style>\n\t<\/section>\n\t\n\t<div id=\"gap-1275566652\" class=\"gap-element clearfix\" style=\"display:block; height:auto;\">\n\t\t\n<style>\n#gap-1275566652 {\n  padding-top: 80px;\n}\n<\/style>\n\t<\/div>\n\t\n\n\n","protected":false},"excerpt":{"rendered":"","protected":false},"author":2,"featured_media":0,"parent":0,"menu_order":0,"comment_status":"closed","ping_status":"closed","template":"","meta":{"footnotes":""},"class_list":["post-325","page","type-page","status-publish","hentry"],"yoast_head":"<!-- This site is optimized with the Yoast SEO plugin v27.4 - https:\/\/yoast.com\/product\/yoast-seo-wordpress\/ -->\n<title>POL\u00cdTICA DE CALIDAD - GST<\/title>\n<meta name=\"robots\" content=\"index, follow, max-snippet:-1, max-image-preview:large, max-video-preview:-1\" \/>\n<link rel=\"canonical\" href=\"https:\/\/gst-sl.com\/wp\/politica-de-calidad\/\" \/>\n<meta property=\"og:locale\" content=\"es_ES\" \/>\n<meta property=\"og:type\" content=\"article\" \/>\n<meta property=\"og:title\" content=\"POL\u00cdTICA DE CALIDAD - GST\" \/>\n<meta property=\"og:url\" content=\"https:\/\/gst-sl.com\/wp\/politica-de-calidad\/\" \/>\n<meta property=\"og:site_name\" content=\"GST\" \/>\n<meta property=\"article:modified_time\" content=\"2023-07-11T11:19:32+00:00\" \/>\n<meta property=\"og:image\" content=\"https:\/\/gst-sl.com\/wp-content\/uploads\/2023\/06\/logo_gst_2.png\" \/>\n\t<meta property=\"og:image:width\" content=\"597\" \/>\n\t<meta property=\"og:image:height\" content=\"232\" \/>\n\t<meta property=\"og:image:type\" content=\"image\/png\" \/>\n<meta name=\"twitter:card\" content=\"summary_large_image\" \/>\n<meta name=\"twitter:label1\" content=\"Tiempo de lectura\" \/>\n\t<meta name=\"twitter:data1\" content=\"1 minuto\" \/>\n<script type=\"application\/ld+json\" class=\"yoast-schema-graph\">{\"@context\":\"https:\\\/\\\/schema.org\",\"@graph\":[{\"@type\":\"WebPage\",\"@id\":\"https:\\\/\\\/gst-sl.com\\\/wp\\\/politica-de-calidad\\\/\",\"url\":\"https:\\\/\\\/gst-sl.com\\\/wp\\\/politica-de-calidad\\\/\",\"name\":\"POL\u00cdTICA DE CALIDAD - GST\",\"isPartOf\":{\"@id\":\"https:\\\/\\\/gst-sl.com\\\/wp\\\/#website\"},\"datePublished\":\"2023-06-13T15:09:06+00:00\",\"dateModified\":\"2023-07-11T11:19:32+00:00\",\"breadcrumb\":{\"@id\":\"https:\\\/\\\/gst-sl.com\\\/wp\\\/politica-de-calidad\\\/#breadcrumb\"},\"inLanguage\":\"es\",\"potentialAction\":[{\"@type\":\"ReadAction\",\"target\":[\"https:\\\/\\\/gst-sl.com\\\/wp\\\/politica-de-calidad\\\/\"]}]},{\"@type\":\"BreadcrumbList\",\"@id\":\"https:\\\/\\\/gst-sl.com\\\/wp\\\/politica-de-calidad\\\/#breadcrumb\",\"itemListElement\":[{\"@type\":\"ListItem\",\"position\":1,\"name\":\"Portada\",\"item\":\"https:\\\/\\\/gst-sl.com\\\/wp\\\/\"},{\"@type\":\"ListItem\",\"position\":2,\"name\":\"POL\u00cdTICA DE CALIDAD\"}]},{\"@type\":\"WebSite\",\"@id\":\"https:\\\/\\\/gst-sl.com\\\/wp\\\/#website\",\"url\":\"https:\\\/\\\/gst-sl.com\\\/wp\\\/\",\"name\":\"GST Gesti\u00f3n de Sistemas Topogr\u00e1ficos\",\"description\":\"GST - Gesti\u00f3n de Sistemas Topogr\u00e1ficos\",\"publisher\":{\"@id\":\"https:\\\/\\\/gst-sl.com\\\/wp\\\/#organization\"},\"alternateName\":\"GST\",\"potentialAction\":[{\"@type\":\"SearchAction\",\"target\":{\"@type\":\"EntryPoint\",\"urlTemplate\":\"https:\\\/\\\/gst-sl.com\\\/wp\\\/?s={search_term_string}\"},\"query-input\":{\"@type\":\"PropertyValueSpecification\",\"valueRequired\":true,\"valueName\":\"search_term_string\"}}],\"inLanguage\":\"es\"},{\"@type\":\"Organization\",\"@id\":\"https:\\\/\\\/gst-sl.com\\\/wp\\\/#organization\",\"name\":\"GST Gesti\u00f3n de Sistemas Topogr\u00e1ficos\",\"alternateName\":\"GST\",\"url\":\"https:\\\/\\\/gst-sl.com\\\/wp\\\/\",\"logo\":{\"@type\":\"ImageObject\",\"inLanguage\":\"es\",\"@id\":\"https:\\\/\\\/gst-sl.com\\\/wp\\\/#\\\/schema\\\/logo\\\/image\\\/\",\"url\":\"https:\\\/\\\/gst-sl.com\\\/wp\\\/wp-content\\\/uploads\\\/2023\\\/06\\\/logo_gst_2.png\",\"contentUrl\":\"https:\\\/\\\/gst-sl.com\\\/wp\\\/wp-content\\\/uploads\\\/2023\\\/06\\\/logo_gst_2.png\",\"width\":597,\"height\":232,\"caption\":\"GST Gesti\u00f3n de Sistemas Topogr\u00e1ficos\"},\"image\":{\"@id\":\"https:\\\/\\\/gst-sl.com\\\/wp\\\/#\\\/schema\\\/logo\\\/image\\\/\"}}]}<\/script>\n<!-- \/ Yoast SEO plugin. -->","yoast_head_json":{"title":"POL\u00cdTICA DE CALIDAD - GST","robots":{"index":"index","follow":"follow","max-snippet":"max-snippet:-1","max-image-preview":"max-image-preview:large","max-video-preview":"max-video-preview:-1"},"canonical":"https:\/\/gst-sl.com\/wp\/politica-de-calidad\/","og_locale":"es_ES","og_type":"article","og_title":"POL\u00cdTICA DE CALIDAD - GST","og_url":"https:\/\/gst-sl.com\/wp\/politica-de-calidad\/","og_site_name":"GST","article_modified_time":"2023-07-11T11:19:32+00:00","og_image":[{"width":597,"height":232,"url":"https:\/\/gst-sl.com\/wp-content\/uploads\/2023\/06\/logo_gst_2.png","type":"image\/png"}],"twitter_card":"summary_large_image","twitter_misc":{"Tiempo de lectura":"1 minuto"},"schema":{"@context":"https:\/\/schema.org","@graph":[{"@type":"WebPage","@id":"https:\/\/gst-sl.com\/wp\/politica-de-calidad\/","url":"https:\/\/gst-sl.com\/wp\/politica-de-calidad\/","name":"POL\u00cdTICA DE CALIDAD - GST","isPartOf":{"@id":"https:\/\/gst-sl.com\/wp\/#website"},"datePublished":"2023-06-13T15:09:06+00:00","dateModified":"2023-07-11T11:19:32+00:00","breadcrumb":{"@id":"https:\/\/gst-sl.com\/wp\/politica-de-calidad\/#breadcrumb"},"inLanguage":"es","potentialAction":[{"@type":"ReadAction","target":["https:\/\/gst-sl.com\/wp\/politica-de-calidad\/"]}]},{"@type":"BreadcrumbList","@id":"https:\/\/gst-sl.com\/wp\/politica-de-calidad\/#breadcrumb","itemListElement":[{"@type":"ListItem","position":1,"name":"Portada","item":"https:\/\/gst-sl.com\/wp\/"},{"@type":"ListItem","position":2,"name":"POL\u00cdTICA DE CALIDAD"}]},{"@type":"WebSite","@id":"https:\/\/gst-sl.com\/wp\/#website","url":"https:\/\/gst-sl.com\/wp\/","name":"GST Gesti\u00f3n de Sistemas Topogr\u00e1ficos","description":"GST - Gesti\u00f3n de Sistemas Topogr\u00e1ficos","publisher":{"@id":"https:\/\/gst-sl.com\/wp\/#organization"},"alternateName":"GST","potentialAction":[{"@type":"SearchAction","target":{"@type":"EntryPoint","urlTemplate":"https:\/\/gst-sl.com\/wp\/?s={search_term_string}"},"query-input":{"@type":"PropertyValueSpecification","valueRequired":true,"valueName":"search_term_string"}}],"inLanguage":"es"},{"@type":"Organization","@id":"https:\/\/gst-sl.com\/wp\/#organization","name":"GST Gesti\u00f3n de Sistemas Topogr\u00e1ficos","alternateName":"GST","url":"https:\/\/gst-sl.com\/wp\/","logo":{"@type":"ImageObject","inLanguage":"es","@id":"https:\/\/gst-sl.com\/wp\/#\/schema\/logo\/image\/","url":"https:\/\/gst-sl.com\/wp\/wp-content\/uploads\/2023\/06\/logo_gst_2.png","contentUrl":"https:\/\/gst-sl.com\/wp\/wp-content\/uploads\/2023\/06\/logo_gst_2.png","width":597,"height":232,"caption":"GST Gesti\u00f3n de Sistemas Topogr\u00e1ficos"},"image":{"@id":"https:\/\/gst-sl.com\/wp\/#\/schema\/logo\/image\/"}}]}},"_links":{"self":[{"href":"https:\/\/gst-sl.com\/wp\/wp-json\/wp\/v2\/pages\/325","targetHints":{"allow":["GET"]}}],"collection":[{"href":"https:\/\/gst-sl.com\/wp\/wp-json\/wp\/v2\/pages"}],"about":[{"href":"https:\/\/gst-sl.com\/wp\/wp-json\/wp\/v2\/types\/page"}],"author":[{"embeddable":true,"href":"https:\/\/gst-sl.com\/wp\/wp-json\/wp\/v2\/users\/2"}],"replies":[{"embeddable":true,"href":"https:\/\/gst-sl.com\/wp\/wp-json\/wp\/v2\/comments?post=325"}],"version-history":[{"count":2,"href":"https:\/\/gst-sl.com\/wp\/wp-json\/wp\/v2\/pages\/325\/revisions"}],"predecessor-version":[{"id":1696,"href":"https:\/\/gst-sl.com\/wp\/wp-json\/wp\/v2\/pages\/325\/revisions\/1696"}],"wp:attachment":[{"href":"https:\/\/gst-sl.com\/wp\/wp-json\/wp\/v2\/media?parent=325"}],"curies":[{"name":"wp","href":"https:\/\/api.w.org\/{rel}","templated":true}]}}