{"id":1314,"date":"2023-06-19T13:24:35","date_gmt":"2023-06-19T13:24:35","guid":{"rendered":"https:\/\/gst-sl.com\/wp\/?post_type=product&#038;p=1314"},"modified":"2023-06-19T13:24:36","modified_gmt":"2023-06-19T13:24:36","slug":"trimble-tsc3","status":"publish","type":"product","link":"https:\/\/gst-sl.com\/wp\/bwlm-shop\/controladoras-y-colectores\/controladores\/trimble-tsc3\/","title":{"rendered":"Trimble TSC3"},"content":{"rendered":"","protected":false},"excerpt":{"rendered":"<div class=\"product-short-description\">Optimice el flujo de trabajo en campo diario con este controlador totalmente integrado<\/p>\n<figure class=\"insight-figure\">\n<div class=\"insight-value text-style-objective heading-color\">\n<div class=\"insight-value text-style-objective heading-color\">\n<figure class=\"insight-figure\">\n<h4 class=\"insight-value text-style-objective heading-color\">Windows<\/h4><figcaption class=\"insight-label text-style-caption hint-color\">\n<h4>Sistema operativo<\/h4>\n<\/figcaption><\/figure>\n<div class=\"insight-value text-style-objective heading-color\">10.7 cm\/4.2\u2033<\/div>\n<h4 class=\"insight-figure\"><\/h4>\n<\/div>\n<\/div><figcaption class=\"insight-label text-style-caption hint-color\">Tama\u00f1o de pantalla<\/figcaption><div class=\"insight-value text-style-objective heading-color\">\n<h4 class=\"insight-figure\"><\/h4>\n<\/div>\n<\/figure>\n<hr \/>\n<h4>El controlador Trimble TSC3 con el software Trimble Access consiste en una innovadora soluci\u00f3n port\u00e1til para el c\u00e1lculo en el campo que simplifica el flujo del trabajo topogr\u00e1fico diario y el n\u00famero de dispositivos que se necesitan en el mismo. La pantalla de gran tama\u00f1o, luminosa y de alta resoluci\u00f3n permite un f\u00e1cil control del instrumento. Optimizado para el software de campo Trimble Access. C\u00e1mara, navegaci\u00f3n GPS y comunicaciones totalmente integradas. Asistencia y control mejorados a trav\u00e9s de una conectividad constante.<\/h4>\n<ul>\n<li class=\"bs\">\n<h4><span style=\"color: #ffffff;\"><a style=\"color: #ffffff;\" href=\"https:\/\/es-la.geospatial.trimble.com\/sites\/geospatial.trimble.com\/files\/2019-03\/Datasheet%20-%20Trimble%20TSC3%20Controller%20-%20Spanish%20-%20Screen.pdf\" target=\"_blank\" rel=\"noopener\">Hoja de datos Trimble TSC3<\/a><\/span><\/h4>\n<\/li>\n<li class=\"bs\">\n<h4><span style=\"color: #ffffff;\"><a style=\"color: #ffffff;\" href=\"https:\/\/forms.trimble.com\/globalTRLTAB.asp?nav=Collection-75304\" target=\"_blank\" rel=\"noopener\">Folleto de soluciones de campo de Trimble<\/a><\/span><\/h4>\n<\/li>\n<li class=\"bs\">\n<h4><span style=\"color: #ffffff;\"><a style=\"color: #ffffff;\" href=\"http:\/\/forms.trimble.com\/globalTRLTAB.asp?nav=Collection-75339\" target=\"_blank\" rel=\"noopener\">Asistencia t\u00e9cnica para TSC3<\/a><\/span><\/h4>\n<\/li>\n<li class=\"bs\">\n<h4><span style=\"color: #ffffff;\"><a style=\"color: #ffffff;\" href=\"http:\/\/forms.trimble.com\/globalTRLTAB.asp?nav=Collection-75340\" target=\"_blank\" rel=\"noopener\">Descargas de TSC3<\/a><\/span><\/h4>\n<\/li>\n<\/ul>\n<\/div>\n","protected":false},"featured_media":1315,"template":"","meta":[],"product_brand":[],"product_cat":[97],"product_tag":[],"class_list":{"0":"post-1314","1":"product","2":"type-product","3":"status-publish","4":"has-post-thumbnail","6":"product_cat-controladores","8":"first","9":"instock","10":"shipping-taxable","11":"product-type-simple"},"yoast_head":"<!-- This site is optimized with the Yoast SEO plugin v27.4 - https:\/\/yoast.com\/product\/yoast-seo-wordpress\/ -->\n<title>Trimble TSC3 - GST<\/title>\n<meta name=\"robots\" content=\"index, follow, max-snippet:-1, max-image-preview:large, max-video-preview:-1\" \/>\n<link rel=\"canonical\" href=\"https:\/\/gst-sl.com\/wp\/bwlm-shop\/controladoras-y-colectores\/controladores\/trimble-tsc3\/\" \/>\n<meta property=\"og:locale\" content=\"es_ES\" \/>\n<meta property=\"og:type\" content=\"article\" \/>\n<meta property=\"og:title\" content=\"Trimble TSC3 - GST\" \/>\n<meta property=\"og:description\" content=\"Optimice el flujo de trabajo en campo diario con este controlador totalmente integrado     Windows  Sistema operativo  10.7 cm\/4.2\u2033    Tama\u00f1o de pantalla       El controlador Trimble TSC3 con el software Trimble Access consiste en una innovadora soluci\u00f3n port\u00e1til para el c\u00e1lculo en el campo que simplifica el flujo del trabajo topogr\u00e1fico diario y el n\u00famero de dispositivos que se necesitan en el mismo. La pantalla de gran tama\u00f1o, luminosa y de alta resoluci\u00f3n permite un f\u00e1cil control del instrumento. Optimizado para el software de campo Trimble Access. C\u00e1mara, navegaci\u00f3n GPS y comunicaciones totalmente integradas. Asistencia y control mejorados a trav\u00e9s de una conectividad constante.    Hoja de datos Trimble TSC3    Folleto de soluciones de campo de Trimble    Asistencia t\u00e9cnica para TSC3    Descargas de TSC3\" \/>\n<meta property=\"og:url\" content=\"https:\/\/gst-sl.com\/wp\/bwlm-shop\/controladoras-y-colectores\/controladores\/trimble-tsc3\/\" \/>\n<meta property=\"og:site_name\" content=\"GST\" \/>\n<meta property=\"article:modified_time\" content=\"2023-06-19T13:24:36+00:00\" \/>\n<meta property=\"og:image\" content=\"https:\/\/gst-sl.com\/wp-content\/uploads\/2023\/06\/tsc3-1.png\" \/>\n\t<meta property=\"og:image:width\" content=\"425\" \/>\n\t<meta property=\"og:image:height\" content=\"425\" \/>\n\t<meta property=\"og:image:type\" content=\"image\/png\" \/>\n<meta name=\"twitter:card\" content=\"summary_large_image\" \/>\n<script type=\"application\/ld+json\" class=\"yoast-schema-graph\">{\"@context\":\"https:\\\/\\\/schema.org\",\"@graph\":[{\"@type\":\"WebPage\",\"@id\":\"https:\\\/\\\/gst-sl.com\\\/wp\\\/bwlm-shop\\\/controladoras-y-colectores\\\/controladores\\\/trimble-tsc3\\\/\",\"url\":\"https:\\\/\\\/gst-sl.com\\\/wp\\\/bwlm-shop\\\/controladoras-y-colectores\\\/controladores\\\/trimble-tsc3\\\/\",\"name\":\"Trimble TSC3 - GST\",\"isPartOf\":{\"@id\":\"https:\\\/\\\/gst-sl.com\\\/wp\\\/#website\"},\"primaryImageOfPage\":{\"@id\":\"https:\\\/\\\/gst-sl.com\\\/wp\\\/bwlm-shop\\\/controladoras-y-colectores\\\/controladores\\\/trimble-tsc3\\\/#primaryimage\"},\"image\":{\"@id\":\"https:\\\/\\\/gst-sl.com\\\/wp\\\/bwlm-shop\\\/controladoras-y-colectores\\\/controladores\\\/trimble-tsc3\\\/#primaryimage\"},\"thumbnailUrl\":\"https:\\\/\\\/gst-sl.com\\\/wp-content\\\/uploads\\\/2023\\\/06\\\/tsc3-1.png\",\"datePublished\":\"2023-06-19T13:24:35+00:00\",\"dateModified\":\"2023-06-19T13:24:36+00:00\",\"breadcrumb\":{\"@id\":\"https:\\\/\\\/gst-sl.com\\\/wp\\\/bwlm-shop\\\/controladoras-y-colectores\\\/controladores\\\/trimble-tsc3\\\/#breadcrumb\"},\"inLanguage\":\"es\",\"potentialAction\":[{\"@type\":\"ReadAction\",\"target\":[\"https:\\\/\\\/gst-sl.com\\\/wp\\\/bwlm-shop\\\/controladoras-y-colectores\\\/controladores\\\/trimble-tsc3\\\/\"]}]},{\"@type\":\"ImageObject\",\"inLanguage\":\"es\",\"@id\":\"https:\\\/\\\/gst-sl.com\\\/wp\\\/bwlm-shop\\\/controladoras-y-colectores\\\/controladores\\\/trimble-tsc3\\\/#primaryimage\",\"url\":\"https:\\\/\\\/gst-sl.com\\\/wp-content\\\/uploads\\\/2023\\\/06\\\/tsc3-1.png\",\"contentUrl\":\"https:\\\/\\\/gst-sl.com\\\/wp-content\\\/uploads\\\/2023\\\/06\\\/tsc3-1.png\",\"width\":425,\"height\":425},{\"@type\":\"BreadcrumbList\",\"@id\":\"https:\\\/\\\/gst-sl.com\\\/wp\\\/bwlm-shop\\\/controladoras-y-colectores\\\/controladores\\\/trimble-tsc3\\\/#breadcrumb\",\"itemListElement\":[{\"@type\":\"ListItem\",\"position\":1,\"name\":\"Portada\",\"item\":\"https:\\\/\\\/gst-sl.com\\\/wp\\\/\"},{\"@type\":\"ListItem\",\"position\":2,\"name\":\"PRODUCTOS\",\"item\":\"https:\\\/\\\/gst-sl.com\\\/wp\\\/productos\\\/\"},{\"@type\":\"ListItem\",\"position\":3,\"name\":\"Trimble TSC3\"}]},{\"@type\":\"WebSite\",\"@id\":\"https:\\\/\\\/gst-sl.com\\\/wp\\\/#website\",\"url\":\"https:\\\/\\\/gst-sl.com\\\/wp\\\/\",\"name\":\"GST Gesti\u00f3n de Sistemas Topogr\u00e1ficos\",\"description\":\"GST - Gesti\u00f3n de Sistemas Topogr\u00e1ficos\",\"publisher\":{\"@id\":\"https:\\\/\\\/gst-sl.com\\\/wp\\\/#organization\"},\"alternateName\":\"GST\",\"potentialAction\":[{\"@type\":\"SearchAction\",\"target\":{\"@type\":\"EntryPoint\",\"urlTemplate\":\"https:\\\/\\\/gst-sl.com\\\/wp\\\/?s={search_term_string}\"},\"query-input\":{\"@type\":\"PropertyValueSpecification\",\"valueRequired\":true,\"valueName\":\"search_term_string\"}}],\"inLanguage\":\"es\"},{\"@type\":\"Organization\",\"@id\":\"https:\\\/\\\/gst-sl.com\\\/wp\\\/#organization\",\"name\":\"GST Gesti\u00f3n de Sistemas Topogr\u00e1ficos\",\"alternateName\":\"GST\",\"url\":\"https:\\\/\\\/gst-sl.com\\\/wp\\\/\",\"logo\":{\"@type\":\"ImageObject\",\"inLanguage\":\"es\",\"@id\":\"https:\\\/\\\/gst-sl.com\\\/wp\\\/#\\\/schema\\\/logo\\\/image\\\/\",\"url\":\"https:\\\/\\\/gst-sl.com\\\/wp\\\/wp-content\\\/uploads\\\/2023\\\/06\\\/logo_gst_2.png\",\"contentUrl\":\"https:\\\/\\\/gst-sl.com\\\/wp\\\/wp-content\\\/uploads\\\/2023\\\/06\\\/logo_gst_2.png\",\"width\":597,\"height\":232,\"caption\":\"GST Gesti\u00f3n de Sistemas Topogr\u00e1ficos\"},\"image\":{\"@id\":\"https:\\\/\\\/gst-sl.com\\\/wp\\\/#\\\/schema\\\/logo\\\/image\\\/\"}}]}<\/script>\n<!-- \/ Yoast SEO plugin. -->","yoast_head_json":{"title":"Trimble TSC3 - GST","robots":{"index":"index","follow":"follow","max-snippet":"max-snippet:-1","max-image-preview":"max-image-preview:large","max-video-preview":"max-video-preview:-1"},"canonical":"https:\/\/gst-sl.com\/wp\/bwlm-shop\/controladoras-y-colectores\/controladores\/trimble-tsc3\/","og_locale":"es_ES","og_type":"article","og_title":"Trimble TSC3 - GST","og_description":"Optimice el flujo de trabajo en campo diario con este controlador totalmente integrado     Windows  Sistema operativo  10.7 cm\/4.2\u2033    Tama\u00f1o de pantalla       El controlador Trimble TSC3 con el software Trimble Access consiste en una innovadora soluci\u00f3n port\u00e1til para el c\u00e1lculo en el campo que simplifica el flujo del trabajo topogr\u00e1fico diario y el n\u00famero de dispositivos que se necesitan en el mismo. La pantalla de gran tama\u00f1o, luminosa y de alta resoluci\u00f3n permite un f\u00e1cil control del instrumento. Optimizado para el software de campo Trimble Access. C\u00e1mara, navegaci\u00f3n GPS y comunicaciones totalmente integradas. Asistencia y control mejorados a trav\u00e9s de una conectividad constante.    Hoja de datos Trimble TSC3    Folleto de soluciones de campo de Trimble    Asistencia t\u00e9cnica para TSC3    Descargas de TSC3","og_url":"https:\/\/gst-sl.com\/wp\/bwlm-shop\/controladoras-y-colectores\/controladores\/trimble-tsc3\/","og_site_name":"GST","article_modified_time":"2023-06-19T13:24:36+00:00","og_image":[{"width":425,"height":425,"url":"https:\/\/gst-sl.com\/wp-content\/uploads\/2023\/06\/tsc3-1.png","type":"image\/png"}],"twitter_card":"summary_large_image","schema":{"@context":"https:\/\/schema.org","@graph":[{"@type":"WebPage","@id":"https:\/\/gst-sl.com\/wp\/bwlm-shop\/controladoras-y-colectores\/controladores\/trimble-tsc3\/","url":"https:\/\/gst-sl.com\/wp\/bwlm-shop\/controladoras-y-colectores\/controladores\/trimble-tsc3\/","name":"Trimble TSC3 - GST","isPartOf":{"@id":"https:\/\/gst-sl.com\/wp\/#website"},"primaryImageOfPage":{"@id":"https:\/\/gst-sl.com\/wp\/bwlm-shop\/controladoras-y-colectores\/controladores\/trimble-tsc3\/#primaryimage"},"image":{"@id":"https:\/\/gst-sl.com\/wp\/bwlm-shop\/controladoras-y-colectores\/controladores\/trimble-tsc3\/#primaryimage"},"thumbnailUrl":"https:\/\/gst-sl.com\/wp-content\/uploads\/2023\/06\/tsc3-1.png","datePublished":"2023-06-19T13:24:35+00:00","dateModified":"2023-06-19T13:24:36+00:00","breadcrumb":{"@id":"https:\/\/gst-sl.com\/wp\/bwlm-shop\/controladoras-y-colectores\/controladores\/trimble-tsc3\/#breadcrumb"},"inLanguage":"es","potentialAction":[{"@type":"ReadAction","target":["https:\/\/gst-sl.com\/wp\/bwlm-shop\/controladoras-y-colectores\/controladores\/trimble-tsc3\/"]}]},{"@type":"ImageObject","inLanguage":"es","@id":"https:\/\/gst-sl.com\/wp\/bwlm-shop\/controladoras-y-colectores\/controladores\/trimble-tsc3\/#primaryimage","url":"https:\/\/gst-sl.com\/wp-content\/uploads\/2023\/06\/tsc3-1.png","contentUrl":"https:\/\/gst-sl.com\/wp-content\/uploads\/2023\/06\/tsc3-1.png","width":425,"height":425},{"@type":"BreadcrumbList","@id":"https:\/\/gst-sl.com\/wp\/bwlm-shop\/controladoras-y-colectores\/controladores\/trimble-tsc3\/#breadcrumb","itemListElement":[{"@type":"ListItem","position":1,"name":"Portada","item":"https:\/\/gst-sl.com\/wp\/"},{"@type":"ListItem","position":2,"name":"PRODUCTOS","item":"https:\/\/gst-sl.com\/wp\/productos\/"},{"@type":"ListItem","position":3,"name":"Trimble TSC3"}]},{"@type":"WebSite","@id":"https:\/\/gst-sl.com\/wp\/#website","url":"https:\/\/gst-sl.com\/wp\/","name":"GST Gesti\u00f3n de Sistemas Topogr\u00e1ficos","description":"GST - Gesti\u00f3n de Sistemas Topogr\u00e1ficos","publisher":{"@id":"https:\/\/gst-sl.com\/wp\/#organization"},"alternateName":"GST","potentialAction":[{"@type":"SearchAction","target":{"@type":"EntryPoint","urlTemplate":"https:\/\/gst-sl.com\/wp\/?s={search_term_string}"},"query-input":{"@type":"PropertyValueSpecification","valueRequired":true,"valueName":"search_term_string"}}],"inLanguage":"es"},{"@type":"Organization","@id":"https:\/\/gst-sl.com\/wp\/#organization","name":"GST Gesti\u00f3n de Sistemas Topogr\u00e1ficos","alternateName":"GST","url":"https:\/\/gst-sl.com\/wp\/","logo":{"@type":"ImageObject","inLanguage":"es","@id":"https:\/\/gst-sl.com\/wp\/#\/schema\/logo\/image\/","url":"https:\/\/gst-sl.com\/wp\/wp-content\/uploads\/2023\/06\/logo_gst_2.png","contentUrl":"https:\/\/gst-sl.com\/wp\/wp-content\/uploads\/2023\/06\/logo_gst_2.png","width":597,"height":232,"caption":"GST Gesti\u00f3n de Sistemas Topogr\u00e1ficos"},"image":{"@id":"https:\/\/gst-sl.com\/wp\/#\/schema\/logo\/image\/"}}]}},"_links":{"self":[{"href":"https:\/\/gst-sl.com\/wp\/wp-json\/wp\/v2\/product\/1314","targetHints":{"allow":["GET"]}}],"collection":[{"href":"https:\/\/gst-sl.com\/wp\/wp-json\/wp\/v2\/product"}],"about":[{"href":"https:\/\/gst-sl.com\/wp\/wp-json\/wp\/v2\/types\/product"}],"wp:featuredmedia":[{"embeddable":true,"href":"https:\/\/gst-sl.com\/wp\/wp-json\/wp\/v2\/media\/1315"}],"wp:attachment":[{"href":"https:\/\/gst-sl.com\/wp\/wp-json\/wp\/v2\/media?parent=1314"}],"wp:term":[{"taxonomy":"product_brand","embeddable":true,"href":"https:\/\/gst-sl.com\/wp\/wp-json\/wp\/v2\/product_brand?post=1314"},{"taxonomy":"product_cat","embeddable":true,"href":"https:\/\/gst-sl.com\/wp\/wp-json\/wp\/v2\/product_cat?post=1314"},{"taxonomy":"product_tag","embeddable":true,"href":"https:\/\/gst-sl.com\/wp\/wp-json\/wp\/v2\/product_tag?post=1314"}],"curies":[{"name":"wp","href":"https:\/\/api.w.org\/{rel}","templated":true}]}}