{"id":1323,"date":"2023-06-19T13:29:24","date_gmt":"2023-06-19T13:29:24","guid":{"rendered":"https:\/\/gst-sl.com\/wp\/?post_type=product&#038;p=1323"},"modified":"2023-06-19T13:29:24","modified_gmt":"2023-06-19T13:29:24","slug":"trimble-tcu3","status":"publish","type":"product","link":"https:\/\/gst-sl.com\/wp\/bwlm-shop\/controladoras-y-colectores\/controladores\/trimble-tcu3\/","title":{"rendered":"Trimble TCU3"},"content":{"rendered":"","protected":false},"excerpt":{"rendered":"<div class=\"product-short-description\">\n<h3>Construida para la forma en que usted trabaja<\/h3>\n<figure class=\"insight-figure\">\n<div class=\"insight-value text-style-objective heading-color\">\n<div class=\"insight-value text-style-objective heading-color\">\n<figure class=\"insight-figure\">\n<h4 class=\"insight-value text-style-objective heading-color\">Windows Embedded CE 6.0 R3<\/h4><figcaption class=\"insight-label text-style-caption hint-color\">\n<h4>Sistema operativo<\/h4>\n<\/figcaption><\/figure>\n<div class=\"insight-value text-style-objective heading-color\">8.9 cm\/3.5\u2033<\/div>\n<h4 class=\"insight-figure\"><\/h4>\n<\/div>\n<\/div><figcaption class=\"insight-label text-style-caption hint-color\">Tama\u00f1o de pantalla<\/figcaption><div class=\"insight-value text-style-objective heading-color\">\n<h4 class=\"insight-figure\"><\/h4>\n<\/div>\n<\/figure>\n<hr \/>\n<h4>El controlador Trimble TCU3 es una unidad de control pensada para combinar los sistemas topogr\u00e1ficos \u00f3pticos y GNSS de Trimble. Tenga las manos libres mientras trabaja detr\u00e1s del instrumento. El controlador Trimble\u00ae CU es una unidad de control desmontable que ha sido dise\u00f1ada para combinar sistemas topogr\u00e1ficos \u00f3pticos y GNSS de Trimble. En el sistema operativo Windows\u00ae Embedded CE 6.0 R3, el controlador Trimble CU ejecuta su selecci\u00f3n del software de campo Trimble, adem\u00e1s de otro software especializado de Windows seg\u00fan se necesite.<\/h4>\n<ul>\n<li class=\"bs\">\n<h4><span style=\"color: #ffffff;\"><a style=\"color: #ffffff;\" href=\"https:\/\/es-la.geospatial.trimble.com\/sites\/geospatial.trimble.com\/files\/2019-03\/Datasheet%20-%20Trimble%20CU%20Controller%20-%20Spanish%20-%20Screen_0.pdf\" target=\"_blank\" rel=\"noopener\">Hoja de datos Trimble TCU3<\/a><\/span><\/h4>\n<\/li>\n<li class=\"bs\">\n<h4><span style=\"color: #ffffff;\"><a style=\"color: #ffffff;\" href=\"http:\/\/forms.trimble.com\/globalTRLTAB.asp?nav=Collection-79085\" target=\"_blank\" rel=\"noopener\">Descargas: TCU<\/a><\/span><\/h4>\n<\/li>\n<\/ul>\n<\/div>\n","protected":false},"featured_media":1324,"template":"","meta":[],"product_brand":[],"product_cat":[97],"product_tag":[],"class_list":{"0":"post-1323","1":"product","2":"type-product","3":"status-publish","4":"has-post-thumbnail","6":"product_cat-controladores","8":"first","9":"instock","10":"shipping-taxable","11":"product-type-simple"},"yoast_head":"<!-- This site is optimized with the Yoast SEO plugin v27.4 - https:\/\/yoast.com\/product\/yoast-seo-wordpress\/ -->\n<title>Trimble TCU3 - GST<\/title>\n<meta name=\"robots\" content=\"index, follow, max-snippet:-1, max-image-preview:large, max-video-preview:-1\" \/>\n<link rel=\"canonical\" href=\"https:\/\/gst-sl.com\/wp\/bwlm-shop\/controladoras-y-colectores\/controladores\/trimble-tcu3\/\" \/>\n<meta property=\"og:locale\" content=\"es_ES\" \/>\n<meta property=\"og:type\" content=\"article\" \/>\n<meta property=\"og:title\" content=\"Trimble TCU3 - GST\" \/>\n<meta property=\"og:description\" content=\"Construida para la forma en que usted trabaja     Windows Embedded CE 6.0 R3  Sistema operativo  8.9 cm\/3.5\u2033    Tama\u00f1o de pantalla       El controlador Trimble TCU3 es una unidad de control pensada para combinar los sistemas topogr\u00e1ficos \u00f3pticos y GNSS de Trimble. Tenga las manos libres mientras trabaja detr\u00e1s del instrumento. El controlador Trimble\u00ae CU es una unidad de control desmontable que ha sido dise\u00f1ada para combinar sistemas topogr\u00e1ficos \u00f3pticos y GNSS de Trimble. En el sistema operativo Windows\u00ae Embedded CE 6.0 R3, el controlador Trimble CU ejecuta su selecci\u00f3n del software de campo Trimble, adem\u00e1s de otro software especializado de Windows seg\u00fan se necesite.    Hoja de datos Trimble TCU3    Descargas: TCU\" \/>\n<meta property=\"og:url\" content=\"https:\/\/gst-sl.com\/wp\/bwlm-shop\/controladoras-y-colectores\/controladores\/trimble-tcu3\/\" \/>\n<meta property=\"og:site_name\" content=\"GST\" \/>\n<meta property=\"og:image\" content=\"https:\/\/gst-sl.com\/wp-content\/uploads\/2023\/06\/tcu3.png\" \/>\n\t<meta property=\"og:image:width\" content=\"425\" \/>\n\t<meta property=\"og:image:height\" content=\"425\" \/>\n\t<meta property=\"og:image:type\" content=\"image\/png\" \/>\n<meta name=\"twitter:card\" content=\"summary_large_image\" \/>\n<script type=\"application\/ld+json\" class=\"yoast-schema-graph\">{\"@context\":\"https:\\\/\\\/schema.org\",\"@graph\":[{\"@type\":\"WebPage\",\"@id\":\"https:\\\/\\\/gst-sl.com\\\/wp\\\/bwlm-shop\\\/controladoras-y-colectores\\\/controladores\\\/trimble-tcu3\\\/\",\"url\":\"https:\\\/\\\/gst-sl.com\\\/wp\\\/bwlm-shop\\\/controladoras-y-colectores\\\/controladores\\\/trimble-tcu3\\\/\",\"name\":\"Trimble TCU3 - GST\",\"isPartOf\":{\"@id\":\"https:\\\/\\\/gst-sl.com\\\/wp\\\/#website\"},\"primaryImageOfPage\":{\"@id\":\"https:\\\/\\\/gst-sl.com\\\/wp\\\/bwlm-shop\\\/controladoras-y-colectores\\\/controladores\\\/trimble-tcu3\\\/#primaryimage\"},\"image\":{\"@id\":\"https:\\\/\\\/gst-sl.com\\\/wp\\\/bwlm-shop\\\/controladoras-y-colectores\\\/controladores\\\/trimble-tcu3\\\/#primaryimage\"},\"thumbnailUrl\":\"https:\\\/\\\/gst-sl.com\\\/wp-content\\\/uploads\\\/2023\\\/06\\\/tcu3.png\",\"datePublished\":\"2023-06-19T13:29:24+00:00\",\"breadcrumb\":{\"@id\":\"https:\\\/\\\/gst-sl.com\\\/wp\\\/bwlm-shop\\\/controladoras-y-colectores\\\/controladores\\\/trimble-tcu3\\\/#breadcrumb\"},\"inLanguage\":\"es\",\"potentialAction\":[{\"@type\":\"ReadAction\",\"target\":[\"https:\\\/\\\/gst-sl.com\\\/wp\\\/bwlm-shop\\\/controladoras-y-colectores\\\/controladores\\\/trimble-tcu3\\\/\"]}]},{\"@type\":\"ImageObject\",\"inLanguage\":\"es\",\"@id\":\"https:\\\/\\\/gst-sl.com\\\/wp\\\/bwlm-shop\\\/controladoras-y-colectores\\\/controladores\\\/trimble-tcu3\\\/#primaryimage\",\"url\":\"https:\\\/\\\/gst-sl.com\\\/wp-content\\\/uploads\\\/2023\\\/06\\\/tcu3.png\",\"contentUrl\":\"https:\\\/\\\/gst-sl.com\\\/wp-content\\\/uploads\\\/2023\\\/06\\\/tcu3.png\",\"width\":425,\"height\":425},{\"@type\":\"BreadcrumbList\",\"@id\":\"https:\\\/\\\/gst-sl.com\\\/wp\\\/bwlm-shop\\\/controladoras-y-colectores\\\/controladores\\\/trimble-tcu3\\\/#breadcrumb\",\"itemListElement\":[{\"@type\":\"ListItem\",\"position\":1,\"name\":\"Portada\",\"item\":\"https:\\\/\\\/gst-sl.com\\\/wp\\\/\"},{\"@type\":\"ListItem\",\"position\":2,\"name\":\"PRODUCTOS\",\"item\":\"https:\\\/\\\/gst-sl.com\\\/wp\\\/productos\\\/\"},{\"@type\":\"ListItem\",\"position\":3,\"name\":\"Trimble TCU3\"}]},{\"@type\":\"WebSite\",\"@id\":\"https:\\\/\\\/gst-sl.com\\\/wp\\\/#website\",\"url\":\"https:\\\/\\\/gst-sl.com\\\/wp\\\/\",\"name\":\"GST Gesti\u00f3n de Sistemas Topogr\u00e1ficos\",\"description\":\"GST - Gesti\u00f3n de Sistemas Topogr\u00e1ficos\",\"publisher\":{\"@id\":\"https:\\\/\\\/gst-sl.com\\\/wp\\\/#organization\"},\"alternateName\":\"GST\",\"potentialAction\":[{\"@type\":\"SearchAction\",\"target\":{\"@type\":\"EntryPoint\",\"urlTemplate\":\"https:\\\/\\\/gst-sl.com\\\/wp\\\/?s={search_term_string}\"},\"query-input\":{\"@type\":\"PropertyValueSpecification\",\"valueRequired\":true,\"valueName\":\"search_term_string\"}}],\"inLanguage\":\"es\"},{\"@type\":\"Organization\",\"@id\":\"https:\\\/\\\/gst-sl.com\\\/wp\\\/#organization\",\"name\":\"GST Gesti\u00f3n de Sistemas Topogr\u00e1ficos\",\"alternateName\":\"GST\",\"url\":\"https:\\\/\\\/gst-sl.com\\\/wp\\\/\",\"logo\":{\"@type\":\"ImageObject\",\"inLanguage\":\"es\",\"@id\":\"https:\\\/\\\/gst-sl.com\\\/wp\\\/#\\\/schema\\\/logo\\\/image\\\/\",\"url\":\"https:\\\/\\\/gst-sl.com\\\/wp\\\/wp-content\\\/uploads\\\/2023\\\/06\\\/logo_gst_2.png\",\"contentUrl\":\"https:\\\/\\\/gst-sl.com\\\/wp\\\/wp-content\\\/uploads\\\/2023\\\/06\\\/logo_gst_2.png\",\"width\":597,\"height\":232,\"caption\":\"GST Gesti\u00f3n de Sistemas Topogr\u00e1ficos\"},\"image\":{\"@id\":\"https:\\\/\\\/gst-sl.com\\\/wp\\\/#\\\/schema\\\/logo\\\/image\\\/\"}}]}<\/script>\n<!-- \/ Yoast SEO plugin. -->","yoast_head_json":{"title":"Trimble TCU3 - GST","robots":{"index":"index","follow":"follow","max-snippet":"max-snippet:-1","max-image-preview":"max-image-preview:large","max-video-preview":"max-video-preview:-1"},"canonical":"https:\/\/gst-sl.com\/wp\/bwlm-shop\/controladoras-y-colectores\/controladores\/trimble-tcu3\/","og_locale":"es_ES","og_type":"article","og_title":"Trimble TCU3 - GST","og_description":"Construida para la forma en que usted trabaja     Windows Embedded CE 6.0 R3  Sistema operativo  8.9 cm\/3.5\u2033    Tama\u00f1o de pantalla       El controlador Trimble TCU3 es una unidad de control pensada para combinar los sistemas topogr\u00e1ficos \u00f3pticos y GNSS de Trimble. Tenga las manos libres mientras trabaja detr\u00e1s del instrumento. El controlador Trimble\u00ae CU es una unidad de control desmontable que ha sido dise\u00f1ada para combinar sistemas topogr\u00e1ficos \u00f3pticos y GNSS de Trimble. En el sistema operativo Windows\u00ae Embedded CE 6.0 R3, el controlador Trimble CU ejecuta su selecci\u00f3n del software de campo Trimble, adem\u00e1s de otro software especializado de Windows seg\u00fan se necesite.    Hoja de datos Trimble TCU3    Descargas: TCU","og_url":"https:\/\/gst-sl.com\/wp\/bwlm-shop\/controladoras-y-colectores\/controladores\/trimble-tcu3\/","og_site_name":"GST","og_image":[{"width":425,"height":425,"url":"https:\/\/gst-sl.com\/wp-content\/uploads\/2023\/06\/tcu3.png","type":"image\/png"}],"twitter_card":"summary_large_image","schema":{"@context":"https:\/\/schema.org","@graph":[{"@type":"WebPage","@id":"https:\/\/gst-sl.com\/wp\/bwlm-shop\/controladoras-y-colectores\/controladores\/trimble-tcu3\/","url":"https:\/\/gst-sl.com\/wp\/bwlm-shop\/controladoras-y-colectores\/controladores\/trimble-tcu3\/","name":"Trimble TCU3 - GST","isPartOf":{"@id":"https:\/\/gst-sl.com\/wp\/#website"},"primaryImageOfPage":{"@id":"https:\/\/gst-sl.com\/wp\/bwlm-shop\/controladoras-y-colectores\/controladores\/trimble-tcu3\/#primaryimage"},"image":{"@id":"https:\/\/gst-sl.com\/wp\/bwlm-shop\/controladoras-y-colectores\/controladores\/trimble-tcu3\/#primaryimage"},"thumbnailUrl":"https:\/\/gst-sl.com\/wp-content\/uploads\/2023\/06\/tcu3.png","datePublished":"2023-06-19T13:29:24+00:00","breadcrumb":{"@id":"https:\/\/gst-sl.com\/wp\/bwlm-shop\/controladoras-y-colectores\/controladores\/trimble-tcu3\/#breadcrumb"},"inLanguage":"es","potentialAction":[{"@type":"ReadAction","target":["https:\/\/gst-sl.com\/wp\/bwlm-shop\/controladoras-y-colectores\/controladores\/trimble-tcu3\/"]}]},{"@type":"ImageObject","inLanguage":"es","@id":"https:\/\/gst-sl.com\/wp\/bwlm-shop\/controladoras-y-colectores\/controladores\/trimble-tcu3\/#primaryimage","url":"https:\/\/gst-sl.com\/wp-content\/uploads\/2023\/06\/tcu3.png","contentUrl":"https:\/\/gst-sl.com\/wp-content\/uploads\/2023\/06\/tcu3.png","width":425,"height":425},{"@type":"BreadcrumbList","@id":"https:\/\/gst-sl.com\/wp\/bwlm-shop\/controladoras-y-colectores\/controladores\/trimble-tcu3\/#breadcrumb","itemListElement":[{"@type":"ListItem","position":1,"name":"Portada","item":"https:\/\/gst-sl.com\/wp\/"},{"@type":"ListItem","position":2,"name":"PRODUCTOS","item":"https:\/\/gst-sl.com\/wp\/productos\/"},{"@type":"ListItem","position":3,"name":"Trimble TCU3"}]},{"@type":"WebSite","@id":"https:\/\/gst-sl.com\/wp\/#website","url":"https:\/\/gst-sl.com\/wp\/","name":"GST Gesti\u00f3n de Sistemas Topogr\u00e1ficos","description":"GST - Gesti\u00f3n de Sistemas Topogr\u00e1ficos","publisher":{"@id":"https:\/\/gst-sl.com\/wp\/#organization"},"alternateName":"GST","potentialAction":[{"@type":"SearchAction","target":{"@type":"EntryPoint","urlTemplate":"https:\/\/gst-sl.com\/wp\/?s={search_term_string}"},"query-input":{"@type":"PropertyValueSpecification","valueRequired":true,"valueName":"search_term_string"}}],"inLanguage":"es"},{"@type":"Organization","@id":"https:\/\/gst-sl.com\/wp\/#organization","name":"GST Gesti\u00f3n de Sistemas Topogr\u00e1ficos","alternateName":"GST","url":"https:\/\/gst-sl.com\/wp\/","logo":{"@type":"ImageObject","inLanguage":"es","@id":"https:\/\/gst-sl.com\/wp\/#\/schema\/logo\/image\/","url":"https:\/\/gst-sl.com\/wp\/wp-content\/uploads\/2023\/06\/logo_gst_2.png","contentUrl":"https:\/\/gst-sl.com\/wp\/wp-content\/uploads\/2023\/06\/logo_gst_2.png","width":597,"height":232,"caption":"GST Gesti\u00f3n de Sistemas Topogr\u00e1ficos"},"image":{"@id":"https:\/\/gst-sl.com\/wp\/#\/schema\/logo\/image\/"}}]}},"_links":{"self":[{"href":"https:\/\/gst-sl.com\/wp\/wp-json\/wp\/v2\/product\/1323","targetHints":{"allow":["GET"]}}],"collection":[{"href":"https:\/\/gst-sl.com\/wp\/wp-json\/wp\/v2\/product"}],"about":[{"href":"https:\/\/gst-sl.com\/wp\/wp-json\/wp\/v2\/types\/product"}],"wp:featuredmedia":[{"embeddable":true,"href":"https:\/\/gst-sl.com\/wp\/wp-json\/wp\/v2\/media\/1324"}],"wp:attachment":[{"href":"https:\/\/gst-sl.com\/wp\/wp-json\/wp\/v2\/media?parent=1323"}],"wp:term":[{"taxonomy":"product_brand","embeddable":true,"href":"https:\/\/gst-sl.com\/wp\/wp-json\/wp\/v2\/product_brand?post=1323"},{"taxonomy":"product_cat","embeddable":true,"href":"https:\/\/gst-sl.com\/wp\/wp-json\/wp\/v2\/product_cat?post=1323"},{"taxonomy":"product_tag","embeddable":true,"href":"https:\/\/gst-sl.com\/wp\/wp-json\/wp\/v2\/product_tag?post=1323"}],"curies":[{"name":"wp","href":"https:\/\/api.w.org\/{rel}","templated":true}]}}