{"id":1338,"date":"2023-06-19T13:36:47","date_gmt":"2023-06-19T13:36:47","guid":{"rendered":"https:\/\/gst-sl.com\/wp\/?post_type=product&#038;p=1338"},"modified":"2023-06-19T13:36:47","modified_gmt":"2023-06-19T13:36:47","slug":"trimble-t100","status":"publish","type":"product","link":"https:\/\/gst-sl.com\/wp\/bwlm-shop\/controladoras-y-colectores\/tabletas\/trimble-t100\/","title":{"rendered":"Trimble T100"},"content":{"rendered":"","protected":false},"excerpt":{"rendered":"<div class=\"product-short-description\">\n<h4>Trimble T100 es la tableta de alto rendimiento m\u00e1s moderna de Trimble. Con un dise\u00f1o robusto, elegante y una pantalla t\u00e1ctil de 10 pulgadas, podr\u00e1 leer bajo cualquier condici\u00f3n.<br \/>\n\u00a1La tableta T100 puede con todo lo que le toque cada d\u00eda!<br \/>\nTanto apoyada en un jal\u00f3n como usada sin soporte, la T100 ha sido dise\u00f1ada para ser c\u00f3moda y port\u00e1til, permiti\u00e9ndole trabajar mientras se desplaza, incluso en las jornadas de campo m\u00e1s largas y exigentes.<br \/>\nYa se encuentre en la parte m\u00e1s densa de un bosque, o en una intersecci\u00f3n concurrida, la T100 es la herramienta adecuada para su trabajo.<br \/>\nCuenta con un sistema de gesti\u00f3n de alimentaci\u00f3n l\u00edder de la industria y una bater\u00eda interna de gran capacidad que combinada con su r\u00e1pida capacidad de carga aumenta la productividad y reduce el tiempo de inactividad.<br \/>\nY no deje que su elegante dise\u00f1o le enga\u00f1e, la T100 est\u00e1 repleta de prestaciones inteligentes.<br \/>\nLos m\u00f3dulos EMPOWER ampliables, los ajustes de rendimiento configurables por el usuario y sus impresionantes especificaciones medioambientales IP\u201165, la convierten en una herramienta inigualable para todas sus necesidades en topograf\u00eda, cartograf\u00eda y GIS.<\/h4>\n<ul>\n<li class=\"bs\">\n<h4><span style=\"color: #ffffff;\"><a style=\"color: #ffffff;\" href=\"https:\/\/es-la.geospatial.trimble.com\/sites\/geospatial.trimble.com\/files\/2021-03\/Datasheet%20-%20Trimble%20T100%20Tablet%20-%20Spanish%20-%20Screen.pdf\" target=\"_blank\" rel=\"noopener\">Hoja de datos Trimble T100<\/a><\/span><\/h4>\n<\/li>\n<li class=\"bs\">\n<h4><span style=\"color: #ffffff;\"><a style=\"color: #ffffff;\" href=\"https:\/\/trl.trimble.com\/dscgi\/ds.py\/Get\/File-970260\/Sales%20sheet%20-%20Trimble%20T100%20Tablet%20-%20Spanish%20(Lat%20Am)%20-%20Screen.pdf\" target=\"_blank\" rel=\"noopener\">Hoja de ventas Trimble T100<\/a><\/span><\/h4>\n<\/li>\n<li class=\"bs\">\n<h4><span style=\"color: #ffffff;\"><a style=\"color: #ffffff;\" href=\"https:\/\/es-la.geospatial.trimble.com\/products-and-solutions\/trimble-empower\" target=\"_blank\" rel=\"noopener\">Trimble Empower Modules<\/a><\/span><\/h4>\n<\/li>\n<\/ul>\n<\/div>\n","protected":false},"featured_media":1339,"template":"","meta":[],"product_brand":[],"product_cat":[98],"product_tag":[],"class_list":{"0":"post-1338","1":"product","2":"type-product","3":"status-publish","4":"has-post-thumbnail","6":"product_cat-tabletas","8":"first","9":"instock","10":"shipping-taxable","11":"product-type-simple"},"yoast_head":"<!-- This site is optimized with the Yoast SEO plugin v26.5 - https:\/\/yoast.com\/wordpress\/plugins\/seo\/ -->\n<title>Trimble T100 - GST<\/title>\n<meta name=\"robots\" content=\"index, follow, max-snippet:-1, max-image-preview:large, max-video-preview:-1\" \/>\n<link rel=\"canonical\" href=\"https:\/\/gst-sl.com\/wp\/bwlm-shop\/controladoras-y-colectores\/tabletas\/trimble-t100\/\" \/>\n<meta property=\"og:locale\" content=\"es_ES\" \/>\n<meta property=\"og:type\" content=\"article\" \/>\n<meta property=\"og:title\" content=\"Trimble T100 - GST\" \/>\n<meta property=\"og:description\" content=\"Trimble T100 es la tableta de alto rendimiento m\u00e1s moderna de Trimble. Con un dise\u00f1o robusto, elegante y una pantalla t\u00e1ctil de 10 pulgadas, podr\u00e1 leer bajo cualquier condici\u00f3n. \u00a1La tableta T100 puede con todo lo que le toque cada d\u00eda! Tanto apoyada en un jal\u00f3n como usada sin soporte, la T100 ha sido dise\u00f1ada para ser c\u00f3moda y port\u00e1til, permiti\u00e9ndole trabajar mientras se desplaza, incluso en las jornadas de campo m\u00e1s largas y exigentes. Ya se encuentre en la parte m\u00e1s densa de un bosque, o en una intersecci\u00f3n concurrida, la T100 es la herramienta adecuada para su trabajo. Cuenta con un sistema de gesti\u00f3n de alimentaci\u00f3n l\u00edder de la industria y una bater\u00eda interna de gran capacidad que combinada con su r\u00e1pida capacidad de carga aumenta la productividad y reduce el tiempo de inactividad. Y no deje que su elegante dise\u00f1o le enga\u00f1e, la T100 est\u00e1 repleta de prestaciones inteligentes. Los m\u00f3dulos EMPOWER ampliables, los ajustes de rendimiento configurables por el usuario y sus impresionantes especificaciones medioambientales IP\u201165, la convierten en una herramienta inigualable para todas sus necesidades en topograf\u00eda, cartograf\u00eda y GIS.    Hoja de datos Trimble T100    Hoja de ventas Trimble T100    Trimble Empower Modules\" \/>\n<meta property=\"og:url\" content=\"https:\/\/gst-sl.com\/wp\/bwlm-shop\/controladoras-y-colectores\/tabletas\/trimble-t100\/\" \/>\n<meta property=\"og:site_name\" content=\"GST\" \/>\n<meta property=\"og:image\" content=\"https:\/\/gst-sl.com\/wp-content\/uploads\/2023\/06\/t100-1.png\" \/>\n\t<meta property=\"og:image:width\" content=\"425\" \/>\n\t<meta property=\"og:image:height\" content=\"425\" \/>\n\t<meta property=\"og:image:type\" content=\"image\/png\" \/>\n<meta name=\"twitter:card\" content=\"summary_large_image\" \/>\n<script type=\"application\/ld+json\" class=\"yoast-schema-graph\">{\"@context\":\"https:\/\/schema.org\",\"@graph\":[{\"@type\":\"WebPage\",\"@id\":\"https:\/\/gst-sl.com\/wp\/bwlm-shop\/controladoras-y-colectores\/tabletas\/trimble-t100\/\",\"url\":\"https:\/\/gst-sl.com\/wp\/bwlm-shop\/controladoras-y-colectores\/tabletas\/trimble-t100\/\",\"name\":\"Trimble T100 - GST\",\"isPartOf\":{\"@id\":\"https:\/\/gst-sl.com\/wp\/#website\"},\"primaryImageOfPage\":{\"@id\":\"https:\/\/gst-sl.com\/wp\/bwlm-shop\/controladoras-y-colectores\/tabletas\/trimble-t100\/#primaryimage\"},\"image\":{\"@id\":\"https:\/\/gst-sl.com\/wp\/bwlm-shop\/controladoras-y-colectores\/tabletas\/trimble-t100\/#primaryimage\"},\"thumbnailUrl\":\"https:\/\/gst-sl.com\/wp-content\/uploads\/2023\/06\/t100-1.png\",\"datePublished\":\"2023-06-19T13:36:47+00:00\",\"breadcrumb\":{\"@id\":\"https:\/\/gst-sl.com\/wp\/bwlm-shop\/controladoras-y-colectores\/tabletas\/trimble-t100\/#breadcrumb\"},\"inLanguage\":\"es\",\"potentialAction\":[{\"@type\":\"ReadAction\",\"target\":[\"https:\/\/gst-sl.com\/wp\/bwlm-shop\/controladoras-y-colectores\/tabletas\/trimble-t100\/\"]}]},{\"@type\":\"ImageObject\",\"inLanguage\":\"es\",\"@id\":\"https:\/\/gst-sl.com\/wp\/bwlm-shop\/controladoras-y-colectores\/tabletas\/trimble-t100\/#primaryimage\",\"url\":\"https:\/\/gst-sl.com\/wp-content\/uploads\/2023\/06\/t100-1.png\",\"contentUrl\":\"https:\/\/gst-sl.com\/wp-content\/uploads\/2023\/06\/t100-1.png\",\"width\":425,\"height\":425},{\"@type\":\"BreadcrumbList\",\"@id\":\"https:\/\/gst-sl.com\/wp\/bwlm-shop\/controladoras-y-colectores\/tabletas\/trimble-t100\/#breadcrumb\",\"itemListElement\":[{\"@type\":\"ListItem\",\"position\":1,\"name\":\"Portada\",\"item\":\"https:\/\/gst-sl.com\/wp\/\"},{\"@type\":\"ListItem\",\"position\":2,\"name\":\"PRODUCTOS\",\"item\":\"https:\/\/gst-sl.com\/wp\/productos\/\"},{\"@type\":\"ListItem\",\"position\":3,\"name\":\"Trimble T100\"}]},{\"@type\":\"WebSite\",\"@id\":\"https:\/\/gst-sl.com\/wp\/#website\",\"url\":\"https:\/\/gst-sl.com\/wp\/\",\"name\":\"GST Gesti\u00f3n de Sistemas Topogr\u00e1ficos\",\"description\":\"GST - Gesti\u00f3n de Sistemas Topogr\u00e1ficos\",\"publisher\":{\"@id\":\"https:\/\/gst-sl.com\/wp\/#organization\"},\"alternateName\":\"GST\",\"potentialAction\":[{\"@type\":\"SearchAction\",\"target\":{\"@type\":\"EntryPoint\",\"urlTemplate\":\"https:\/\/gst-sl.com\/wp\/?s={search_term_string}\"},\"query-input\":{\"@type\":\"PropertyValueSpecification\",\"valueRequired\":true,\"valueName\":\"search_term_string\"}}],\"inLanguage\":\"es\"},{\"@type\":\"Organization\",\"@id\":\"https:\/\/gst-sl.com\/wp\/#organization\",\"name\":\"GST Gesti\u00f3n de Sistemas Topogr\u00e1ficos\",\"alternateName\":\"GST\",\"url\":\"https:\/\/gst-sl.com\/wp\/\",\"logo\":{\"@type\":\"ImageObject\",\"inLanguage\":\"es\",\"@id\":\"https:\/\/gst-sl.com\/wp\/#\/schema\/logo\/image\/\",\"url\":\"https:\/\/gst-sl.com\/wp\/wp-content\/uploads\/2023\/06\/logo_gst_2.png\",\"contentUrl\":\"https:\/\/gst-sl.com\/wp\/wp-content\/uploads\/2023\/06\/logo_gst_2.png\",\"width\":597,\"height\":232,\"caption\":\"GST Gesti\u00f3n de Sistemas Topogr\u00e1ficos\"},\"image\":{\"@id\":\"https:\/\/gst-sl.com\/wp\/#\/schema\/logo\/image\/\"}}]}<\/script>\n<!-- \/ Yoast SEO plugin. -->","yoast_head_json":{"title":"Trimble T100 - GST","robots":{"index":"index","follow":"follow","max-snippet":"max-snippet:-1","max-image-preview":"max-image-preview:large","max-video-preview":"max-video-preview:-1"},"canonical":"https:\/\/gst-sl.com\/wp\/bwlm-shop\/controladoras-y-colectores\/tabletas\/trimble-t100\/","og_locale":"es_ES","og_type":"article","og_title":"Trimble T100 - GST","og_description":"Trimble T100 es la tableta de alto rendimiento m\u00e1s moderna de Trimble. Con un dise\u00f1o robusto, elegante y una pantalla t\u00e1ctil de 10 pulgadas, podr\u00e1 leer bajo cualquier condici\u00f3n. \u00a1La tableta T100 puede con todo lo que le toque cada d\u00eda! Tanto apoyada en un jal\u00f3n como usada sin soporte, la T100 ha sido dise\u00f1ada para ser c\u00f3moda y port\u00e1til, permiti\u00e9ndole trabajar mientras se desplaza, incluso en las jornadas de campo m\u00e1s largas y exigentes. Ya se encuentre en la parte m\u00e1s densa de un bosque, o en una intersecci\u00f3n concurrida, la T100 es la herramienta adecuada para su trabajo. Cuenta con un sistema de gesti\u00f3n de alimentaci\u00f3n l\u00edder de la industria y una bater\u00eda interna de gran capacidad que combinada con su r\u00e1pida capacidad de carga aumenta la productividad y reduce el tiempo de inactividad. Y no deje que su elegante dise\u00f1o le enga\u00f1e, la T100 est\u00e1 repleta de prestaciones inteligentes. Los m\u00f3dulos EMPOWER ampliables, los ajustes de rendimiento configurables por el usuario y sus impresionantes especificaciones medioambientales IP\u201165, la convierten en una herramienta inigualable para todas sus necesidades en topograf\u00eda, cartograf\u00eda y GIS.    Hoja de datos Trimble T100    Hoja de ventas Trimble T100    Trimble Empower Modules","og_url":"https:\/\/gst-sl.com\/wp\/bwlm-shop\/controladoras-y-colectores\/tabletas\/trimble-t100\/","og_site_name":"GST","og_image":[{"width":425,"height":425,"url":"https:\/\/gst-sl.com\/wp-content\/uploads\/2023\/06\/t100-1.png","type":"image\/png"}],"twitter_card":"summary_large_image","schema":{"@context":"https:\/\/schema.org","@graph":[{"@type":"WebPage","@id":"https:\/\/gst-sl.com\/wp\/bwlm-shop\/controladoras-y-colectores\/tabletas\/trimble-t100\/","url":"https:\/\/gst-sl.com\/wp\/bwlm-shop\/controladoras-y-colectores\/tabletas\/trimble-t100\/","name":"Trimble T100 - GST","isPartOf":{"@id":"https:\/\/gst-sl.com\/wp\/#website"},"primaryImageOfPage":{"@id":"https:\/\/gst-sl.com\/wp\/bwlm-shop\/controladoras-y-colectores\/tabletas\/trimble-t100\/#primaryimage"},"image":{"@id":"https:\/\/gst-sl.com\/wp\/bwlm-shop\/controladoras-y-colectores\/tabletas\/trimble-t100\/#primaryimage"},"thumbnailUrl":"https:\/\/gst-sl.com\/wp-content\/uploads\/2023\/06\/t100-1.png","datePublished":"2023-06-19T13:36:47+00:00","breadcrumb":{"@id":"https:\/\/gst-sl.com\/wp\/bwlm-shop\/controladoras-y-colectores\/tabletas\/trimble-t100\/#breadcrumb"},"inLanguage":"es","potentialAction":[{"@type":"ReadAction","target":["https:\/\/gst-sl.com\/wp\/bwlm-shop\/controladoras-y-colectores\/tabletas\/trimble-t100\/"]}]},{"@type":"ImageObject","inLanguage":"es","@id":"https:\/\/gst-sl.com\/wp\/bwlm-shop\/controladoras-y-colectores\/tabletas\/trimble-t100\/#primaryimage","url":"https:\/\/gst-sl.com\/wp-content\/uploads\/2023\/06\/t100-1.png","contentUrl":"https:\/\/gst-sl.com\/wp-content\/uploads\/2023\/06\/t100-1.png","width":425,"height":425},{"@type":"BreadcrumbList","@id":"https:\/\/gst-sl.com\/wp\/bwlm-shop\/controladoras-y-colectores\/tabletas\/trimble-t100\/#breadcrumb","itemListElement":[{"@type":"ListItem","position":1,"name":"Portada","item":"https:\/\/gst-sl.com\/wp\/"},{"@type":"ListItem","position":2,"name":"PRODUCTOS","item":"https:\/\/gst-sl.com\/wp\/productos\/"},{"@type":"ListItem","position":3,"name":"Trimble T100"}]},{"@type":"WebSite","@id":"https:\/\/gst-sl.com\/wp\/#website","url":"https:\/\/gst-sl.com\/wp\/","name":"GST Gesti\u00f3n de Sistemas Topogr\u00e1ficos","description":"GST - Gesti\u00f3n de Sistemas Topogr\u00e1ficos","publisher":{"@id":"https:\/\/gst-sl.com\/wp\/#organization"},"alternateName":"GST","potentialAction":[{"@type":"SearchAction","target":{"@type":"EntryPoint","urlTemplate":"https:\/\/gst-sl.com\/wp\/?s={search_term_string}"},"query-input":{"@type":"PropertyValueSpecification","valueRequired":true,"valueName":"search_term_string"}}],"inLanguage":"es"},{"@type":"Organization","@id":"https:\/\/gst-sl.com\/wp\/#organization","name":"GST Gesti\u00f3n de Sistemas Topogr\u00e1ficos","alternateName":"GST","url":"https:\/\/gst-sl.com\/wp\/","logo":{"@type":"ImageObject","inLanguage":"es","@id":"https:\/\/gst-sl.com\/wp\/#\/schema\/logo\/image\/","url":"https:\/\/gst-sl.com\/wp\/wp-content\/uploads\/2023\/06\/logo_gst_2.png","contentUrl":"https:\/\/gst-sl.com\/wp\/wp-content\/uploads\/2023\/06\/logo_gst_2.png","width":597,"height":232,"caption":"GST Gesti\u00f3n de Sistemas Topogr\u00e1ficos"},"image":{"@id":"https:\/\/gst-sl.com\/wp\/#\/schema\/logo\/image\/"}}]}},"_links":{"self":[{"href":"https:\/\/gst-sl.com\/wp\/wp-json\/wp\/v2\/product\/1338","targetHints":{"allow":["GET"]}}],"collection":[{"href":"https:\/\/gst-sl.com\/wp\/wp-json\/wp\/v2\/product"}],"about":[{"href":"https:\/\/gst-sl.com\/wp\/wp-json\/wp\/v2\/types\/product"}],"wp:featuredmedia":[{"embeddable":true,"href":"https:\/\/gst-sl.com\/wp\/wp-json\/wp\/v2\/media\/1339"}],"wp:attachment":[{"href":"https:\/\/gst-sl.com\/wp\/wp-json\/wp\/v2\/media?parent=1338"}],"wp:term":[{"taxonomy":"product_brand","embeddable":true,"href":"https:\/\/gst-sl.com\/wp\/wp-json\/wp\/v2\/product_brand?post=1338"},{"taxonomy":"product_cat","embeddable":true,"href":"https:\/\/gst-sl.com\/wp\/wp-json\/wp\/v2\/product_cat?post=1338"},{"taxonomy":"product_tag","embeddable":true,"href":"https:\/\/gst-sl.com\/wp\/wp-json\/wp\/v2\/product_tag?post=1338"}],"curies":[{"name":"wp","href":"https:\/\/api.w.org\/{rel}","templated":true}]}}