{"id":1348,"date":"2023-06-19T13:41:28","date_gmt":"2023-06-19T13:41:28","guid":{"rendered":"https:\/\/gst-sl.com\/wp\/?post_type=product&#038;p=1348"},"modified":"2023-06-19T13:41:28","modified_gmt":"2023-06-19T13:41:28","slug":"trimble-t10x","status":"publish","type":"product","link":"https:\/\/gst-sl.com\/wp\/bwlm-shop\/controladoras-y-colectores\/tabletas\/trimble-t10x\/","title":{"rendered":"Trimble T10X"},"content":{"rendered":"","protected":false},"excerpt":{"rendered":"<div class=\"product-short-description\">\n<h3>Supera los l\u00edmites de la productividad<\/h3>\n<div>\n<figure class=\"insight-figure\">\n<div class=\"insight-value text-style-objective heading-color\">\n<div class=\"insight-value text-style-objective heading-color\">\n<figure class=\"insight-figure\">\n<h4 class=\"insight-value text-style-objective heading-color\">Windows 10 Enterprise<\/h4><figcaption class=\"insight-label text-style-caption hint-color\">\n<h4>Sistema operativo<\/h4>\n<\/figcaption><\/figure>\n<div class=\"insight-value text-style-objective heading-color\">1TB<\/div>\n<h4 class=\"insight-figure\"><\/h4>\n<\/div>\n<\/div><figcaption class=\"insight-label text-style-caption hint-color\">Almacenamiento de datos<\/figcaption><div class=\"insight-value text-style-objective heading-color\">\n<h4 class=\"insight-figure\"><\/h4>\n<\/div>\n<\/figure>\n<\/div>\n<hr \/>\n<h4>La tableta Trimble T10x est\u00e1 dise\u00f1ada para que los usuarios superen los l\u00edmites de la productividad. Maneje conjuntos de datos de gran tama\u00f1o y procese proyectos con confianza. Incluyen un procesador Intel\u00ae de 10\u00aa generaci\u00f3n Core\u2122 i7 de alto rendimiento y bajo consumo energ\u00e9tico, 1 TB de almacenamiento y una bater\u00eda intercambiable en caliente de 8000 mAh. Estas caracter\u00edsticas se combinan con una pantalla t\u00e1ctil de 10,1 pulgadas con alto brillo para uso en interiores o en el exterior. Es una tableta delgada, robusta, liviana y duradera, dise\u00f1ada para funcionar correctamente en los d\u00edas m\u00e1s largos y en los trabajos de mayor envergadura, y se combina perfectamente con esc\u00e1neres l\u00e1ser para optimizar la productividad y reducir el tiempo de inactividad.<\/h4>\n<ul>\n<li class=\"bs\">\n<h4><span style=\"color: #ffffff;\"><a style=\"color: #ffffff;\" href=\"https:\/\/trl.trimble.com\/dscgi\/ds.py\/Get\/File-982855\/022490-101_MCS_Trimble%20T10x%20tablet_DS_USL_0821.pdf\" target=\"_blank\" rel=\"noopener\">Hoja de datos Trimble T10X (ingl\u00e9s)<\/a><\/span><\/h4>\n<\/li>\n<li class=\"bs\">\n<h4><span style=\"color: #ffffff;\"><a style=\"color: #ffffff;\" href=\"https:\/\/trl.trimble.com\/dscgi\/ds.py\/Get\/File-989902\/TrimbleT10xTablet_CustomerFAQ.pdf\" target=\"_blank\" rel=\"noopener\">Preguntas frecuentes (ingl\u00e9s)<\/a><\/span><\/h4>\n<\/li>\n<\/ul>\n<\/div>\n","protected":false},"featured_media":1349,"template":"","meta":[],"product_brand":[],"product_cat":[98],"product_tag":[],"class_list":{"0":"post-1348","1":"product","2":"type-product","3":"status-publish","4":"has-post-thumbnail","6":"product_cat-tabletas","8":"first","9":"instock","10":"shipping-taxable","11":"product-type-simple"},"yoast_head":"<!-- This site is optimized with the Yoast SEO plugin v26.5 - https:\/\/yoast.com\/wordpress\/plugins\/seo\/ -->\n<title>Trimble T10X - GST<\/title>\n<meta name=\"robots\" content=\"index, follow, max-snippet:-1, max-image-preview:large, max-video-preview:-1\" \/>\n<link rel=\"canonical\" href=\"https:\/\/gst-sl.com\/wp\/bwlm-shop\/controladoras-y-colectores\/tabletas\/trimble-t10x\/\" \/>\n<meta property=\"og:locale\" content=\"es_ES\" \/>\n<meta property=\"og:type\" content=\"article\" \/>\n<meta property=\"og:title\" content=\"Trimble T10X - GST\" \/>\n<meta property=\"og:description\" content=\"Supera los l\u00edmites de la productividad      Windows 10 Enterprise  Sistema operativo  1TB    Almacenamiento de datos        La tableta Trimble T10x est\u00e1 dise\u00f1ada para que los usuarios superen los l\u00edmites de la productividad. Maneje conjuntos de datos de gran tama\u00f1o y procese proyectos con confianza. Incluyen un procesador Intel\u00ae de 10\u00aa generaci\u00f3n Core\u2122 i7 de alto rendimiento y bajo consumo energ\u00e9tico, 1 TB de almacenamiento y una bater\u00eda intercambiable en caliente de 8000 mAh. Estas caracter\u00edsticas se combinan con una pantalla t\u00e1ctil de 10,1 pulgadas con alto brillo para uso en interiores o en el exterior. Es una tableta delgada, robusta, liviana y duradera, dise\u00f1ada para funcionar correctamente en los d\u00edas m\u00e1s largos y en los trabajos de mayor envergadura, y se combina perfectamente con esc\u00e1neres l\u00e1ser para optimizar la productividad y reducir el tiempo de inactividad.    Hoja de datos Trimble T10X (ingl\u00e9s)    Preguntas frecuentes (ingl\u00e9s)\" \/>\n<meta property=\"og:url\" content=\"https:\/\/gst-sl.com\/wp\/bwlm-shop\/controladoras-y-colectores\/tabletas\/trimble-t10x\/\" \/>\n<meta property=\"og:site_name\" content=\"GST\" \/>\n<meta property=\"og:image\" content=\"https:\/\/gst-sl.com\/wp-content\/uploads\/2023\/06\/t10x-1.png\" \/>\n\t<meta property=\"og:image:width\" content=\"425\" \/>\n\t<meta property=\"og:image:height\" content=\"425\" \/>\n\t<meta property=\"og:image:type\" content=\"image\/png\" \/>\n<meta name=\"twitter:card\" content=\"summary_large_image\" \/>\n<script type=\"application\/ld+json\" class=\"yoast-schema-graph\">{\"@context\":\"https:\/\/schema.org\",\"@graph\":[{\"@type\":\"WebPage\",\"@id\":\"https:\/\/gst-sl.com\/wp\/bwlm-shop\/controladoras-y-colectores\/tabletas\/trimble-t10x\/\",\"url\":\"https:\/\/gst-sl.com\/wp\/bwlm-shop\/controladoras-y-colectores\/tabletas\/trimble-t10x\/\",\"name\":\"Trimble T10X - GST\",\"isPartOf\":{\"@id\":\"https:\/\/gst-sl.com\/wp\/#website\"},\"primaryImageOfPage\":{\"@id\":\"https:\/\/gst-sl.com\/wp\/bwlm-shop\/controladoras-y-colectores\/tabletas\/trimble-t10x\/#primaryimage\"},\"image\":{\"@id\":\"https:\/\/gst-sl.com\/wp\/bwlm-shop\/controladoras-y-colectores\/tabletas\/trimble-t10x\/#primaryimage\"},\"thumbnailUrl\":\"https:\/\/gst-sl.com\/wp-content\/uploads\/2023\/06\/t10x-1.png\",\"datePublished\":\"2023-06-19T13:41:28+00:00\",\"breadcrumb\":{\"@id\":\"https:\/\/gst-sl.com\/wp\/bwlm-shop\/controladoras-y-colectores\/tabletas\/trimble-t10x\/#breadcrumb\"},\"inLanguage\":\"es\",\"potentialAction\":[{\"@type\":\"ReadAction\",\"target\":[\"https:\/\/gst-sl.com\/wp\/bwlm-shop\/controladoras-y-colectores\/tabletas\/trimble-t10x\/\"]}]},{\"@type\":\"ImageObject\",\"inLanguage\":\"es\",\"@id\":\"https:\/\/gst-sl.com\/wp\/bwlm-shop\/controladoras-y-colectores\/tabletas\/trimble-t10x\/#primaryimage\",\"url\":\"https:\/\/gst-sl.com\/wp-content\/uploads\/2023\/06\/t10x-1.png\",\"contentUrl\":\"https:\/\/gst-sl.com\/wp-content\/uploads\/2023\/06\/t10x-1.png\",\"width\":425,\"height\":425},{\"@type\":\"BreadcrumbList\",\"@id\":\"https:\/\/gst-sl.com\/wp\/bwlm-shop\/controladoras-y-colectores\/tabletas\/trimble-t10x\/#breadcrumb\",\"itemListElement\":[{\"@type\":\"ListItem\",\"position\":1,\"name\":\"Portada\",\"item\":\"https:\/\/gst-sl.com\/wp\/\"},{\"@type\":\"ListItem\",\"position\":2,\"name\":\"PRODUCTOS\",\"item\":\"https:\/\/gst-sl.com\/wp\/productos\/\"},{\"@type\":\"ListItem\",\"position\":3,\"name\":\"Trimble T10X\"}]},{\"@type\":\"WebSite\",\"@id\":\"https:\/\/gst-sl.com\/wp\/#website\",\"url\":\"https:\/\/gst-sl.com\/wp\/\",\"name\":\"GST Gesti\u00f3n de Sistemas Topogr\u00e1ficos\",\"description\":\"GST - Gesti\u00f3n de Sistemas Topogr\u00e1ficos\",\"publisher\":{\"@id\":\"https:\/\/gst-sl.com\/wp\/#organization\"},\"alternateName\":\"GST\",\"potentialAction\":[{\"@type\":\"SearchAction\",\"target\":{\"@type\":\"EntryPoint\",\"urlTemplate\":\"https:\/\/gst-sl.com\/wp\/?s={search_term_string}\"},\"query-input\":{\"@type\":\"PropertyValueSpecification\",\"valueRequired\":true,\"valueName\":\"search_term_string\"}}],\"inLanguage\":\"es\"},{\"@type\":\"Organization\",\"@id\":\"https:\/\/gst-sl.com\/wp\/#organization\",\"name\":\"GST Gesti\u00f3n de Sistemas Topogr\u00e1ficos\",\"alternateName\":\"GST\",\"url\":\"https:\/\/gst-sl.com\/wp\/\",\"logo\":{\"@type\":\"ImageObject\",\"inLanguage\":\"es\",\"@id\":\"https:\/\/gst-sl.com\/wp\/#\/schema\/logo\/image\/\",\"url\":\"https:\/\/gst-sl.com\/wp\/wp-content\/uploads\/2023\/06\/logo_gst_2.png\",\"contentUrl\":\"https:\/\/gst-sl.com\/wp\/wp-content\/uploads\/2023\/06\/logo_gst_2.png\",\"width\":597,\"height\":232,\"caption\":\"GST Gesti\u00f3n de Sistemas Topogr\u00e1ficos\"},\"image\":{\"@id\":\"https:\/\/gst-sl.com\/wp\/#\/schema\/logo\/image\/\"}}]}<\/script>\n<!-- \/ Yoast SEO plugin. -->","yoast_head_json":{"title":"Trimble T10X - GST","robots":{"index":"index","follow":"follow","max-snippet":"max-snippet:-1","max-image-preview":"max-image-preview:large","max-video-preview":"max-video-preview:-1"},"canonical":"https:\/\/gst-sl.com\/wp\/bwlm-shop\/controladoras-y-colectores\/tabletas\/trimble-t10x\/","og_locale":"es_ES","og_type":"article","og_title":"Trimble T10X - GST","og_description":"Supera los l\u00edmites de la productividad      Windows 10 Enterprise  Sistema operativo  1TB    Almacenamiento de datos        La tableta Trimble T10x est\u00e1 dise\u00f1ada para que los usuarios superen los l\u00edmites de la productividad. Maneje conjuntos de datos de gran tama\u00f1o y procese proyectos con confianza. Incluyen un procesador Intel\u00ae de 10\u00aa generaci\u00f3n Core\u2122 i7 de alto rendimiento y bajo consumo energ\u00e9tico, 1 TB de almacenamiento y una bater\u00eda intercambiable en caliente de 8000 mAh. Estas caracter\u00edsticas se combinan con una pantalla t\u00e1ctil de 10,1 pulgadas con alto brillo para uso en interiores o en el exterior. Es una tableta delgada, robusta, liviana y duradera, dise\u00f1ada para funcionar correctamente en los d\u00edas m\u00e1s largos y en los trabajos de mayor envergadura, y se combina perfectamente con esc\u00e1neres l\u00e1ser para optimizar la productividad y reducir el tiempo de inactividad.    Hoja de datos Trimble T10X (ingl\u00e9s)    Preguntas frecuentes (ingl\u00e9s)","og_url":"https:\/\/gst-sl.com\/wp\/bwlm-shop\/controladoras-y-colectores\/tabletas\/trimble-t10x\/","og_site_name":"GST","og_image":[{"width":425,"height":425,"url":"https:\/\/gst-sl.com\/wp-content\/uploads\/2023\/06\/t10x-1.png","type":"image\/png"}],"twitter_card":"summary_large_image","schema":{"@context":"https:\/\/schema.org","@graph":[{"@type":"WebPage","@id":"https:\/\/gst-sl.com\/wp\/bwlm-shop\/controladoras-y-colectores\/tabletas\/trimble-t10x\/","url":"https:\/\/gst-sl.com\/wp\/bwlm-shop\/controladoras-y-colectores\/tabletas\/trimble-t10x\/","name":"Trimble T10X - GST","isPartOf":{"@id":"https:\/\/gst-sl.com\/wp\/#website"},"primaryImageOfPage":{"@id":"https:\/\/gst-sl.com\/wp\/bwlm-shop\/controladoras-y-colectores\/tabletas\/trimble-t10x\/#primaryimage"},"image":{"@id":"https:\/\/gst-sl.com\/wp\/bwlm-shop\/controladoras-y-colectores\/tabletas\/trimble-t10x\/#primaryimage"},"thumbnailUrl":"https:\/\/gst-sl.com\/wp-content\/uploads\/2023\/06\/t10x-1.png","datePublished":"2023-06-19T13:41:28+00:00","breadcrumb":{"@id":"https:\/\/gst-sl.com\/wp\/bwlm-shop\/controladoras-y-colectores\/tabletas\/trimble-t10x\/#breadcrumb"},"inLanguage":"es","potentialAction":[{"@type":"ReadAction","target":["https:\/\/gst-sl.com\/wp\/bwlm-shop\/controladoras-y-colectores\/tabletas\/trimble-t10x\/"]}]},{"@type":"ImageObject","inLanguage":"es","@id":"https:\/\/gst-sl.com\/wp\/bwlm-shop\/controladoras-y-colectores\/tabletas\/trimble-t10x\/#primaryimage","url":"https:\/\/gst-sl.com\/wp-content\/uploads\/2023\/06\/t10x-1.png","contentUrl":"https:\/\/gst-sl.com\/wp-content\/uploads\/2023\/06\/t10x-1.png","width":425,"height":425},{"@type":"BreadcrumbList","@id":"https:\/\/gst-sl.com\/wp\/bwlm-shop\/controladoras-y-colectores\/tabletas\/trimble-t10x\/#breadcrumb","itemListElement":[{"@type":"ListItem","position":1,"name":"Portada","item":"https:\/\/gst-sl.com\/wp\/"},{"@type":"ListItem","position":2,"name":"PRODUCTOS","item":"https:\/\/gst-sl.com\/wp\/productos\/"},{"@type":"ListItem","position":3,"name":"Trimble T10X"}]},{"@type":"WebSite","@id":"https:\/\/gst-sl.com\/wp\/#website","url":"https:\/\/gst-sl.com\/wp\/","name":"GST Gesti\u00f3n de Sistemas Topogr\u00e1ficos","description":"GST - Gesti\u00f3n de Sistemas Topogr\u00e1ficos","publisher":{"@id":"https:\/\/gst-sl.com\/wp\/#organization"},"alternateName":"GST","potentialAction":[{"@type":"SearchAction","target":{"@type":"EntryPoint","urlTemplate":"https:\/\/gst-sl.com\/wp\/?s={search_term_string}"},"query-input":{"@type":"PropertyValueSpecification","valueRequired":true,"valueName":"search_term_string"}}],"inLanguage":"es"},{"@type":"Organization","@id":"https:\/\/gst-sl.com\/wp\/#organization","name":"GST Gesti\u00f3n de Sistemas Topogr\u00e1ficos","alternateName":"GST","url":"https:\/\/gst-sl.com\/wp\/","logo":{"@type":"ImageObject","inLanguage":"es","@id":"https:\/\/gst-sl.com\/wp\/#\/schema\/logo\/image\/","url":"https:\/\/gst-sl.com\/wp\/wp-content\/uploads\/2023\/06\/logo_gst_2.png","contentUrl":"https:\/\/gst-sl.com\/wp\/wp-content\/uploads\/2023\/06\/logo_gst_2.png","width":597,"height":232,"caption":"GST Gesti\u00f3n de Sistemas Topogr\u00e1ficos"},"image":{"@id":"https:\/\/gst-sl.com\/wp\/#\/schema\/logo\/image\/"}}]}},"_links":{"self":[{"href":"https:\/\/gst-sl.com\/wp\/wp-json\/wp\/v2\/product\/1348","targetHints":{"allow":["GET"]}}],"collection":[{"href":"https:\/\/gst-sl.com\/wp\/wp-json\/wp\/v2\/product"}],"about":[{"href":"https:\/\/gst-sl.com\/wp\/wp-json\/wp\/v2\/types\/product"}],"wp:featuredmedia":[{"embeddable":true,"href":"https:\/\/gst-sl.com\/wp\/wp-json\/wp\/v2\/media\/1349"}],"wp:attachment":[{"href":"https:\/\/gst-sl.com\/wp\/wp-json\/wp\/v2\/media?parent=1348"}],"wp:term":[{"taxonomy":"product_brand","embeddable":true,"href":"https:\/\/gst-sl.com\/wp\/wp-json\/wp\/v2\/product_brand?post=1348"},{"taxonomy":"product_cat","embeddable":true,"href":"https:\/\/gst-sl.com\/wp\/wp-json\/wp\/v2\/product_cat?post=1348"},{"taxonomy":"product_tag","embeddable":true,"href":"https:\/\/gst-sl.com\/wp\/wp-json\/wp\/v2\/product_tag?post=1348"}],"curies":[{"name":"wp","href":"https:\/\/api.w.org\/{rel}","templated":true}]}}