{"id":1536,"date":"2023-06-22T07:26:17","date_gmt":"2023-06-22T07:26:17","guid":{"rendered":"https:\/\/gst-sl.com\/wp\/?post_type=product&#038;p=1536"},"modified":"2023-06-22T07:26:42","modified_gmt":"2023-06-22T07:26:42","slug":"trimble-tdl450-h-2","status":"publish","type":"product","link":"https:\/\/gst-sl.com\/wp\/bwlm-shop\/sistema-gnss\/radio\/trimble-tdl450-h-2\/","title":{"rendered":"Trimble TDL450 H"},"content":{"rendered":"","protected":false},"excerpt":{"rendered":"<section class=\"product-hero-region image-disposition-float format-image\"><\/section>\n<section class=\"product-introtext-region\">\n<div>\n<div class=\"body\">\n<p>La serie Trimble\u00ae TDL450 est\u00e1 constituida por los modelos TDL 450L y TDL 450H de radio de datos UHF inal\u00e1mbrica avanzada de alta\u00a0velocidad dise\u00f1ada para superar\u00a0los desaf\u00edos del uso diario en condiciones\u00a0exigentes. Construida para facilitar todas las tareas topogr\u00e1ficas con GNSS, la serie Trimble TDL 450 constituye un avance gigantesco en tecnolog\u00eda de radio y ofrece opciones de configuraci\u00f3n flexibles\u00a0y resistencia confiable. Est\u00e1 pensada para que los top\u00f3grafos puedan sacarle el m\u00e1ximo partido a su d\u00eda.<\/p>\n<ul>\n<li>Ajustes y configuraci\u00f3n sencillos, incluso en el campo<\/li>\n<li>Lo \u00faltimo en tecnolog\u00eda de radio de Trimble para un rendimiento \u00f3ptimo<\/li>\n<li>Caja super robusta y resistencia confiable<\/li>\n<\/ul>\n<section class=\"product-content-panels panel-count-2\">\n<div>\n<div>\n<h2 class=\"text-style-headline\">Versatilidad y productividad continua<\/h2>\n<div class=\"field field-name-field-product-body-content\">\n<ul>\n<li>Radio de datos UHF inal\u00e1mbrica avanzada de alta velocidad<\/li>\n<li>Dise\u00f1ada para resistir las condiciones m\u00e1s exigentes<\/li>\n<li>Fabricada totalmente de metal para ser resistente a los impactos y a las condiciones clim\u00e1ticas<\/li>\n<li>Interfaz de usuario totalmente funcional que facilita la configuraci\u00f3n en el campo y la resoluci\u00f3n de problemas<\/li>\n<li>Se adapta a las condiciones<\/li>\n<li>Acceso a los datos de diagn\u00f3stico en el campo para aumentar la productividad<\/li>\n<\/ul>\n<\/div>\n<\/div>\n<div>\n<div class=\"field field-name-field-product-body-content\">\n<p>&nbsp;<\/p>\n<p>Disponible en dos modelos:<\/p>\n<ul>\n<li>Configuraci\u00f3n de potencia de la TDL 450L*: 0,1 W, 0,5 W, 1 W, 2 W y 4 W<\/li>\n<li>Configuraci\u00f3n de potencia de la TDL 450H*: 4 niveles de potencia definidos por el usuario, de 2 W a 35 W<\/li>\n<\/ul>\n<\/div>\n<\/div>\n<\/div>\n<\/section>\n<\/div>\n<ul>\n<li class=\"bs\"><span style=\"color: #ffffff;\"><a style=\"color: #ffffff;\" href=\"https:\/\/es-la.geospatial.trimble.com\/sites\/geospatial.trimble.com\/files\/2019-03\/Datasheet%20-%20TDL%20450L%20and%20TDL%20450H%20Radio%20-%20Spanish%20-%20Screen.pdf\">Hoja de datos<\/a><\/span><\/li>\n<li class=\"bs\"><span style=\"color: #ffffff;\"><a style=\"color: #ffffff;\" href=\"https:\/\/forms.trimble.com\/globalTRLTAB.asp?nav=Collection-79755\">Descargas<\/a><\/span><\/li>\n<\/ul>\n<\/div>\n<\/section>\n","protected":false},"featured_media":1533,"template":"","meta":[],"product_brand":[],"product_cat":[83],"product_tag":[],"class_list":{"0":"post-1536","1":"product","2":"type-product","3":"status-publish","4":"has-post-thumbnail","6":"product_cat-radio","8":"first","9":"instock","10":"shipping-taxable","11":"product-type-simple"},"yoast_head":"<!-- This site is optimized with the Yoast SEO plugin v26.5 - https:\/\/yoast.com\/wordpress\/plugins\/seo\/ -->\n<title>Trimble TDL450 H - GST<\/title>\n<meta name=\"robots\" content=\"index, follow, max-snippet:-1, max-image-preview:large, max-video-preview:-1\" \/>\n<link rel=\"canonical\" href=\"https:\/\/gst-sl.com\/wp\/bwlm-shop\/sistema-gnss\/radio\/trimble-tdl450-h-2\/\" \/>\n<meta property=\"og:locale\" content=\"es_ES\" \/>\n<meta property=\"og:type\" content=\"article\" \/>\n<meta property=\"og:title\" content=\"Trimble TDL450 H - GST\" \/>\n<meta property=\"og:description\" content=\"La serie Trimble\u00ae TDL450 est\u00e1 constituida por los modelos TDL 450L y TDL 450H de radio de datos UHF inal\u00e1mbrica avanzada de alta\u00a0velocidad dise\u00f1ada para superar\u00a0los desaf\u00edos del uso diario en condiciones\u00a0exigentes. Construida para facilitar todas las tareas topogr\u00e1ficas con GNSS, la serie Trimble TDL 450 constituye un avance gigantesco en tecnolog\u00eda de radio y ofrece opciones de configuraci\u00f3n flexibles\u00a0y resistencia confiable. Est\u00e1 pensada para que los top\u00f3grafos puedan sacarle el m\u00e1ximo partido a su d\u00eda.   Ajustes y configuraci\u00f3n sencillos, incluso en el campo  Lo \u00faltimo en tecnolog\u00eda de radio de Trimble para un rendimiento \u00f3ptimo  Caja super robusta y resistencia confiable     Versatilidad y productividad continua    Radio de datos UHF inal\u00e1mbrica avanzada de alta velocidad  Dise\u00f1ada para resistir las condiciones m\u00e1s exigentes  Fabricada totalmente de metal para ser resistente a los impactos y a las condiciones clim\u00e1ticas  Interfaz de usuario totalmente funcional que facilita la configuraci\u00f3n en el campo y la resoluci\u00f3n de problemas  Se adapta a las condiciones  Acceso a los datos de diagn\u00f3stico en el campo para aumentar la productividad       &nbsp;  Disponible en dos modelos:   Configuraci\u00f3n de potencia de la TDL 450L*: 0,1 W, 0,5 W, 1 W, 2 W y 4 W  Configuraci\u00f3n de potencia de la TDL 450H*: 4 niveles de potencia definidos por el usuario, de 2 W a 35 W        Hoja de datos  Descargas\" \/>\n<meta property=\"og:url\" content=\"https:\/\/gst-sl.com\/wp\/bwlm-shop\/sistema-gnss\/radio\/trimble-tdl450-h-2\/\" \/>\n<meta property=\"og:site_name\" content=\"GST\" \/>\n<meta property=\"article:modified_time\" content=\"2023-06-22T07:26:42+00:00\" \/>\n<meta property=\"og:image\" content=\"https:\/\/gst-sl.com\/wp-content\/uploads\/2023\/06\/TDL450_2.jpg\" \/>\n\t<meta property=\"og:image:width\" content=\"288\" \/>\n\t<meta property=\"og:image:height\" content=\"288\" \/>\n\t<meta property=\"og:image:type\" content=\"image\/jpeg\" \/>\n<meta name=\"twitter:card\" content=\"summary_large_image\" \/>\n<script type=\"application\/ld+json\" class=\"yoast-schema-graph\">{\"@context\":\"https:\/\/schema.org\",\"@graph\":[{\"@type\":\"WebPage\",\"@id\":\"https:\/\/gst-sl.com\/wp\/bwlm-shop\/sistema-gnss\/radio\/trimble-tdl450-h-2\/\",\"url\":\"https:\/\/gst-sl.com\/wp\/bwlm-shop\/sistema-gnss\/radio\/trimble-tdl450-h-2\/\",\"name\":\"Trimble TDL450 H - GST\",\"isPartOf\":{\"@id\":\"https:\/\/gst-sl.com\/wp\/#website\"},\"primaryImageOfPage\":{\"@id\":\"https:\/\/gst-sl.com\/wp\/bwlm-shop\/sistema-gnss\/radio\/trimble-tdl450-h-2\/#primaryimage\"},\"image\":{\"@id\":\"https:\/\/gst-sl.com\/wp\/bwlm-shop\/sistema-gnss\/radio\/trimble-tdl450-h-2\/#primaryimage\"},\"thumbnailUrl\":\"https:\/\/gst-sl.com\/wp-content\/uploads\/2023\/06\/TDL450_2.jpg\",\"datePublished\":\"2023-06-22T07:26:17+00:00\",\"dateModified\":\"2023-06-22T07:26:42+00:00\",\"breadcrumb\":{\"@id\":\"https:\/\/gst-sl.com\/wp\/bwlm-shop\/sistema-gnss\/radio\/trimble-tdl450-h-2\/#breadcrumb\"},\"inLanguage\":\"es\",\"potentialAction\":[{\"@type\":\"ReadAction\",\"target\":[\"https:\/\/gst-sl.com\/wp\/bwlm-shop\/sistema-gnss\/radio\/trimble-tdl450-h-2\/\"]}]},{\"@type\":\"ImageObject\",\"inLanguage\":\"es\",\"@id\":\"https:\/\/gst-sl.com\/wp\/bwlm-shop\/sistema-gnss\/radio\/trimble-tdl450-h-2\/#primaryimage\",\"url\":\"https:\/\/gst-sl.com\/wp-content\/uploads\/2023\/06\/TDL450_2.jpg\",\"contentUrl\":\"https:\/\/gst-sl.com\/wp-content\/uploads\/2023\/06\/TDL450_2.jpg\",\"width\":288,\"height\":288},{\"@type\":\"BreadcrumbList\",\"@id\":\"https:\/\/gst-sl.com\/wp\/bwlm-shop\/sistema-gnss\/radio\/trimble-tdl450-h-2\/#breadcrumb\",\"itemListElement\":[{\"@type\":\"ListItem\",\"position\":1,\"name\":\"Portada\",\"item\":\"https:\/\/gst-sl.com\/wp\/\"},{\"@type\":\"ListItem\",\"position\":2,\"name\":\"PRODUCTOS\",\"item\":\"https:\/\/gst-sl.com\/wp\/productos\/\"},{\"@type\":\"ListItem\",\"position\":3,\"name\":\"Trimble TDL450 H\"}]},{\"@type\":\"WebSite\",\"@id\":\"https:\/\/gst-sl.com\/wp\/#website\",\"url\":\"https:\/\/gst-sl.com\/wp\/\",\"name\":\"GST Gesti\u00f3n de Sistemas Topogr\u00e1ficos\",\"description\":\"GST - Gesti\u00f3n de Sistemas Topogr\u00e1ficos\",\"publisher\":{\"@id\":\"https:\/\/gst-sl.com\/wp\/#organization\"},\"alternateName\":\"GST\",\"potentialAction\":[{\"@type\":\"SearchAction\",\"target\":{\"@type\":\"EntryPoint\",\"urlTemplate\":\"https:\/\/gst-sl.com\/wp\/?s={search_term_string}\"},\"query-input\":{\"@type\":\"PropertyValueSpecification\",\"valueRequired\":true,\"valueName\":\"search_term_string\"}}],\"inLanguage\":\"es\"},{\"@type\":\"Organization\",\"@id\":\"https:\/\/gst-sl.com\/wp\/#organization\",\"name\":\"GST Gesti\u00f3n de Sistemas Topogr\u00e1ficos\",\"alternateName\":\"GST\",\"url\":\"https:\/\/gst-sl.com\/wp\/\",\"logo\":{\"@type\":\"ImageObject\",\"inLanguage\":\"es\",\"@id\":\"https:\/\/gst-sl.com\/wp\/#\/schema\/logo\/image\/\",\"url\":\"https:\/\/gst-sl.com\/wp\/wp-content\/uploads\/2023\/06\/logo_gst_2.png\",\"contentUrl\":\"https:\/\/gst-sl.com\/wp\/wp-content\/uploads\/2023\/06\/logo_gst_2.png\",\"width\":597,\"height\":232,\"caption\":\"GST Gesti\u00f3n de Sistemas Topogr\u00e1ficos\"},\"image\":{\"@id\":\"https:\/\/gst-sl.com\/wp\/#\/schema\/logo\/image\/\"}}]}<\/script>\n<!-- \/ Yoast SEO plugin. -->","yoast_head_json":{"title":"Trimble TDL450 H - GST","robots":{"index":"index","follow":"follow","max-snippet":"max-snippet:-1","max-image-preview":"max-image-preview:large","max-video-preview":"max-video-preview:-1"},"canonical":"https:\/\/gst-sl.com\/wp\/bwlm-shop\/sistema-gnss\/radio\/trimble-tdl450-h-2\/","og_locale":"es_ES","og_type":"article","og_title":"Trimble TDL450 H - GST","og_description":"La serie Trimble\u00ae TDL450 est\u00e1 constituida por los modelos TDL 450L y TDL 450H de radio de datos UHF inal\u00e1mbrica avanzada de alta\u00a0velocidad dise\u00f1ada para superar\u00a0los desaf\u00edos del uso diario en condiciones\u00a0exigentes. Construida para facilitar todas las tareas topogr\u00e1ficas con GNSS, la serie Trimble TDL 450 constituye un avance gigantesco en tecnolog\u00eda de radio y ofrece opciones de configuraci\u00f3n flexibles\u00a0y resistencia confiable. Est\u00e1 pensada para que los top\u00f3grafos puedan sacarle el m\u00e1ximo partido a su d\u00eda.   Ajustes y configuraci\u00f3n sencillos, incluso en el campo  Lo \u00faltimo en tecnolog\u00eda de radio de Trimble para un rendimiento \u00f3ptimo  Caja super robusta y resistencia confiable     Versatilidad y productividad continua    Radio de datos UHF inal\u00e1mbrica avanzada de alta velocidad  Dise\u00f1ada para resistir las condiciones m\u00e1s exigentes  Fabricada totalmente de metal para ser resistente a los impactos y a las condiciones clim\u00e1ticas  Interfaz de usuario totalmente funcional que facilita la configuraci\u00f3n en el campo y la resoluci\u00f3n de problemas  Se adapta a las condiciones  Acceso a los datos de diagn\u00f3stico en el campo para aumentar la productividad       &nbsp;  Disponible en dos modelos:   Configuraci\u00f3n de potencia de la TDL 450L*: 0,1 W, 0,5 W, 1 W, 2 W y 4 W  Configuraci\u00f3n de potencia de la TDL 450H*: 4 niveles de potencia definidos por el usuario, de 2 W a 35 W        Hoja de datos  Descargas","og_url":"https:\/\/gst-sl.com\/wp\/bwlm-shop\/sistema-gnss\/radio\/trimble-tdl450-h-2\/","og_site_name":"GST","article_modified_time":"2023-06-22T07:26:42+00:00","og_image":[{"width":288,"height":288,"url":"https:\/\/gst-sl.com\/wp-content\/uploads\/2023\/06\/TDL450_2.jpg","type":"image\/jpeg"}],"twitter_card":"summary_large_image","schema":{"@context":"https:\/\/schema.org","@graph":[{"@type":"WebPage","@id":"https:\/\/gst-sl.com\/wp\/bwlm-shop\/sistema-gnss\/radio\/trimble-tdl450-h-2\/","url":"https:\/\/gst-sl.com\/wp\/bwlm-shop\/sistema-gnss\/radio\/trimble-tdl450-h-2\/","name":"Trimble TDL450 H - GST","isPartOf":{"@id":"https:\/\/gst-sl.com\/wp\/#website"},"primaryImageOfPage":{"@id":"https:\/\/gst-sl.com\/wp\/bwlm-shop\/sistema-gnss\/radio\/trimble-tdl450-h-2\/#primaryimage"},"image":{"@id":"https:\/\/gst-sl.com\/wp\/bwlm-shop\/sistema-gnss\/radio\/trimble-tdl450-h-2\/#primaryimage"},"thumbnailUrl":"https:\/\/gst-sl.com\/wp-content\/uploads\/2023\/06\/TDL450_2.jpg","datePublished":"2023-06-22T07:26:17+00:00","dateModified":"2023-06-22T07:26:42+00:00","breadcrumb":{"@id":"https:\/\/gst-sl.com\/wp\/bwlm-shop\/sistema-gnss\/radio\/trimble-tdl450-h-2\/#breadcrumb"},"inLanguage":"es","potentialAction":[{"@type":"ReadAction","target":["https:\/\/gst-sl.com\/wp\/bwlm-shop\/sistema-gnss\/radio\/trimble-tdl450-h-2\/"]}]},{"@type":"ImageObject","inLanguage":"es","@id":"https:\/\/gst-sl.com\/wp\/bwlm-shop\/sistema-gnss\/radio\/trimble-tdl450-h-2\/#primaryimage","url":"https:\/\/gst-sl.com\/wp-content\/uploads\/2023\/06\/TDL450_2.jpg","contentUrl":"https:\/\/gst-sl.com\/wp-content\/uploads\/2023\/06\/TDL450_2.jpg","width":288,"height":288},{"@type":"BreadcrumbList","@id":"https:\/\/gst-sl.com\/wp\/bwlm-shop\/sistema-gnss\/radio\/trimble-tdl450-h-2\/#breadcrumb","itemListElement":[{"@type":"ListItem","position":1,"name":"Portada","item":"https:\/\/gst-sl.com\/wp\/"},{"@type":"ListItem","position":2,"name":"PRODUCTOS","item":"https:\/\/gst-sl.com\/wp\/productos\/"},{"@type":"ListItem","position":3,"name":"Trimble TDL450 H"}]},{"@type":"WebSite","@id":"https:\/\/gst-sl.com\/wp\/#website","url":"https:\/\/gst-sl.com\/wp\/","name":"GST Gesti\u00f3n de Sistemas Topogr\u00e1ficos","description":"GST - Gesti\u00f3n de Sistemas Topogr\u00e1ficos","publisher":{"@id":"https:\/\/gst-sl.com\/wp\/#organization"},"alternateName":"GST","potentialAction":[{"@type":"SearchAction","target":{"@type":"EntryPoint","urlTemplate":"https:\/\/gst-sl.com\/wp\/?s={search_term_string}"},"query-input":{"@type":"PropertyValueSpecification","valueRequired":true,"valueName":"search_term_string"}}],"inLanguage":"es"},{"@type":"Organization","@id":"https:\/\/gst-sl.com\/wp\/#organization","name":"GST Gesti\u00f3n de Sistemas Topogr\u00e1ficos","alternateName":"GST","url":"https:\/\/gst-sl.com\/wp\/","logo":{"@type":"ImageObject","inLanguage":"es","@id":"https:\/\/gst-sl.com\/wp\/#\/schema\/logo\/image\/","url":"https:\/\/gst-sl.com\/wp\/wp-content\/uploads\/2023\/06\/logo_gst_2.png","contentUrl":"https:\/\/gst-sl.com\/wp\/wp-content\/uploads\/2023\/06\/logo_gst_2.png","width":597,"height":232,"caption":"GST Gesti\u00f3n de Sistemas Topogr\u00e1ficos"},"image":{"@id":"https:\/\/gst-sl.com\/wp\/#\/schema\/logo\/image\/"}}]}},"_links":{"self":[{"href":"https:\/\/gst-sl.com\/wp\/wp-json\/wp\/v2\/product\/1536","targetHints":{"allow":["GET"]}}],"collection":[{"href":"https:\/\/gst-sl.com\/wp\/wp-json\/wp\/v2\/product"}],"about":[{"href":"https:\/\/gst-sl.com\/wp\/wp-json\/wp\/v2\/types\/product"}],"wp:featuredmedia":[{"embeddable":true,"href":"https:\/\/gst-sl.com\/wp\/wp-json\/wp\/v2\/media\/1533"}],"wp:attachment":[{"href":"https:\/\/gst-sl.com\/wp\/wp-json\/wp\/v2\/media?parent=1536"}],"wp:term":[{"taxonomy":"product_brand","embeddable":true,"href":"https:\/\/gst-sl.com\/wp\/wp-json\/wp\/v2\/product_brand?post=1536"},{"taxonomy":"product_cat","embeddable":true,"href":"https:\/\/gst-sl.com\/wp\/wp-json\/wp\/v2\/product_cat?post=1536"},{"taxonomy":"product_tag","embeddable":true,"href":"https:\/\/gst-sl.com\/wp\/wp-json\/wp\/v2\/product_tag?post=1536"}],"curies":[{"name":"wp","href":"https:\/\/api.w.org\/{rel}","templated":true}]}}