{"id":1597,"date":"2023-06-28T07:43:37","date_gmt":"2023-06-28T07:43:37","guid":{"rendered":"https:\/\/gst-sl.com\/wp\/?post_type=product&#038;p=1597"},"modified":"2023-06-28T07:43:37","modified_gmt":"2023-06-28T07:43:37","slug":"dji-mavic-3-enterprise","status":"publish","type":"product","link":"https:\/\/gst-sl.com\/wp\/bwlm-shop\/aeroespacial\/drones-dji\/dji-mavic-3-enterprise\/","title":{"rendered":"DJI Mavic 3 Enterprise"},"content":{"rendered":"","protected":false},"excerpt":{"rendered":"<div class=\"product-short-description\">\n<h4>La Serie Mavic 3 Enterprise redefine los est\u00e1ndares de la industria para los drones comerciales peque\u00f1os. Con un obturador mec\u00e1nico, una c\u00e1mara con zoom 56\u00d7 y un m\u00f3dulo RTK para lograr precisi\u00f3n centim\u00e9trica, el Mavic 3E lleva la eficiencia de la cartograf\u00eda y de las misiones a nuevas cotas. Una versi\u00f3n t\u00e9rmica est\u00e1 disponible para misiones de extinci\u00f3n de incendios, b\u00fasqueda y rescate, inspecciones y operaciones nocturnas.<\/h4>\n<ul>\n<li>\n<h4>Compacto y port\u00e1til<\/h4>\n<\/li>\n<li>\n<h4>C\u00e1mara gran angular con CMOS 4\/3<\/h4>\n<\/li>\n<li>\n<h4>Zoom h\u00edbrido 56\u00d7<\/h4>\n<\/li>\n<li>\n<h4>C\u00e1mara t\u00e9rmica 640\u00d7512 px[2]<\/h4>\n<\/li>\n<li>\n<h4>45 min de tiempo m\u00e1x. de vuelo<\/h4>\n<\/li>\n<li>\n<h4>Transmisi\u00f3n DJI O3 Enterprise<\/h4>\n<\/li>\n<li>\n<h4>Posicionamiento de precisi\u00f3n centim\u00e9trica con RTK<\/h4>\n<\/li>\n<\/ul>\n<\/div>\n","protected":false},"featured_media":1598,"template":"","meta":[],"product_brand":[],"product_cat":[120],"product_tag":[],"class_list":{"0":"post-1597","1":"product","2":"type-product","3":"status-publish","4":"has-post-thumbnail","6":"product_cat-drones-dji","8":"first","9":"instock","10":"shipping-taxable","11":"product-type-simple"},"yoast_head":"<!-- This site is optimized with the Yoast SEO plugin v26.5 - https:\/\/yoast.com\/wordpress\/plugins\/seo\/ -->\n<title>DJI Mavic 3 Enterprise - GST<\/title>\n<meta name=\"robots\" content=\"index, follow, max-snippet:-1, max-image-preview:large, max-video-preview:-1\" \/>\n<link rel=\"canonical\" href=\"https:\/\/gst-sl.com\/wp\/bwlm-shop\/aeroespacial\/drones-dji\/dji-mavic-3-enterprise\/\" \/>\n<meta property=\"og:locale\" content=\"es_ES\" \/>\n<meta property=\"og:type\" content=\"article\" \/>\n<meta property=\"og:title\" content=\"DJI Mavic 3 Enterprise - GST\" \/>\n<meta property=\"og:description\" content=\"La Serie Mavic 3 Enterprise redefine los est\u00e1ndares de la industria para los drones comerciales peque\u00f1os. Con un obturador mec\u00e1nico, una c\u00e1mara con zoom 56\u00d7 y un m\u00f3dulo RTK para lograr precisi\u00f3n centim\u00e9trica, el Mavic 3E lleva la eficiencia de la cartograf\u00eda y de las misiones a nuevas cotas. Una versi\u00f3n t\u00e9rmica est\u00e1 disponible para misiones de extinci\u00f3n de incendios, b\u00fasqueda y rescate, inspecciones y operaciones nocturnas.    Compacto y port\u00e1til    C\u00e1mara gran angular con CMOS 4\/3    Zoom h\u00edbrido 56\u00d7    C\u00e1mara t\u00e9rmica 640\u00d7512 px[2]    45 min de tiempo m\u00e1x. de vuelo    Transmisi\u00f3n DJI O3 Enterprise    Posicionamiento de precisi\u00f3n centim\u00e9trica con RTK\" \/>\n<meta property=\"og:url\" content=\"https:\/\/gst-sl.com\/wp\/bwlm-shop\/aeroespacial\/drones-dji\/dji-mavic-3-enterprise\/\" \/>\n<meta property=\"og:site_name\" content=\"GST\" \/>\n<meta property=\"og:image\" content=\"https:\/\/gst-sl.com\/wp-content\/uploads\/2023\/06\/1-2.png\" \/>\n\t<meta property=\"og:image:width\" content=\"425\" \/>\n\t<meta property=\"og:image:height\" content=\"425\" \/>\n\t<meta property=\"og:image:type\" content=\"image\/png\" \/>\n<meta name=\"twitter:card\" content=\"summary_large_image\" \/>\n<script type=\"application\/ld+json\" class=\"yoast-schema-graph\">{\"@context\":\"https:\/\/schema.org\",\"@graph\":[{\"@type\":\"WebPage\",\"@id\":\"https:\/\/gst-sl.com\/wp\/bwlm-shop\/aeroespacial\/drones-dji\/dji-mavic-3-enterprise\/\",\"url\":\"https:\/\/gst-sl.com\/wp\/bwlm-shop\/aeroespacial\/drones-dji\/dji-mavic-3-enterprise\/\",\"name\":\"DJI Mavic 3 Enterprise - GST\",\"isPartOf\":{\"@id\":\"https:\/\/gst-sl.com\/wp\/#website\"},\"primaryImageOfPage\":{\"@id\":\"https:\/\/gst-sl.com\/wp\/bwlm-shop\/aeroespacial\/drones-dji\/dji-mavic-3-enterprise\/#primaryimage\"},\"image\":{\"@id\":\"https:\/\/gst-sl.com\/wp\/bwlm-shop\/aeroespacial\/drones-dji\/dji-mavic-3-enterprise\/#primaryimage\"},\"thumbnailUrl\":\"https:\/\/gst-sl.com\/wp-content\/uploads\/2023\/06\/1-2.png\",\"datePublished\":\"2023-06-28T07:43:37+00:00\",\"breadcrumb\":{\"@id\":\"https:\/\/gst-sl.com\/wp\/bwlm-shop\/aeroespacial\/drones-dji\/dji-mavic-3-enterprise\/#breadcrumb\"},\"inLanguage\":\"es\",\"potentialAction\":[{\"@type\":\"ReadAction\",\"target\":[\"https:\/\/gst-sl.com\/wp\/bwlm-shop\/aeroespacial\/drones-dji\/dji-mavic-3-enterprise\/\"]}]},{\"@type\":\"ImageObject\",\"inLanguage\":\"es\",\"@id\":\"https:\/\/gst-sl.com\/wp\/bwlm-shop\/aeroespacial\/drones-dji\/dji-mavic-3-enterprise\/#primaryimage\",\"url\":\"https:\/\/gst-sl.com\/wp-content\/uploads\/2023\/06\/1-2.png\",\"contentUrl\":\"https:\/\/gst-sl.com\/wp-content\/uploads\/2023\/06\/1-2.png\",\"width\":425,\"height\":425},{\"@type\":\"BreadcrumbList\",\"@id\":\"https:\/\/gst-sl.com\/wp\/bwlm-shop\/aeroespacial\/drones-dji\/dji-mavic-3-enterprise\/#breadcrumb\",\"itemListElement\":[{\"@type\":\"ListItem\",\"position\":1,\"name\":\"Portada\",\"item\":\"https:\/\/gst-sl.com\/wp\/\"},{\"@type\":\"ListItem\",\"position\":2,\"name\":\"PRODUCTOS\",\"item\":\"https:\/\/gst-sl.com\/wp\/productos\/\"},{\"@type\":\"ListItem\",\"position\":3,\"name\":\"DJI Mavic 3 Enterprise\"}]},{\"@type\":\"WebSite\",\"@id\":\"https:\/\/gst-sl.com\/wp\/#website\",\"url\":\"https:\/\/gst-sl.com\/wp\/\",\"name\":\"GST Gesti\u00f3n de Sistemas Topogr\u00e1ficos\",\"description\":\"GST - Gesti\u00f3n de Sistemas Topogr\u00e1ficos\",\"publisher\":{\"@id\":\"https:\/\/gst-sl.com\/wp\/#organization\"},\"alternateName\":\"GST\",\"potentialAction\":[{\"@type\":\"SearchAction\",\"target\":{\"@type\":\"EntryPoint\",\"urlTemplate\":\"https:\/\/gst-sl.com\/wp\/?s={search_term_string}\"},\"query-input\":{\"@type\":\"PropertyValueSpecification\",\"valueRequired\":true,\"valueName\":\"search_term_string\"}}],\"inLanguage\":\"es\"},{\"@type\":\"Organization\",\"@id\":\"https:\/\/gst-sl.com\/wp\/#organization\",\"name\":\"GST Gesti\u00f3n de Sistemas Topogr\u00e1ficos\",\"alternateName\":\"GST\",\"url\":\"https:\/\/gst-sl.com\/wp\/\",\"logo\":{\"@type\":\"ImageObject\",\"inLanguage\":\"es\",\"@id\":\"https:\/\/gst-sl.com\/wp\/#\/schema\/logo\/image\/\",\"url\":\"https:\/\/gst-sl.com\/wp\/wp-content\/uploads\/2023\/06\/logo_gst_2.png\",\"contentUrl\":\"https:\/\/gst-sl.com\/wp\/wp-content\/uploads\/2023\/06\/logo_gst_2.png\",\"width\":597,\"height\":232,\"caption\":\"GST Gesti\u00f3n de Sistemas Topogr\u00e1ficos\"},\"image\":{\"@id\":\"https:\/\/gst-sl.com\/wp\/#\/schema\/logo\/image\/\"}}]}<\/script>\n<!-- \/ Yoast SEO plugin. -->","yoast_head_json":{"title":"DJI Mavic 3 Enterprise - GST","robots":{"index":"index","follow":"follow","max-snippet":"max-snippet:-1","max-image-preview":"max-image-preview:large","max-video-preview":"max-video-preview:-1"},"canonical":"https:\/\/gst-sl.com\/wp\/bwlm-shop\/aeroespacial\/drones-dji\/dji-mavic-3-enterprise\/","og_locale":"es_ES","og_type":"article","og_title":"DJI Mavic 3 Enterprise - GST","og_description":"La Serie Mavic 3 Enterprise redefine los est\u00e1ndares de la industria para los drones comerciales peque\u00f1os. Con un obturador mec\u00e1nico, una c\u00e1mara con zoom 56\u00d7 y un m\u00f3dulo RTK para lograr precisi\u00f3n centim\u00e9trica, el Mavic 3E lleva la eficiencia de la cartograf\u00eda y de las misiones a nuevas cotas. Una versi\u00f3n t\u00e9rmica est\u00e1 disponible para misiones de extinci\u00f3n de incendios, b\u00fasqueda y rescate, inspecciones y operaciones nocturnas.    Compacto y port\u00e1til    C\u00e1mara gran angular con CMOS 4\/3    Zoom h\u00edbrido 56\u00d7    C\u00e1mara t\u00e9rmica 640\u00d7512 px[2]    45 min de tiempo m\u00e1x. de vuelo    Transmisi\u00f3n DJI O3 Enterprise    Posicionamiento de precisi\u00f3n centim\u00e9trica con RTK","og_url":"https:\/\/gst-sl.com\/wp\/bwlm-shop\/aeroespacial\/drones-dji\/dji-mavic-3-enterprise\/","og_site_name":"GST","og_image":[{"width":425,"height":425,"url":"https:\/\/gst-sl.com\/wp-content\/uploads\/2023\/06\/1-2.png","type":"image\/png"}],"twitter_card":"summary_large_image","schema":{"@context":"https:\/\/schema.org","@graph":[{"@type":"WebPage","@id":"https:\/\/gst-sl.com\/wp\/bwlm-shop\/aeroespacial\/drones-dji\/dji-mavic-3-enterprise\/","url":"https:\/\/gst-sl.com\/wp\/bwlm-shop\/aeroespacial\/drones-dji\/dji-mavic-3-enterprise\/","name":"DJI Mavic 3 Enterprise - GST","isPartOf":{"@id":"https:\/\/gst-sl.com\/wp\/#website"},"primaryImageOfPage":{"@id":"https:\/\/gst-sl.com\/wp\/bwlm-shop\/aeroespacial\/drones-dji\/dji-mavic-3-enterprise\/#primaryimage"},"image":{"@id":"https:\/\/gst-sl.com\/wp\/bwlm-shop\/aeroespacial\/drones-dji\/dji-mavic-3-enterprise\/#primaryimage"},"thumbnailUrl":"https:\/\/gst-sl.com\/wp-content\/uploads\/2023\/06\/1-2.png","datePublished":"2023-06-28T07:43:37+00:00","breadcrumb":{"@id":"https:\/\/gst-sl.com\/wp\/bwlm-shop\/aeroespacial\/drones-dji\/dji-mavic-3-enterprise\/#breadcrumb"},"inLanguage":"es","potentialAction":[{"@type":"ReadAction","target":["https:\/\/gst-sl.com\/wp\/bwlm-shop\/aeroespacial\/drones-dji\/dji-mavic-3-enterprise\/"]}]},{"@type":"ImageObject","inLanguage":"es","@id":"https:\/\/gst-sl.com\/wp\/bwlm-shop\/aeroespacial\/drones-dji\/dji-mavic-3-enterprise\/#primaryimage","url":"https:\/\/gst-sl.com\/wp-content\/uploads\/2023\/06\/1-2.png","contentUrl":"https:\/\/gst-sl.com\/wp-content\/uploads\/2023\/06\/1-2.png","width":425,"height":425},{"@type":"BreadcrumbList","@id":"https:\/\/gst-sl.com\/wp\/bwlm-shop\/aeroespacial\/drones-dji\/dji-mavic-3-enterprise\/#breadcrumb","itemListElement":[{"@type":"ListItem","position":1,"name":"Portada","item":"https:\/\/gst-sl.com\/wp\/"},{"@type":"ListItem","position":2,"name":"PRODUCTOS","item":"https:\/\/gst-sl.com\/wp\/productos\/"},{"@type":"ListItem","position":3,"name":"DJI Mavic 3 Enterprise"}]},{"@type":"WebSite","@id":"https:\/\/gst-sl.com\/wp\/#website","url":"https:\/\/gst-sl.com\/wp\/","name":"GST Gesti\u00f3n de Sistemas Topogr\u00e1ficos","description":"GST - Gesti\u00f3n de Sistemas Topogr\u00e1ficos","publisher":{"@id":"https:\/\/gst-sl.com\/wp\/#organization"},"alternateName":"GST","potentialAction":[{"@type":"SearchAction","target":{"@type":"EntryPoint","urlTemplate":"https:\/\/gst-sl.com\/wp\/?s={search_term_string}"},"query-input":{"@type":"PropertyValueSpecification","valueRequired":true,"valueName":"search_term_string"}}],"inLanguage":"es"},{"@type":"Organization","@id":"https:\/\/gst-sl.com\/wp\/#organization","name":"GST Gesti\u00f3n de Sistemas Topogr\u00e1ficos","alternateName":"GST","url":"https:\/\/gst-sl.com\/wp\/","logo":{"@type":"ImageObject","inLanguage":"es","@id":"https:\/\/gst-sl.com\/wp\/#\/schema\/logo\/image\/","url":"https:\/\/gst-sl.com\/wp\/wp-content\/uploads\/2023\/06\/logo_gst_2.png","contentUrl":"https:\/\/gst-sl.com\/wp\/wp-content\/uploads\/2023\/06\/logo_gst_2.png","width":597,"height":232,"caption":"GST Gesti\u00f3n de Sistemas Topogr\u00e1ficos"},"image":{"@id":"https:\/\/gst-sl.com\/wp\/#\/schema\/logo\/image\/"}}]}},"_links":{"self":[{"href":"https:\/\/gst-sl.com\/wp\/wp-json\/wp\/v2\/product\/1597","targetHints":{"allow":["GET"]}}],"collection":[{"href":"https:\/\/gst-sl.com\/wp\/wp-json\/wp\/v2\/product"}],"about":[{"href":"https:\/\/gst-sl.com\/wp\/wp-json\/wp\/v2\/types\/product"}],"wp:featuredmedia":[{"embeddable":true,"href":"https:\/\/gst-sl.com\/wp\/wp-json\/wp\/v2\/media\/1598"}],"wp:attachment":[{"href":"https:\/\/gst-sl.com\/wp\/wp-json\/wp\/v2\/media?parent=1597"}],"wp:term":[{"taxonomy":"product_brand","embeddable":true,"href":"https:\/\/gst-sl.com\/wp\/wp-json\/wp\/v2\/product_brand?post=1597"},{"taxonomy":"product_cat","embeddable":true,"href":"https:\/\/gst-sl.com\/wp\/wp-json\/wp\/v2\/product_cat?post=1597"},{"taxonomy":"product_tag","embeddable":true,"href":"https:\/\/gst-sl.com\/wp\/wp-json\/wp\/v2\/product_tag?post=1597"}],"curies":[{"name":"wp","href":"https:\/\/api.w.org\/{rel}","templated":true}]}}