{"id":1603,"date":"2023-06-28T07:46:57","date_gmt":"2023-06-28T07:46:57","guid":{"rendered":"https:\/\/gst-sl.com\/wp\/?post_type=product&#038;p=1603"},"modified":"2023-06-28T07:50:03","modified_gmt":"2023-06-28T07:50:03","slug":"dji-mavic-3m","status":"publish","type":"product","link":"https:\/\/gst-sl.com\/wp\/bwlm-shop\/aeroespacial\/drones-dji\/dji-mavic-3m\/","title":{"rendered":"DJI Mavic 3M"},"content":{"rendered":"","protected":false},"excerpt":{"rendered":"<div class=\"product-short-description\">\n<h4>La topograf\u00eda a\u00e9rea eficiente necesita ver lo invisible. Por eso, Mavic 3 Multispectral tiene dos formas de ver. Combina una c\u00e1mara RGB con una c\u00e1mara multiespectral para escanear y analizar el crecimiento de los cultivos con total claridad. La gesti\u00f3n de la producci\u00f3n agr\u00edcola requiere precisi\u00f3n y datos, y Mavic 3M ofrece ambos.<\/h4>\n<ul>\n<li>\n<h4>Compacto y port\u00e1til. Plegable para guardarlo f\u00e1cilmente<\/h4>\n<\/li>\n<li>\n<h4>C\u00e1mara multiespectral 4 \u00d7 5 MP \u2013 G\/R\/RE\/NIR<\/h4>\n<\/li>\n<li>\n<h4>C\u00e1mara RGB 20 MP CMOS 4\/3, obturador mec\u00e1nico<\/h4>\n<\/li>\n<li>\n<h4>Seguro y estable. Sistema anticolisi\u00f3n omnidireccional. Alcance de transmisi\u00f3n de 15 km<\/h4>\n<\/li>\n<li>\n<h4>Posicionamiento preciso. Posicionamiento RTK de nivel centim\u00e9trico. Sincronizaci\u00f3n temporal en microsegundos<\/h4>\n<\/li>\n<li>\n<h4>Topograf\u00eda a\u00e9rea eficiente. Hasta 200 hect\u00e1reas por vuelo<\/h4>\n<\/li>\n<\/ul>\n<h4><\/h4>\n<ul>\n<li class=\"bs\">\n<h4><span style=\"color: #ffffff;\"><a style=\"color: #ffffff;\" href=\"https:\/\/ag.dji.com\/es\/mavic-3-m\/specs\" target=\"_blank\" rel=\"noopener\">Especificaciones t\u00e9cnicas<\/a><\/span><\/h4>\n<\/li>\n<li class=\"bs\">\n<h4><span style=\"color: #ffffff;\"><a style=\"color: #ffffff;\" href=\"https:\/\/ag.dji.com\/es\/mavic-3-m\/downloads\" target=\"_blank\" rel=\"noopener\">Descargas<\/a><\/span><\/h4>\n<\/li>\n<\/ul>\n<\/div>\n","protected":false},"featured_media":1604,"template":"","meta":[],"product_brand":[],"product_cat":[120],"product_tag":[],"class_list":{"0":"post-1603","1":"product","2":"type-product","3":"status-publish","4":"has-post-thumbnail","6":"product_cat-drones-dji","8":"first","9":"instock","10":"shipping-taxable","11":"product-type-simple"},"yoast_head":"<!-- This site is optimized with the Yoast SEO plugin v26.5 - https:\/\/yoast.com\/wordpress\/plugins\/seo\/ -->\n<title>DJI Mavic 3M - GST<\/title>\n<meta name=\"robots\" content=\"index, follow, max-snippet:-1, max-image-preview:large, max-video-preview:-1\" \/>\n<link rel=\"canonical\" href=\"https:\/\/gst-sl.com\/wp\/bwlm-shop\/aeroespacial\/drones-dji\/dji-mavic-3m\/\" \/>\n<meta property=\"og:locale\" content=\"es_ES\" \/>\n<meta property=\"og:type\" content=\"article\" \/>\n<meta property=\"og:title\" content=\"DJI Mavic 3M - GST\" \/>\n<meta property=\"og:description\" content=\"La topograf\u00eda a\u00e9rea eficiente necesita ver lo invisible. Por eso, Mavic 3 Multispectral tiene dos formas de ver. Combina una c\u00e1mara RGB con una c\u00e1mara multiespectral para escanear y analizar el crecimiento de los cultivos con total claridad. La gesti\u00f3n de la producci\u00f3n agr\u00edcola requiere precisi\u00f3n y datos, y Mavic 3M ofrece ambos.    Compacto y port\u00e1til. Plegable para guardarlo f\u00e1cilmente    C\u00e1mara multiespectral 4 \u00d7 5 MP \u2013 G\/R\/RE\/NIR    C\u00e1mara RGB 20 MP CMOS 4\/3, obturador mec\u00e1nico    Seguro y estable. Sistema anticolisi\u00f3n omnidireccional. Alcance de transmisi\u00f3n de 15 km    Posicionamiento preciso. Posicionamiento RTK de nivel centim\u00e9trico. Sincronizaci\u00f3n temporal en microsegundos    Topograf\u00eda a\u00e9rea eficiente. Hasta 200 hect\u00e1reas por vuelo       Especificaciones t\u00e9cnicas    Descargas\" \/>\n<meta property=\"og:url\" content=\"https:\/\/gst-sl.com\/wp\/bwlm-shop\/aeroespacial\/drones-dji\/dji-mavic-3m\/\" \/>\n<meta property=\"og:site_name\" content=\"GST\" \/>\n<meta property=\"article:modified_time\" content=\"2023-06-28T07:50:03+00:00\" \/>\n<meta property=\"og:image\" content=\"https:\/\/gst-sl.com\/wp-content\/uploads\/2023\/06\/1-3.png\" \/>\n\t<meta property=\"og:image:width\" content=\"425\" \/>\n\t<meta property=\"og:image:height\" content=\"425\" \/>\n\t<meta property=\"og:image:type\" content=\"image\/png\" \/>\n<meta name=\"twitter:card\" content=\"summary_large_image\" \/>\n<script type=\"application\/ld+json\" class=\"yoast-schema-graph\">{\"@context\":\"https:\/\/schema.org\",\"@graph\":[{\"@type\":\"WebPage\",\"@id\":\"https:\/\/gst-sl.com\/wp\/bwlm-shop\/aeroespacial\/drones-dji\/dji-mavic-3m\/\",\"url\":\"https:\/\/gst-sl.com\/wp\/bwlm-shop\/aeroespacial\/drones-dji\/dji-mavic-3m\/\",\"name\":\"DJI Mavic 3M - GST\",\"isPartOf\":{\"@id\":\"https:\/\/gst-sl.com\/wp\/#website\"},\"primaryImageOfPage\":{\"@id\":\"https:\/\/gst-sl.com\/wp\/bwlm-shop\/aeroespacial\/drones-dji\/dji-mavic-3m\/#primaryimage\"},\"image\":{\"@id\":\"https:\/\/gst-sl.com\/wp\/bwlm-shop\/aeroespacial\/drones-dji\/dji-mavic-3m\/#primaryimage\"},\"thumbnailUrl\":\"https:\/\/gst-sl.com\/wp-content\/uploads\/2023\/06\/1-3.png\",\"datePublished\":\"2023-06-28T07:46:57+00:00\",\"dateModified\":\"2023-06-28T07:50:03+00:00\",\"breadcrumb\":{\"@id\":\"https:\/\/gst-sl.com\/wp\/bwlm-shop\/aeroespacial\/drones-dji\/dji-mavic-3m\/#breadcrumb\"},\"inLanguage\":\"es\",\"potentialAction\":[{\"@type\":\"ReadAction\",\"target\":[\"https:\/\/gst-sl.com\/wp\/bwlm-shop\/aeroespacial\/drones-dji\/dji-mavic-3m\/\"]}]},{\"@type\":\"ImageObject\",\"inLanguage\":\"es\",\"@id\":\"https:\/\/gst-sl.com\/wp\/bwlm-shop\/aeroespacial\/drones-dji\/dji-mavic-3m\/#primaryimage\",\"url\":\"https:\/\/gst-sl.com\/wp-content\/uploads\/2023\/06\/1-3.png\",\"contentUrl\":\"https:\/\/gst-sl.com\/wp-content\/uploads\/2023\/06\/1-3.png\",\"width\":425,\"height\":425},{\"@type\":\"BreadcrumbList\",\"@id\":\"https:\/\/gst-sl.com\/wp\/bwlm-shop\/aeroespacial\/drones-dji\/dji-mavic-3m\/#breadcrumb\",\"itemListElement\":[{\"@type\":\"ListItem\",\"position\":1,\"name\":\"Portada\",\"item\":\"https:\/\/gst-sl.com\/wp\/\"},{\"@type\":\"ListItem\",\"position\":2,\"name\":\"PRODUCTOS\",\"item\":\"https:\/\/gst-sl.com\/wp\/productos\/\"},{\"@type\":\"ListItem\",\"position\":3,\"name\":\"DJI Mavic 3M\"}]},{\"@type\":\"WebSite\",\"@id\":\"https:\/\/gst-sl.com\/wp\/#website\",\"url\":\"https:\/\/gst-sl.com\/wp\/\",\"name\":\"GST Gesti\u00f3n de Sistemas Topogr\u00e1ficos\",\"description\":\"GST - Gesti\u00f3n de Sistemas Topogr\u00e1ficos\",\"publisher\":{\"@id\":\"https:\/\/gst-sl.com\/wp\/#organization\"},\"alternateName\":\"GST\",\"potentialAction\":[{\"@type\":\"SearchAction\",\"target\":{\"@type\":\"EntryPoint\",\"urlTemplate\":\"https:\/\/gst-sl.com\/wp\/?s={search_term_string}\"},\"query-input\":{\"@type\":\"PropertyValueSpecification\",\"valueRequired\":true,\"valueName\":\"search_term_string\"}}],\"inLanguage\":\"es\"},{\"@type\":\"Organization\",\"@id\":\"https:\/\/gst-sl.com\/wp\/#organization\",\"name\":\"GST Gesti\u00f3n de Sistemas Topogr\u00e1ficos\",\"alternateName\":\"GST\",\"url\":\"https:\/\/gst-sl.com\/wp\/\",\"logo\":{\"@type\":\"ImageObject\",\"inLanguage\":\"es\",\"@id\":\"https:\/\/gst-sl.com\/wp\/#\/schema\/logo\/image\/\",\"url\":\"https:\/\/gst-sl.com\/wp\/wp-content\/uploads\/2023\/06\/logo_gst_2.png\",\"contentUrl\":\"https:\/\/gst-sl.com\/wp\/wp-content\/uploads\/2023\/06\/logo_gst_2.png\",\"width\":597,\"height\":232,\"caption\":\"GST Gesti\u00f3n de Sistemas Topogr\u00e1ficos\"},\"image\":{\"@id\":\"https:\/\/gst-sl.com\/wp\/#\/schema\/logo\/image\/\"}}]}<\/script>\n<!-- \/ Yoast SEO plugin. -->","yoast_head_json":{"title":"DJI Mavic 3M - GST","robots":{"index":"index","follow":"follow","max-snippet":"max-snippet:-1","max-image-preview":"max-image-preview:large","max-video-preview":"max-video-preview:-1"},"canonical":"https:\/\/gst-sl.com\/wp\/bwlm-shop\/aeroespacial\/drones-dji\/dji-mavic-3m\/","og_locale":"es_ES","og_type":"article","og_title":"DJI Mavic 3M - GST","og_description":"La topograf\u00eda a\u00e9rea eficiente necesita ver lo invisible. Por eso, Mavic 3 Multispectral tiene dos formas de ver. Combina una c\u00e1mara RGB con una c\u00e1mara multiespectral para escanear y analizar el crecimiento de los cultivos con total claridad. La gesti\u00f3n de la producci\u00f3n agr\u00edcola requiere precisi\u00f3n y datos, y Mavic 3M ofrece ambos.    Compacto y port\u00e1til. Plegable para guardarlo f\u00e1cilmente    C\u00e1mara multiespectral 4 \u00d7 5 MP \u2013 G\/R\/RE\/NIR    C\u00e1mara RGB 20 MP CMOS 4\/3, obturador mec\u00e1nico    Seguro y estable. Sistema anticolisi\u00f3n omnidireccional. Alcance de transmisi\u00f3n de 15 km    Posicionamiento preciso. Posicionamiento RTK de nivel centim\u00e9trico. Sincronizaci\u00f3n temporal en microsegundos    Topograf\u00eda a\u00e9rea eficiente. Hasta 200 hect\u00e1reas por vuelo       Especificaciones t\u00e9cnicas    Descargas","og_url":"https:\/\/gst-sl.com\/wp\/bwlm-shop\/aeroespacial\/drones-dji\/dji-mavic-3m\/","og_site_name":"GST","article_modified_time":"2023-06-28T07:50:03+00:00","og_image":[{"width":425,"height":425,"url":"https:\/\/gst-sl.com\/wp-content\/uploads\/2023\/06\/1-3.png","type":"image\/png"}],"twitter_card":"summary_large_image","schema":{"@context":"https:\/\/schema.org","@graph":[{"@type":"WebPage","@id":"https:\/\/gst-sl.com\/wp\/bwlm-shop\/aeroespacial\/drones-dji\/dji-mavic-3m\/","url":"https:\/\/gst-sl.com\/wp\/bwlm-shop\/aeroespacial\/drones-dji\/dji-mavic-3m\/","name":"DJI Mavic 3M - GST","isPartOf":{"@id":"https:\/\/gst-sl.com\/wp\/#website"},"primaryImageOfPage":{"@id":"https:\/\/gst-sl.com\/wp\/bwlm-shop\/aeroespacial\/drones-dji\/dji-mavic-3m\/#primaryimage"},"image":{"@id":"https:\/\/gst-sl.com\/wp\/bwlm-shop\/aeroespacial\/drones-dji\/dji-mavic-3m\/#primaryimage"},"thumbnailUrl":"https:\/\/gst-sl.com\/wp-content\/uploads\/2023\/06\/1-3.png","datePublished":"2023-06-28T07:46:57+00:00","dateModified":"2023-06-28T07:50:03+00:00","breadcrumb":{"@id":"https:\/\/gst-sl.com\/wp\/bwlm-shop\/aeroespacial\/drones-dji\/dji-mavic-3m\/#breadcrumb"},"inLanguage":"es","potentialAction":[{"@type":"ReadAction","target":["https:\/\/gst-sl.com\/wp\/bwlm-shop\/aeroespacial\/drones-dji\/dji-mavic-3m\/"]}]},{"@type":"ImageObject","inLanguage":"es","@id":"https:\/\/gst-sl.com\/wp\/bwlm-shop\/aeroespacial\/drones-dji\/dji-mavic-3m\/#primaryimage","url":"https:\/\/gst-sl.com\/wp-content\/uploads\/2023\/06\/1-3.png","contentUrl":"https:\/\/gst-sl.com\/wp-content\/uploads\/2023\/06\/1-3.png","width":425,"height":425},{"@type":"BreadcrumbList","@id":"https:\/\/gst-sl.com\/wp\/bwlm-shop\/aeroespacial\/drones-dji\/dji-mavic-3m\/#breadcrumb","itemListElement":[{"@type":"ListItem","position":1,"name":"Portada","item":"https:\/\/gst-sl.com\/wp\/"},{"@type":"ListItem","position":2,"name":"PRODUCTOS","item":"https:\/\/gst-sl.com\/wp\/productos\/"},{"@type":"ListItem","position":3,"name":"DJI Mavic 3M"}]},{"@type":"WebSite","@id":"https:\/\/gst-sl.com\/wp\/#website","url":"https:\/\/gst-sl.com\/wp\/","name":"GST Gesti\u00f3n de Sistemas Topogr\u00e1ficos","description":"GST - Gesti\u00f3n de Sistemas Topogr\u00e1ficos","publisher":{"@id":"https:\/\/gst-sl.com\/wp\/#organization"},"alternateName":"GST","potentialAction":[{"@type":"SearchAction","target":{"@type":"EntryPoint","urlTemplate":"https:\/\/gst-sl.com\/wp\/?s={search_term_string}"},"query-input":{"@type":"PropertyValueSpecification","valueRequired":true,"valueName":"search_term_string"}}],"inLanguage":"es"},{"@type":"Organization","@id":"https:\/\/gst-sl.com\/wp\/#organization","name":"GST Gesti\u00f3n de Sistemas Topogr\u00e1ficos","alternateName":"GST","url":"https:\/\/gst-sl.com\/wp\/","logo":{"@type":"ImageObject","inLanguage":"es","@id":"https:\/\/gst-sl.com\/wp\/#\/schema\/logo\/image\/","url":"https:\/\/gst-sl.com\/wp\/wp-content\/uploads\/2023\/06\/logo_gst_2.png","contentUrl":"https:\/\/gst-sl.com\/wp\/wp-content\/uploads\/2023\/06\/logo_gst_2.png","width":597,"height":232,"caption":"GST Gesti\u00f3n de Sistemas Topogr\u00e1ficos"},"image":{"@id":"https:\/\/gst-sl.com\/wp\/#\/schema\/logo\/image\/"}}]}},"_links":{"self":[{"href":"https:\/\/gst-sl.com\/wp\/wp-json\/wp\/v2\/product\/1603","targetHints":{"allow":["GET"]}}],"collection":[{"href":"https:\/\/gst-sl.com\/wp\/wp-json\/wp\/v2\/product"}],"about":[{"href":"https:\/\/gst-sl.com\/wp\/wp-json\/wp\/v2\/types\/product"}],"wp:featuredmedia":[{"embeddable":true,"href":"https:\/\/gst-sl.com\/wp\/wp-json\/wp\/v2\/media\/1604"}],"wp:attachment":[{"href":"https:\/\/gst-sl.com\/wp\/wp-json\/wp\/v2\/media?parent=1603"}],"wp:term":[{"taxonomy":"product_brand","embeddable":true,"href":"https:\/\/gst-sl.com\/wp\/wp-json\/wp\/v2\/product_brand?post=1603"},{"taxonomy":"product_cat","embeddable":true,"href":"https:\/\/gst-sl.com\/wp\/wp-json\/wp\/v2\/product_cat?post=1603"},{"taxonomy":"product_tag","embeddable":true,"href":"https:\/\/gst-sl.com\/wp\/wp-json\/wp\/v2\/product_tag?post=1603"}],"curies":[{"name":"wp","href":"https:\/\/api.w.org\/{rel}","templated":true}]}}