{"id":1623,"date":"2023-06-28T07:55:13","date_gmt":"2023-06-28T07:55:13","guid":{"rendered":"https:\/\/gst-sl.com\/wp\/?post_type=product&#038;p=1623"},"modified":"2023-06-28T07:55:13","modified_gmt":"2023-06-28T07:55:13","slug":"dji-matrice-300-rtk","status":"publish","type":"product","link":"https:\/\/gst-sl.com\/wp\/bwlm-shop\/aeroespacial\/drones-dji\/dji-matrice-300-rtk\/","title":{"rendered":"DJI Matrice 300 RTK"},"content":{"rendered":"","protected":false},"excerpt":{"rendered":"<div class=\"product-short-description\">\n<h3 class=\"common-title\">Un nuevo est\u00e1ndar en el sector de drones para empresa.<\/h3>\n<h4>El Matrice 300 RTK es la plataforma dron comercial de DJI m\u00e1s reciente y se inspira en los sistemas de avi\u00f3nica m\u00e1s modernos.<br \/>\nOfrece un tiempo de vuelo de hasta 55 minutos, una avanzada IA y un sistema de gesti\u00f3n del VANT, entre otros. El M300 RTK redefine lo que se puede esperar de un dron de empresa gracias a una combinaci\u00f3n l\u00edder de funciones inteligentes, alto rendimiento y fiabilidad.<\/h4>\n<ul>\n<li class=\"bullet-checkmark\">\n<h4>Distancia m\u00e1x. de transmisi\u00f3n de hasta 15 km<\/h4>\n<\/li>\n<li class=\"bullet-checkmark\">\n<h4>Tiempo de vuelo de hasta 55 min<\/h4>\n<\/li>\n<li class=\"bullet-checkmark\">\n<h4>Detecci\u00f3n y posicionamiento en seis direcciones<\/h4>\n<\/li>\n<li class=\"bullet-checkmark\">\n<h4>Pantalla principal de vuelo<\/h4>\n<\/li>\n<li class=\"bullet-checkmark\">\n<h4>Protecci\u00f3n IP45<\/h4>\n<\/li>\n<li class=\"bullet-checkmark\">\n<h4>Temperatura de funcionamiento de \u201320 a 50 \u00b0C<\/h4>\n<\/li>\n<li class=\"bullet-checkmark\">\n<h4>Bater\u00edas intercambiables en caliente<\/h4>\n<\/li>\n<li class=\"bullet-checkmark\">\n<h4>Sistema de gesti\u00f3n de estado del VANT<\/h4>\n<\/li>\n<\/ul>\n<\/div>\n","protected":false},"featured_media":1624,"template":"","meta":[],"product_brand":[],"product_cat":[120],"product_tag":[],"class_list":{"0":"post-1623","1":"product","2":"type-product","3":"status-publish","4":"has-post-thumbnail","6":"product_cat-drones-dji","8":"first","9":"instock","10":"shipping-taxable","11":"product-type-simple"},"yoast_head":"<!-- This site is optimized with the Yoast SEO plugin v26.5 - https:\/\/yoast.com\/wordpress\/plugins\/seo\/ -->\n<title>DJI Matrice 300 RTK - GST<\/title>\n<meta name=\"robots\" content=\"index, follow, max-snippet:-1, max-image-preview:large, max-video-preview:-1\" \/>\n<link rel=\"canonical\" href=\"https:\/\/gst-sl.com\/wp\/bwlm-shop\/aeroespacial\/drones-dji\/dji-matrice-300-rtk\/\" \/>\n<meta property=\"og:locale\" content=\"es_ES\" \/>\n<meta property=\"og:type\" content=\"article\" \/>\n<meta property=\"og:title\" content=\"DJI Matrice 300 RTK - GST\" \/>\n<meta property=\"og:description\" content=\"Un nuevo est\u00e1ndar en el sector de drones para empresa. El Matrice 300 RTK es la plataforma dron comercial de DJI m\u00e1s reciente y se inspira en los sistemas de avi\u00f3nica m\u00e1s modernos. Ofrece un tiempo de vuelo de hasta 55 minutos, una avanzada IA y un sistema de gesti\u00f3n del VANT, entre otros. El M300 RTK redefine lo que se puede esperar de un dron de empresa gracias a una combinaci\u00f3n l\u00edder de funciones inteligentes, alto rendimiento y fiabilidad.    Distancia m\u00e1x. de transmisi\u00f3n de hasta 15 km    Tiempo de vuelo de hasta 55 min    Detecci\u00f3n y posicionamiento en seis direcciones    Pantalla principal de vuelo    Protecci\u00f3n IP45    Temperatura de funcionamiento de \u201320 a 50 \u00b0C    Bater\u00edas intercambiables en caliente    Sistema de gesti\u00f3n de estado del VANT\" \/>\n<meta property=\"og:url\" content=\"https:\/\/gst-sl.com\/wp\/bwlm-shop\/aeroespacial\/drones-dji\/dji-matrice-300-rtk\/\" \/>\n<meta property=\"og:site_name\" content=\"GST\" \/>\n<meta property=\"og:image\" content=\"https:\/\/gst-sl.com\/wp-content\/uploads\/2023\/06\/1-6.png\" \/>\n\t<meta property=\"og:image:width\" content=\"425\" \/>\n\t<meta property=\"og:image:height\" content=\"425\" \/>\n\t<meta property=\"og:image:type\" content=\"image\/png\" \/>\n<meta name=\"twitter:card\" content=\"summary_large_image\" \/>\n<script type=\"application\/ld+json\" class=\"yoast-schema-graph\">{\"@context\":\"https:\/\/schema.org\",\"@graph\":[{\"@type\":\"WebPage\",\"@id\":\"https:\/\/gst-sl.com\/wp\/bwlm-shop\/aeroespacial\/drones-dji\/dji-matrice-300-rtk\/\",\"url\":\"https:\/\/gst-sl.com\/wp\/bwlm-shop\/aeroespacial\/drones-dji\/dji-matrice-300-rtk\/\",\"name\":\"DJI Matrice 300 RTK - GST\",\"isPartOf\":{\"@id\":\"https:\/\/gst-sl.com\/wp\/#website\"},\"primaryImageOfPage\":{\"@id\":\"https:\/\/gst-sl.com\/wp\/bwlm-shop\/aeroespacial\/drones-dji\/dji-matrice-300-rtk\/#primaryimage\"},\"image\":{\"@id\":\"https:\/\/gst-sl.com\/wp\/bwlm-shop\/aeroespacial\/drones-dji\/dji-matrice-300-rtk\/#primaryimage\"},\"thumbnailUrl\":\"https:\/\/gst-sl.com\/wp-content\/uploads\/2023\/06\/1-6.png\",\"datePublished\":\"2023-06-28T07:55:13+00:00\",\"breadcrumb\":{\"@id\":\"https:\/\/gst-sl.com\/wp\/bwlm-shop\/aeroespacial\/drones-dji\/dji-matrice-300-rtk\/#breadcrumb\"},\"inLanguage\":\"es\",\"potentialAction\":[{\"@type\":\"ReadAction\",\"target\":[\"https:\/\/gst-sl.com\/wp\/bwlm-shop\/aeroespacial\/drones-dji\/dji-matrice-300-rtk\/\"]}]},{\"@type\":\"ImageObject\",\"inLanguage\":\"es\",\"@id\":\"https:\/\/gst-sl.com\/wp\/bwlm-shop\/aeroespacial\/drones-dji\/dji-matrice-300-rtk\/#primaryimage\",\"url\":\"https:\/\/gst-sl.com\/wp-content\/uploads\/2023\/06\/1-6.png\",\"contentUrl\":\"https:\/\/gst-sl.com\/wp-content\/uploads\/2023\/06\/1-6.png\",\"width\":425,\"height\":425},{\"@type\":\"BreadcrumbList\",\"@id\":\"https:\/\/gst-sl.com\/wp\/bwlm-shop\/aeroespacial\/drones-dji\/dji-matrice-300-rtk\/#breadcrumb\",\"itemListElement\":[{\"@type\":\"ListItem\",\"position\":1,\"name\":\"Portada\",\"item\":\"https:\/\/gst-sl.com\/wp\/\"},{\"@type\":\"ListItem\",\"position\":2,\"name\":\"PRODUCTOS\",\"item\":\"https:\/\/gst-sl.com\/wp\/productos\/\"},{\"@type\":\"ListItem\",\"position\":3,\"name\":\"DJI Matrice 300 RTK\"}]},{\"@type\":\"WebSite\",\"@id\":\"https:\/\/gst-sl.com\/wp\/#website\",\"url\":\"https:\/\/gst-sl.com\/wp\/\",\"name\":\"GST Gesti\u00f3n de Sistemas Topogr\u00e1ficos\",\"description\":\"GST - Gesti\u00f3n de Sistemas Topogr\u00e1ficos\",\"publisher\":{\"@id\":\"https:\/\/gst-sl.com\/wp\/#organization\"},\"alternateName\":\"GST\",\"potentialAction\":[{\"@type\":\"SearchAction\",\"target\":{\"@type\":\"EntryPoint\",\"urlTemplate\":\"https:\/\/gst-sl.com\/wp\/?s={search_term_string}\"},\"query-input\":{\"@type\":\"PropertyValueSpecification\",\"valueRequired\":true,\"valueName\":\"search_term_string\"}}],\"inLanguage\":\"es\"},{\"@type\":\"Organization\",\"@id\":\"https:\/\/gst-sl.com\/wp\/#organization\",\"name\":\"GST Gesti\u00f3n de Sistemas Topogr\u00e1ficos\",\"alternateName\":\"GST\",\"url\":\"https:\/\/gst-sl.com\/wp\/\",\"logo\":{\"@type\":\"ImageObject\",\"inLanguage\":\"es\",\"@id\":\"https:\/\/gst-sl.com\/wp\/#\/schema\/logo\/image\/\",\"url\":\"https:\/\/gst-sl.com\/wp\/wp-content\/uploads\/2023\/06\/logo_gst_2.png\",\"contentUrl\":\"https:\/\/gst-sl.com\/wp\/wp-content\/uploads\/2023\/06\/logo_gst_2.png\",\"width\":597,\"height\":232,\"caption\":\"GST Gesti\u00f3n de Sistemas Topogr\u00e1ficos\"},\"image\":{\"@id\":\"https:\/\/gst-sl.com\/wp\/#\/schema\/logo\/image\/\"}}]}<\/script>\n<!-- \/ Yoast SEO plugin. -->","yoast_head_json":{"title":"DJI Matrice 300 RTK - GST","robots":{"index":"index","follow":"follow","max-snippet":"max-snippet:-1","max-image-preview":"max-image-preview:large","max-video-preview":"max-video-preview:-1"},"canonical":"https:\/\/gst-sl.com\/wp\/bwlm-shop\/aeroespacial\/drones-dji\/dji-matrice-300-rtk\/","og_locale":"es_ES","og_type":"article","og_title":"DJI Matrice 300 RTK - GST","og_description":"Un nuevo est\u00e1ndar en el sector de drones para empresa. El Matrice 300 RTK es la plataforma dron comercial de DJI m\u00e1s reciente y se inspira en los sistemas de avi\u00f3nica m\u00e1s modernos. Ofrece un tiempo de vuelo de hasta 55 minutos, una avanzada IA y un sistema de gesti\u00f3n del VANT, entre otros. El M300 RTK redefine lo que se puede esperar de un dron de empresa gracias a una combinaci\u00f3n l\u00edder de funciones inteligentes, alto rendimiento y fiabilidad.    Distancia m\u00e1x. de transmisi\u00f3n de hasta 15 km    Tiempo de vuelo de hasta 55 min    Detecci\u00f3n y posicionamiento en seis direcciones    Pantalla principal de vuelo    Protecci\u00f3n IP45    Temperatura de funcionamiento de \u201320 a 50 \u00b0C    Bater\u00edas intercambiables en caliente    Sistema de gesti\u00f3n de estado del VANT","og_url":"https:\/\/gst-sl.com\/wp\/bwlm-shop\/aeroespacial\/drones-dji\/dji-matrice-300-rtk\/","og_site_name":"GST","og_image":[{"width":425,"height":425,"url":"https:\/\/gst-sl.com\/wp-content\/uploads\/2023\/06\/1-6.png","type":"image\/png"}],"twitter_card":"summary_large_image","schema":{"@context":"https:\/\/schema.org","@graph":[{"@type":"WebPage","@id":"https:\/\/gst-sl.com\/wp\/bwlm-shop\/aeroespacial\/drones-dji\/dji-matrice-300-rtk\/","url":"https:\/\/gst-sl.com\/wp\/bwlm-shop\/aeroespacial\/drones-dji\/dji-matrice-300-rtk\/","name":"DJI Matrice 300 RTK - GST","isPartOf":{"@id":"https:\/\/gst-sl.com\/wp\/#website"},"primaryImageOfPage":{"@id":"https:\/\/gst-sl.com\/wp\/bwlm-shop\/aeroespacial\/drones-dji\/dji-matrice-300-rtk\/#primaryimage"},"image":{"@id":"https:\/\/gst-sl.com\/wp\/bwlm-shop\/aeroespacial\/drones-dji\/dji-matrice-300-rtk\/#primaryimage"},"thumbnailUrl":"https:\/\/gst-sl.com\/wp-content\/uploads\/2023\/06\/1-6.png","datePublished":"2023-06-28T07:55:13+00:00","breadcrumb":{"@id":"https:\/\/gst-sl.com\/wp\/bwlm-shop\/aeroespacial\/drones-dji\/dji-matrice-300-rtk\/#breadcrumb"},"inLanguage":"es","potentialAction":[{"@type":"ReadAction","target":["https:\/\/gst-sl.com\/wp\/bwlm-shop\/aeroespacial\/drones-dji\/dji-matrice-300-rtk\/"]}]},{"@type":"ImageObject","inLanguage":"es","@id":"https:\/\/gst-sl.com\/wp\/bwlm-shop\/aeroespacial\/drones-dji\/dji-matrice-300-rtk\/#primaryimage","url":"https:\/\/gst-sl.com\/wp-content\/uploads\/2023\/06\/1-6.png","contentUrl":"https:\/\/gst-sl.com\/wp-content\/uploads\/2023\/06\/1-6.png","width":425,"height":425},{"@type":"BreadcrumbList","@id":"https:\/\/gst-sl.com\/wp\/bwlm-shop\/aeroespacial\/drones-dji\/dji-matrice-300-rtk\/#breadcrumb","itemListElement":[{"@type":"ListItem","position":1,"name":"Portada","item":"https:\/\/gst-sl.com\/wp\/"},{"@type":"ListItem","position":2,"name":"PRODUCTOS","item":"https:\/\/gst-sl.com\/wp\/productos\/"},{"@type":"ListItem","position":3,"name":"DJI Matrice 300 RTK"}]},{"@type":"WebSite","@id":"https:\/\/gst-sl.com\/wp\/#website","url":"https:\/\/gst-sl.com\/wp\/","name":"GST Gesti\u00f3n de Sistemas Topogr\u00e1ficos","description":"GST - Gesti\u00f3n de Sistemas Topogr\u00e1ficos","publisher":{"@id":"https:\/\/gst-sl.com\/wp\/#organization"},"alternateName":"GST","potentialAction":[{"@type":"SearchAction","target":{"@type":"EntryPoint","urlTemplate":"https:\/\/gst-sl.com\/wp\/?s={search_term_string}"},"query-input":{"@type":"PropertyValueSpecification","valueRequired":true,"valueName":"search_term_string"}}],"inLanguage":"es"},{"@type":"Organization","@id":"https:\/\/gst-sl.com\/wp\/#organization","name":"GST Gesti\u00f3n de Sistemas Topogr\u00e1ficos","alternateName":"GST","url":"https:\/\/gst-sl.com\/wp\/","logo":{"@type":"ImageObject","inLanguage":"es","@id":"https:\/\/gst-sl.com\/wp\/#\/schema\/logo\/image\/","url":"https:\/\/gst-sl.com\/wp\/wp-content\/uploads\/2023\/06\/logo_gst_2.png","contentUrl":"https:\/\/gst-sl.com\/wp\/wp-content\/uploads\/2023\/06\/logo_gst_2.png","width":597,"height":232,"caption":"GST Gesti\u00f3n de Sistemas Topogr\u00e1ficos"},"image":{"@id":"https:\/\/gst-sl.com\/wp\/#\/schema\/logo\/image\/"}}]}},"_links":{"self":[{"href":"https:\/\/gst-sl.com\/wp\/wp-json\/wp\/v2\/product\/1623","targetHints":{"allow":["GET"]}}],"collection":[{"href":"https:\/\/gst-sl.com\/wp\/wp-json\/wp\/v2\/product"}],"about":[{"href":"https:\/\/gst-sl.com\/wp\/wp-json\/wp\/v2\/types\/product"}],"wp:featuredmedia":[{"embeddable":true,"href":"https:\/\/gst-sl.com\/wp\/wp-json\/wp\/v2\/media\/1624"}],"wp:attachment":[{"href":"https:\/\/gst-sl.com\/wp\/wp-json\/wp\/v2\/media?parent=1623"}],"wp:term":[{"taxonomy":"product_brand","embeddable":true,"href":"https:\/\/gst-sl.com\/wp\/wp-json\/wp\/v2\/product_brand?post=1623"},{"taxonomy":"product_cat","embeddable":true,"href":"https:\/\/gst-sl.com\/wp\/wp-json\/wp\/v2\/product_cat?post=1623"},{"taxonomy":"product_tag","embeddable":true,"href":"https:\/\/gst-sl.com\/wp\/wp-json\/wp\/v2\/product_tag?post=1623"}],"curies":[{"name":"wp","href":"https:\/\/api.w.org\/{rel}","templated":true}]}}