{"id":1645,"date":"2023-06-28T08:08:02","date_gmt":"2023-06-28T08:08:02","guid":{"rendered":"https:\/\/gst-sl.com\/wp\/?post_type=product&#038;p=1645"},"modified":"2023-06-28T08:08:33","modified_gmt":"2023-06-28T08:08:33","slug":"software-de-gestion-dji-flighthub","status":"publish","type":"product","link":"https:\/\/gst-sl.com\/wp\/bwlm-shop\/aeroespacial\/software-dji\/software-de-gestion-dji-flighthub\/","title":{"rendered":"Software de gesti\u00f3n DJI Flighthub"},"content":{"rendered":"","protected":false},"excerpt":{"rendered":"<div class=\"product-short-description\">\n<h4>DJI Flighthub es la soluci\u00f3n definitiva para gestionar tus operaciones con drones. Con este software le permite la gesti\u00f3n de\u00a0sus operaciones con drones, gesti\u00f3n de operaciones en tiempo real, gesti\u00f3n de datos de vuelo, gesti\u00f3n de flotas y pilotos y la planificaci\u00f3n de misiones. DJI FlightHub es compatible con las siguientes plataformas dron a trav\u00e9s gracias a las aplicaciones DJI Pilot y DJI Pilot PE: Serie Matrice 300 RTK, Serie Matrice 200 V2, Serie Matrice 600, Inspire 2, Mavic Pro, Mavic 2 Enterprise, Mavic 2 Enterprise Dual, Phantom 4, Phantom 4 Advanced (salvo Phantom 4 Advanced+), Phantom 4 Pro (salvo Phantom 4 Pro+).<\/h4>\n<ul>\n<li class=\"bs\">\n<h4><span style=\"color: #ffffff;\"><a style=\"color: #ffffff;\" href=\"https:\/\/www.dji.com\/es\/flighthub\" target=\"_blank\" rel=\"noopener noreferrer\">M\u00e1s informaci\u00f3n en la p\u00e1gina web de DJI<\/a><\/span><\/h4>\n<\/li>\n<\/ul>\n<\/div>\n","protected":false},"featured_media":1646,"template":"","meta":[],"product_brand":[],"product_cat":[122],"product_tag":[],"class_list":{"0":"post-1645","1":"product","2":"type-product","3":"status-publish","4":"has-post-thumbnail","6":"product_cat-software-dji","8":"first","9":"instock","10":"shipping-taxable","11":"product-type-simple"},"yoast_head":"<!-- This site is optimized with the Yoast SEO plugin v26.5 - https:\/\/yoast.com\/wordpress\/plugins\/seo\/ -->\n<title>Software de gesti\u00f3n DJI Flighthub - GST<\/title>\n<meta name=\"robots\" content=\"index, follow, max-snippet:-1, max-image-preview:large, max-video-preview:-1\" \/>\n<link rel=\"canonical\" href=\"https:\/\/gst-sl.com\/wp\/bwlm-shop\/aeroespacial\/software-dji\/software-de-gestion-dji-flighthub\/\" \/>\n<meta property=\"og:locale\" content=\"es_ES\" \/>\n<meta property=\"og:type\" content=\"article\" \/>\n<meta property=\"og:title\" content=\"Software de gesti\u00f3n DJI Flighthub - GST\" \/>\n<meta property=\"og:description\" content=\"DJI Flighthub es la soluci\u00f3n definitiva para gestionar tus operaciones con drones. Con este software le permite la gesti\u00f3n de\u00a0sus operaciones con drones, gesti\u00f3n de operaciones en tiempo real, gesti\u00f3n de datos de vuelo, gesti\u00f3n de flotas y pilotos y la planificaci\u00f3n de misiones. DJI FlightHub es compatible con las siguientes plataformas dron a trav\u00e9s gracias a las aplicaciones DJI Pilot y DJI Pilot PE: Serie Matrice 300 RTK, Serie Matrice 200 V2, Serie Matrice 600, Inspire 2, Mavic Pro, Mavic 2 Enterprise, Mavic 2 Enterprise Dual, Phantom 4, Phantom 4 Advanced (salvo Phantom 4 Advanced+), Phantom 4 Pro (salvo Phantom 4 Pro+).    M\u00e1s informaci\u00f3n en la p\u00e1gina web de DJI\" \/>\n<meta property=\"og:url\" content=\"https:\/\/gst-sl.com\/wp\/bwlm-shop\/aeroespacial\/software-dji\/software-de-gestion-dji-flighthub\/\" \/>\n<meta property=\"og:site_name\" content=\"GST\" \/>\n<meta property=\"article:modified_time\" content=\"2023-06-28T08:08:33+00:00\" \/>\n<meta property=\"og:image\" content=\"https:\/\/gst-sl.com\/wp-content\/uploads\/2023\/06\/1-12.png\" \/>\n\t<meta property=\"og:image:width\" content=\"425\" \/>\n\t<meta property=\"og:image:height\" content=\"425\" \/>\n\t<meta property=\"og:image:type\" content=\"image\/png\" \/>\n<meta name=\"twitter:card\" content=\"summary_large_image\" \/>\n<script type=\"application\/ld+json\" class=\"yoast-schema-graph\">{\"@context\":\"https:\/\/schema.org\",\"@graph\":[{\"@type\":\"WebPage\",\"@id\":\"https:\/\/gst-sl.com\/wp\/bwlm-shop\/aeroespacial\/software-dji\/software-de-gestion-dji-flighthub\/\",\"url\":\"https:\/\/gst-sl.com\/wp\/bwlm-shop\/aeroespacial\/software-dji\/software-de-gestion-dji-flighthub\/\",\"name\":\"Software de gesti\u00f3n DJI Flighthub - GST\",\"isPartOf\":{\"@id\":\"https:\/\/gst-sl.com\/wp\/#website\"},\"primaryImageOfPage\":{\"@id\":\"https:\/\/gst-sl.com\/wp\/bwlm-shop\/aeroespacial\/software-dji\/software-de-gestion-dji-flighthub\/#primaryimage\"},\"image\":{\"@id\":\"https:\/\/gst-sl.com\/wp\/bwlm-shop\/aeroespacial\/software-dji\/software-de-gestion-dji-flighthub\/#primaryimage\"},\"thumbnailUrl\":\"https:\/\/gst-sl.com\/wp-content\/uploads\/2023\/06\/1-12.png\",\"datePublished\":\"2023-06-28T08:08:02+00:00\",\"dateModified\":\"2023-06-28T08:08:33+00:00\",\"breadcrumb\":{\"@id\":\"https:\/\/gst-sl.com\/wp\/bwlm-shop\/aeroespacial\/software-dji\/software-de-gestion-dji-flighthub\/#breadcrumb\"},\"inLanguage\":\"es\",\"potentialAction\":[{\"@type\":\"ReadAction\",\"target\":[\"https:\/\/gst-sl.com\/wp\/bwlm-shop\/aeroespacial\/software-dji\/software-de-gestion-dji-flighthub\/\"]}]},{\"@type\":\"ImageObject\",\"inLanguage\":\"es\",\"@id\":\"https:\/\/gst-sl.com\/wp\/bwlm-shop\/aeroespacial\/software-dji\/software-de-gestion-dji-flighthub\/#primaryimage\",\"url\":\"https:\/\/gst-sl.com\/wp-content\/uploads\/2023\/06\/1-12.png\",\"contentUrl\":\"https:\/\/gst-sl.com\/wp-content\/uploads\/2023\/06\/1-12.png\",\"width\":425,\"height\":425},{\"@type\":\"BreadcrumbList\",\"@id\":\"https:\/\/gst-sl.com\/wp\/bwlm-shop\/aeroespacial\/software-dji\/software-de-gestion-dji-flighthub\/#breadcrumb\",\"itemListElement\":[{\"@type\":\"ListItem\",\"position\":1,\"name\":\"Portada\",\"item\":\"https:\/\/gst-sl.com\/wp\/\"},{\"@type\":\"ListItem\",\"position\":2,\"name\":\"PRODUCTOS\",\"item\":\"https:\/\/gst-sl.com\/wp\/productos\/\"},{\"@type\":\"ListItem\",\"position\":3,\"name\":\"Software de gesti\u00f3n DJI Flighthub\"}]},{\"@type\":\"WebSite\",\"@id\":\"https:\/\/gst-sl.com\/wp\/#website\",\"url\":\"https:\/\/gst-sl.com\/wp\/\",\"name\":\"GST Gesti\u00f3n de Sistemas Topogr\u00e1ficos\",\"description\":\"GST - Gesti\u00f3n de Sistemas Topogr\u00e1ficos\",\"publisher\":{\"@id\":\"https:\/\/gst-sl.com\/wp\/#organization\"},\"alternateName\":\"GST\",\"potentialAction\":[{\"@type\":\"SearchAction\",\"target\":{\"@type\":\"EntryPoint\",\"urlTemplate\":\"https:\/\/gst-sl.com\/wp\/?s={search_term_string}\"},\"query-input\":{\"@type\":\"PropertyValueSpecification\",\"valueRequired\":true,\"valueName\":\"search_term_string\"}}],\"inLanguage\":\"es\"},{\"@type\":\"Organization\",\"@id\":\"https:\/\/gst-sl.com\/wp\/#organization\",\"name\":\"GST Gesti\u00f3n de Sistemas Topogr\u00e1ficos\",\"alternateName\":\"GST\",\"url\":\"https:\/\/gst-sl.com\/wp\/\",\"logo\":{\"@type\":\"ImageObject\",\"inLanguage\":\"es\",\"@id\":\"https:\/\/gst-sl.com\/wp\/#\/schema\/logo\/image\/\",\"url\":\"https:\/\/gst-sl.com\/wp\/wp-content\/uploads\/2023\/06\/logo_gst_2.png\",\"contentUrl\":\"https:\/\/gst-sl.com\/wp\/wp-content\/uploads\/2023\/06\/logo_gst_2.png\",\"width\":597,\"height\":232,\"caption\":\"GST Gesti\u00f3n de Sistemas Topogr\u00e1ficos\"},\"image\":{\"@id\":\"https:\/\/gst-sl.com\/wp\/#\/schema\/logo\/image\/\"}}]}<\/script>\n<!-- \/ Yoast SEO plugin. -->","yoast_head_json":{"title":"Software de gesti\u00f3n DJI Flighthub - GST","robots":{"index":"index","follow":"follow","max-snippet":"max-snippet:-1","max-image-preview":"max-image-preview:large","max-video-preview":"max-video-preview:-1"},"canonical":"https:\/\/gst-sl.com\/wp\/bwlm-shop\/aeroespacial\/software-dji\/software-de-gestion-dji-flighthub\/","og_locale":"es_ES","og_type":"article","og_title":"Software de gesti\u00f3n DJI Flighthub - GST","og_description":"DJI Flighthub es la soluci\u00f3n definitiva para gestionar tus operaciones con drones. Con este software le permite la gesti\u00f3n de\u00a0sus operaciones con drones, gesti\u00f3n de operaciones en tiempo real, gesti\u00f3n de datos de vuelo, gesti\u00f3n de flotas y pilotos y la planificaci\u00f3n de misiones. DJI FlightHub es compatible con las siguientes plataformas dron a trav\u00e9s gracias a las aplicaciones DJI Pilot y DJI Pilot PE: Serie Matrice 300 RTK, Serie Matrice 200 V2, Serie Matrice 600, Inspire 2, Mavic Pro, Mavic 2 Enterprise, Mavic 2 Enterprise Dual, Phantom 4, Phantom 4 Advanced (salvo Phantom 4 Advanced+), Phantom 4 Pro (salvo Phantom 4 Pro+).    M\u00e1s informaci\u00f3n en la p\u00e1gina web de DJI","og_url":"https:\/\/gst-sl.com\/wp\/bwlm-shop\/aeroespacial\/software-dji\/software-de-gestion-dji-flighthub\/","og_site_name":"GST","article_modified_time":"2023-06-28T08:08:33+00:00","og_image":[{"width":425,"height":425,"url":"https:\/\/gst-sl.com\/wp-content\/uploads\/2023\/06\/1-12.png","type":"image\/png"}],"twitter_card":"summary_large_image","schema":{"@context":"https:\/\/schema.org","@graph":[{"@type":"WebPage","@id":"https:\/\/gst-sl.com\/wp\/bwlm-shop\/aeroespacial\/software-dji\/software-de-gestion-dji-flighthub\/","url":"https:\/\/gst-sl.com\/wp\/bwlm-shop\/aeroespacial\/software-dji\/software-de-gestion-dji-flighthub\/","name":"Software de gesti\u00f3n DJI Flighthub - GST","isPartOf":{"@id":"https:\/\/gst-sl.com\/wp\/#website"},"primaryImageOfPage":{"@id":"https:\/\/gst-sl.com\/wp\/bwlm-shop\/aeroespacial\/software-dji\/software-de-gestion-dji-flighthub\/#primaryimage"},"image":{"@id":"https:\/\/gst-sl.com\/wp\/bwlm-shop\/aeroespacial\/software-dji\/software-de-gestion-dji-flighthub\/#primaryimage"},"thumbnailUrl":"https:\/\/gst-sl.com\/wp-content\/uploads\/2023\/06\/1-12.png","datePublished":"2023-06-28T08:08:02+00:00","dateModified":"2023-06-28T08:08:33+00:00","breadcrumb":{"@id":"https:\/\/gst-sl.com\/wp\/bwlm-shop\/aeroespacial\/software-dji\/software-de-gestion-dji-flighthub\/#breadcrumb"},"inLanguage":"es","potentialAction":[{"@type":"ReadAction","target":["https:\/\/gst-sl.com\/wp\/bwlm-shop\/aeroespacial\/software-dji\/software-de-gestion-dji-flighthub\/"]}]},{"@type":"ImageObject","inLanguage":"es","@id":"https:\/\/gst-sl.com\/wp\/bwlm-shop\/aeroespacial\/software-dji\/software-de-gestion-dji-flighthub\/#primaryimage","url":"https:\/\/gst-sl.com\/wp-content\/uploads\/2023\/06\/1-12.png","contentUrl":"https:\/\/gst-sl.com\/wp-content\/uploads\/2023\/06\/1-12.png","width":425,"height":425},{"@type":"BreadcrumbList","@id":"https:\/\/gst-sl.com\/wp\/bwlm-shop\/aeroespacial\/software-dji\/software-de-gestion-dji-flighthub\/#breadcrumb","itemListElement":[{"@type":"ListItem","position":1,"name":"Portada","item":"https:\/\/gst-sl.com\/wp\/"},{"@type":"ListItem","position":2,"name":"PRODUCTOS","item":"https:\/\/gst-sl.com\/wp\/productos\/"},{"@type":"ListItem","position":3,"name":"Software de gesti\u00f3n DJI Flighthub"}]},{"@type":"WebSite","@id":"https:\/\/gst-sl.com\/wp\/#website","url":"https:\/\/gst-sl.com\/wp\/","name":"GST Gesti\u00f3n de Sistemas Topogr\u00e1ficos","description":"GST - Gesti\u00f3n de Sistemas Topogr\u00e1ficos","publisher":{"@id":"https:\/\/gst-sl.com\/wp\/#organization"},"alternateName":"GST","potentialAction":[{"@type":"SearchAction","target":{"@type":"EntryPoint","urlTemplate":"https:\/\/gst-sl.com\/wp\/?s={search_term_string}"},"query-input":{"@type":"PropertyValueSpecification","valueRequired":true,"valueName":"search_term_string"}}],"inLanguage":"es"},{"@type":"Organization","@id":"https:\/\/gst-sl.com\/wp\/#organization","name":"GST Gesti\u00f3n de Sistemas Topogr\u00e1ficos","alternateName":"GST","url":"https:\/\/gst-sl.com\/wp\/","logo":{"@type":"ImageObject","inLanguage":"es","@id":"https:\/\/gst-sl.com\/wp\/#\/schema\/logo\/image\/","url":"https:\/\/gst-sl.com\/wp\/wp-content\/uploads\/2023\/06\/logo_gst_2.png","contentUrl":"https:\/\/gst-sl.com\/wp\/wp-content\/uploads\/2023\/06\/logo_gst_2.png","width":597,"height":232,"caption":"GST Gesti\u00f3n de Sistemas Topogr\u00e1ficos"},"image":{"@id":"https:\/\/gst-sl.com\/wp\/#\/schema\/logo\/image\/"}}]}},"_links":{"self":[{"href":"https:\/\/gst-sl.com\/wp\/wp-json\/wp\/v2\/product\/1645","targetHints":{"allow":["GET"]}}],"collection":[{"href":"https:\/\/gst-sl.com\/wp\/wp-json\/wp\/v2\/product"}],"about":[{"href":"https:\/\/gst-sl.com\/wp\/wp-json\/wp\/v2\/types\/product"}],"wp:featuredmedia":[{"embeddable":true,"href":"https:\/\/gst-sl.com\/wp\/wp-json\/wp\/v2\/media\/1646"}],"wp:attachment":[{"href":"https:\/\/gst-sl.com\/wp\/wp-json\/wp\/v2\/media?parent=1645"}],"wp:term":[{"taxonomy":"product_brand","embeddable":true,"href":"https:\/\/gst-sl.com\/wp\/wp-json\/wp\/v2\/product_brand?post=1645"},{"taxonomy":"product_cat","embeddable":true,"href":"https:\/\/gst-sl.com\/wp\/wp-json\/wp\/v2\/product_cat?post=1645"},{"taxonomy":"product_tag","embeddable":true,"href":"https:\/\/gst-sl.com\/wp\/wp-json\/wp\/v2\/product_tag?post=1645"}],"curies":[{"name":"wp","href":"https:\/\/api.w.org\/{rel}","templated":true}]}}