{"id":1647,"date":"2023-06-28T08:09:19","date_gmt":"2023-06-28T08:09:19","guid":{"rendered":"https:\/\/gst-sl.com\/wp\/?post_type=product&#038;p=1647"},"modified":"2023-06-28T08:09:42","modified_gmt":"2023-06-28T08:09:42","slug":"software-de-gestion-dji-flighthub-2","status":"publish","type":"product","link":"https:\/\/gst-sl.com\/wp\/bwlm-shop\/aeroespacial\/software-dji\/software-de-gestion-dji-flighthub-2\/","title":{"rendered":"Software de gesti\u00f3n DJI Flighthub 2"},"content":{"rendered":"","protected":false},"excerpt":{"rendered":"<div class=\"product-short-description\">\n<h4>FlightHub 2 es una plataforma multifunci\u00f3n de gesti\u00f3n de operaciones con drones basada en la nube que te ayuda a obtener un conocimiento integral de la situaci\u00f3n en tiempo real. Accede a toda la informaci\u00f3n que necesitas para planificar misiones de drones, supervisar tu flota y gestionar los datos que creas, ahora desde un entorno seguro basado en la nube.<\/h4>\n<ul>\n<li class=\"style__feat-desc___hv-Rd style__feat-txt___2f78O bullet-checkmark\">\n<h4>Domina el entorno de tu misi\u00f3n<\/h4>\n<\/li>\n<li class=\"style__feat-desc___hv-Rd style__feat-txt___2f78O bullet-checkmark\">\n<h4>Elimina las barreras de comunicaci\u00f3n<\/h4>\n<\/li>\n<li class=\"style__feat-desc___hv-Rd style__feat-txt___2f78O bullet-checkmark\">\n<h4>Planifica rutas de vuelo precisas<\/h4>\n<\/li>\n<li class=\"style__feat-desc___hv-Rd style__feat-txt___2f78O bullet-checkmark\">\n<h4>Unifica la gesti\u00f3n de la flota, el personal y los medios<\/h4>\n<\/li>\n<\/ul>\n<ul>\n<li class=\"bs\">\n<h4><span style=\"color: #ffffff;\"><a style=\"color: #ffffff;\" href=\"https:\/\/www.dji.com\/es\/flighthub-2\" target=\"_blank\" rel=\"noopener noreferrer\">M\u00e1s informaci\u00f3n en la p\u00e1gina web de DJI<\/a><\/span><\/h4>\n<\/li>\n<\/ul>\n<\/div>\n","protected":false},"featured_media":1648,"template":"","meta":[],"product_brand":[],"product_cat":[122],"product_tag":[],"class_list":{"0":"post-1647","1":"product","2":"type-product","3":"status-publish","4":"has-post-thumbnail","6":"product_cat-software-dji","8":"first","9":"instock","10":"shipping-taxable","11":"product-type-simple"},"yoast_head":"<!-- This site is optimized with the Yoast SEO plugin v26.5 - https:\/\/yoast.com\/wordpress\/plugins\/seo\/ -->\n<title>Software de gesti\u00f3n DJI Flighthub 2 - GST<\/title>\n<meta name=\"robots\" content=\"index, follow, max-snippet:-1, max-image-preview:large, max-video-preview:-1\" \/>\n<link rel=\"canonical\" href=\"https:\/\/gst-sl.com\/wp\/bwlm-shop\/aeroespacial\/software-dji\/software-de-gestion-dji-flighthub-2\/\" \/>\n<meta property=\"og:locale\" content=\"es_ES\" \/>\n<meta property=\"og:type\" content=\"article\" \/>\n<meta property=\"og:title\" content=\"Software de gesti\u00f3n DJI Flighthub 2 - GST\" \/>\n<meta property=\"og:description\" content=\"FlightHub 2 es una plataforma multifunci\u00f3n de gesti\u00f3n de operaciones con drones basada en la nube que te ayuda a obtener un conocimiento integral de la situaci\u00f3n en tiempo real. Accede a toda la informaci\u00f3n que necesitas para planificar misiones de drones, supervisar tu flota y gestionar los datos que creas, ahora desde un entorno seguro basado en la nube.    Domina el entorno de tu misi\u00f3n    Elimina las barreras de comunicaci\u00f3n    Planifica rutas de vuelo precisas    Unifica la gesti\u00f3n de la flota, el personal y los medios      M\u00e1s informaci\u00f3n en la p\u00e1gina web de DJI\" \/>\n<meta property=\"og:url\" content=\"https:\/\/gst-sl.com\/wp\/bwlm-shop\/aeroespacial\/software-dji\/software-de-gestion-dji-flighthub-2\/\" \/>\n<meta property=\"og:site_name\" content=\"GST\" \/>\n<meta property=\"article:modified_time\" content=\"2023-06-28T08:09:42+00:00\" \/>\n<meta property=\"og:image\" content=\"https:\/\/gst-sl.com\/wp-content\/uploads\/2023\/06\/1-13.png\" \/>\n\t<meta property=\"og:image:width\" content=\"425\" \/>\n\t<meta property=\"og:image:height\" content=\"425\" \/>\n\t<meta property=\"og:image:type\" content=\"image\/png\" \/>\n<meta name=\"twitter:card\" content=\"summary_large_image\" \/>\n<script type=\"application\/ld+json\" class=\"yoast-schema-graph\">{\"@context\":\"https:\/\/schema.org\",\"@graph\":[{\"@type\":\"WebPage\",\"@id\":\"https:\/\/gst-sl.com\/wp\/bwlm-shop\/aeroespacial\/software-dji\/software-de-gestion-dji-flighthub-2\/\",\"url\":\"https:\/\/gst-sl.com\/wp\/bwlm-shop\/aeroespacial\/software-dji\/software-de-gestion-dji-flighthub-2\/\",\"name\":\"Software de gesti\u00f3n DJI Flighthub 2 - GST\",\"isPartOf\":{\"@id\":\"https:\/\/gst-sl.com\/wp\/#website\"},\"primaryImageOfPage\":{\"@id\":\"https:\/\/gst-sl.com\/wp\/bwlm-shop\/aeroespacial\/software-dji\/software-de-gestion-dji-flighthub-2\/#primaryimage\"},\"image\":{\"@id\":\"https:\/\/gst-sl.com\/wp\/bwlm-shop\/aeroespacial\/software-dji\/software-de-gestion-dji-flighthub-2\/#primaryimage\"},\"thumbnailUrl\":\"https:\/\/gst-sl.com\/wp-content\/uploads\/2023\/06\/1-13.png\",\"datePublished\":\"2023-06-28T08:09:19+00:00\",\"dateModified\":\"2023-06-28T08:09:42+00:00\",\"breadcrumb\":{\"@id\":\"https:\/\/gst-sl.com\/wp\/bwlm-shop\/aeroespacial\/software-dji\/software-de-gestion-dji-flighthub-2\/#breadcrumb\"},\"inLanguage\":\"es\",\"potentialAction\":[{\"@type\":\"ReadAction\",\"target\":[\"https:\/\/gst-sl.com\/wp\/bwlm-shop\/aeroespacial\/software-dji\/software-de-gestion-dji-flighthub-2\/\"]}]},{\"@type\":\"ImageObject\",\"inLanguage\":\"es\",\"@id\":\"https:\/\/gst-sl.com\/wp\/bwlm-shop\/aeroespacial\/software-dji\/software-de-gestion-dji-flighthub-2\/#primaryimage\",\"url\":\"https:\/\/gst-sl.com\/wp-content\/uploads\/2023\/06\/1-13.png\",\"contentUrl\":\"https:\/\/gst-sl.com\/wp-content\/uploads\/2023\/06\/1-13.png\",\"width\":425,\"height\":425},{\"@type\":\"BreadcrumbList\",\"@id\":\"https:\/\/gst-sl.com\/wp\/bwlm-shop\/aeroespacial\/software-dji\/software-de-gestion-dji-flighthub-2\/#breadcrumb\",\"itemListElement\":[{\"@type\":\"ListItem\",\"position\":1,\"name\":\"Portada\",\"item\":\"https:\/\/gst-sl.com\/wp\/\"},{\"@type\":\"ListItem\",\"position\":2,\"name\":\"PRODUCTOS\",\"item\":\"https:\/\/gst-sl.com\/wp\/productos\/\"},{\"@type\":\"ListItem\",\"position\":3,\"name\":\"Software de gesti\u00f3n DJI Flighthub 2\"}]},{\"@type\":\"WebSite\",\"@id\":\"https:\/\/gst-sl.com\/wp\/#website\",\"url\":\"https:\/\/gst-sl.com\/wp\/\",\"name\":\"GST Gesti\u00f3n de Sistemas Topogr\u00e1ficos\",\"description\":\"GST - Gesti\u00f3n de Sistemas Topogr\u00e1ficos\",\"publisher\":{\"@id\":\"https:\/\/gst-sl.com\/wp\/#organization\"},\"alternateName\":\"GST\",\"potentialAction\":[{\"@type\":\"SearchAction\",\"target\":{\"@type\":\"EntryPoint\",\"urlTemplate\":\"https:\/\/gst-sl.com\/wp\/?s={search_term_string}\"},\"query-input\":{\"@type\":\"PropertyValueSpecification\",\"valueRequired\":true,\"valueName\":\"search_term_string\"}}],\"inLanguage\":\"es\"},{\"@type\":\"Organization\",\"@id\":\"https:\/\/gst-sl.com\/wp\/#organization\",\"name\":\"GST Gesti\u00f3n de Sistemas Topogr\u00e1ficos\",\"alternateName\":\"GST\",\"url\":\"https:\/\/gst-sl.com\/wp\/\",\"logo\":{\"@type\":\"ImageObject\",\"inLanguage\":\"es\",\"@id\":\"https:\/\/gst-sl.com\/wp\/#\/schema\/logo\/image\/\",\"url\":\"https:\/\/gst-sl.com\/wp\/wp-content\/uploads\/2023\/06\/logo_gst_2.png\",\"contentUrl\":\"https:\/\/gst-sl.com\/wp\/wp-content\/uploads\/2023\/06\/logo_gst_2.png\",\"width\":597,\"height\":232,\"caption\":\"GST Gesti\u00f3n de Sistemas Topogr\u00e1ficos\"},\"image\":{\"@id\":\"https:\/\/gst-sl.com\/wp\/#\/schema\/logo\/image\/\"}}]}<\/script>\n<!-- \/ Yoast SEO plugin. -->","yoast_head_json":{"title":"Software de gesti\u00f3n DJI Flighthub 2 - GST","robots":{"index":"index","follow":"follow","max-snippet":"max-snippet:-1","max-image-preview":"max-image-preview:large","max-video-preview":"max-video-preview:-1"},"canonical":"https:\/\/gst-sl.com\/wp\/bwlm-shop\/aeroespacial\/software-dji\/software-de-gestion-dji-flighthub-2\/","og_locale":"es_ES","og_type":"article","og_title":"Software de gesti\u00f3n DJI Flighthub 2 - GST","og_description":"FlightHub 2 es una plataforma multifunci\u00f3n de gesti\u00f3n de operaciones con drones basada en la nube que te ayuda a obtener un conocimiento integral de la situaci\u00f3n en tiempo real. Accede a toda la informaci\u00f3n que necesitas para planificar misiones de drones, supervisar tu flota y gestionar los datos que creas, ahora desde un entorno seguro basado en la nube.    Domina el entorno de tu misi\u00f3n    Elimina las barreras de comunicaci\u00f3n    Planifica rutas de vuelo precisas    Unifica la gesti\u00f3n de la flota, el personal y los medios      M\u00e1s informaci\u00f3n en la p\u00e1gina web de DJI","og_url":"https:\/\/gst-sl.com\/wp\/bwlm-shop\/aeroespacial\/software-dji\/software-de-gestion-dji-flighthub-2\/","og_site_name":"GST","article_modified_time":"2023-06-28T08:09:42+00:00","og_image":[{"width":425,"height":425,"url":"https:\/\/gst-sl.com\/wp-content\/uploads\/2023\/06\/1-13.png","type":"image\/png"}],"twitter_card":"summary_large_image","schema":{"@context":"https:\/\/schema.org","@graph":[{"@type":"WebPage","@id":"https:\/\/gst-sl.com\/wp\/bwlm-shop\/aeroespacial\/software-dji\/software-de-gestion-dji-flighthub-2\/","url":"https:\/\/gst-sl.com\/wp\/bwlm-shop\/aeroespacial\/software-dji\/software-de-gestion-dji-flighthub-2\/","name":"Software de gesti\u00f3n DJI Flighthub 2 - GST","isPartOf":{"@id":"https:\/\/gst-sl.com\/wp\/#website"},"primaryImageOfPage":{"@id":"https:\/\/gst-sl.com\/wp\/bwlm-shop\/aeroespacial\/software-dji\/software-de-gestion-dji-flighthub-2\/#primaryimage"},"image":{"@id":"https:\/\/gst-sl.com\/wp\/bwlm-shop\/aeroespacial\/software-dji\/software-de-gestion-dji-flighthub-2\/#primaryimage"},"thumbnailUrl":"https:\/\/gst-sl.com\/wp-content\/uploads\/2023\/06\/1-13.png","datePublished":"2023-06-28T08:09:19+00:00","dateModified":"2023-06-28T08:09:42+00:00","breadcrumb":{"@id":"https:\/\/gst-sl.com\/wp\/bwlm-shop\/aeroespacial\/software-dji\/software-de-gestion-dji-flighthub-2\/#breadcrumb"},"inLanguage":"es","potentialAction":[{"@type":"ReadAction","target":["https:\/\/gst-sl.com\/wp\/bwlm-shop\/aeroespacial\/software-dji\/software-de-gestion-dji-flighthub-2\/"]}]},{"@type":"ImageObject","inLanguage":"es","@id":"https:\/\/gst-sl.com\/wp\/bwlm-shop\/aeroespacial\/software-dji\/software-de-gestion-dji-flighthub-2\/#primaryimage","url":"https:\/\/gst-sl.com\/wp-content\/uploads\/2023\/06\/1-13.png","contentUrl":"https:\/\/gst-sl.com\/wp-content\/uploads\/2023\/06\/1-13.png","width":425,"height":425},{"@type":"BreadcrumbList","@id":"https:\/\/gst-sl.com\/wp\/bwlm-shop\/aeroespacial\/software-dji\/software-de-gestion-dji-flighthub-2\/#breadcrumb","itemListElement":[{"@type":"ListItem","position":1,"name":"Portada","item":"https:\/\/gst-sl.com\/wp\/"},{"@type":"ListItem","position":2,"name":"PRODUCTOS","item":"https:\/\/gst-sl.com\/wp\/productos\/"},{"@type":"ListItem","position":3,"name":"Software de gesti\u00f3n DJI Flighthub 2"}]},{"@type":"WebSite","@id":"https:\/\/gst-sl.com\/wp\/#website","url":"https:\/\/gst-sl.com\/wp\/","name":"GST Gesti\u00f3n de Sistemas Topogr\u00e1ficos","description":"GST - Gesti\u00f3n de Sistemas Topogr\u00e1ficos","publisher":{"@id":"https:\/\/gst-sl.com\/wp\/#organization"},"alternateName":"GST","potentialAction":[{"@type":"SearchAction","target":{"@type":"EntryPoint","urlTemplate":"https:\/\/gst-sl.com\/wp\/?s={search_term_string}"},"query-input":{"@type":"PropertyValueSpecification","valueRequired":true,"valueName":"search_term_string"}}],"inLanguage":"es"},{"@type":"Organization","@id":"https:\/\/gst-sl.com\/wp\/#organization","name":"GST Gesti\u00f3n de Sistemas Topogr\u00e1ficos","alternateName":"GST","url":"https:\/\/gst-sl.com\/wp\/","logo":{"@type":"ImageObject","inLanguage":"es","@id":"https:\/\/gst-sl.com\/wp\/#\/schema\/logo\/image\/","url":"https:\/\/gst-sl.com\/wp\/wp-content\/uploads\/2023\/06\/logo_gst_2.png","contentUrl":"https:\/\/gst-sl.com\/wp\/wp-content\/uploads\/2023\/06\/logo_gst_2.png","width":597,"height":232,"caption":"GST Gesti\u00f3n de Sistemas Topogr\u00e1ficos"},"image":{"@id":"https:\/\/gst-sl.com\/wp\/#\/schema\/logo\/image\/"}}]}},"_links":{"self":[{"href":"https:\/\/gst-sl.com\/wp\/wp-json\/wp\/v2\/product\/1647","targetHints":{"allow":["GET"]}}],"collection":[{"href":"https:\/\/gst-sl.com\/wp\/wp-json\/wp\/v2\/product"}],"about":[{"href":"https:\/\/gst-sl.com\/wp\/wp-json\/wp\/v2\/types\/product"}],"wp:featuredmedia":[{"embeddable":true,"href":"https:\/\/gst-sl.com\/wp\/wp-json\/wp\/v2\/media\/1648"}],"wp:attachment":[{"href":"https:\/\/gst-sl.com\/wp\/wp-json\/wp\/v2\/media?parent=1647"}],"wp:term":[{"taxonomy":"product_brand","embeddable":true,"href":"https:\/\/gst-sl.com\/wp\/wp-json\/wp\/v2\/product_brand?post=1647"},{"taxonomy":"product_cat","embeddable":true,"href":"https:\/\/gst-sl.com\/wp\/wp-json\/wp\/v2\/product_cat?post=1647"},{"taxonomy":"product_tag","embeddable":true,"href":"https:\/\/gst-sl.com\/wp\/wp-json\/wp\/v2\/product_tag?post=1647"}],"curies":[{"name":"wp","href":"https:\/\/api.w.org\/{rel}","templated":true}]}}