{"id":1751,"date":"2023-07-13T11:15:53","date_gmt":"2023-07-13T11:15:53","guid":{"rendered":"https:\/\/gst-sl.com\/wp\/?post_type=product&#038;p=1751"},"modified":"2023-07-17T12:35:05","modified_gmt":"2023-07-17T12:35:05","slug":"st-al32","status":"publish","type":"product","link":"https:\/\/gst-sl.com\/wp\/bwlm-shop\/niveles\/niveles-automaticos\/st-al32\/","title":{"rendered":"ST-AL32"},"content":{"rendered":"","protected":false},"excerpt":{"rendered":"<h4 style=\"text-align: left\">Nivel \u00f3ptico de 32x y de 42mm de precisi\u00f3n<\/h4>\n<h4>Es un nivel de construcci\u00f3n de gran rendimiento con un amplio campo de aplicaci\u00f3n. Apropiado para pr\u00e1cticamente todas las tareas en construcci\u00f3n.<\/h4>\n<h4>CARACTER\u00cdSTICAS T\u00c9CNICAS<\/h4>\n<ul>\n<li>\n<h4>Desviaci\u00f3n est\u00e1ndar: 1,5mm<\/h4>\n<\/li>\n<li>\n<h4>Apertura objetivo: 42mm<\/h4>\n<\/li>\n<li>\n<h4>Distancia m\u00ednima de enfoque: 0,3m<\/h4>\n<\/li>\n<li>\n<h4>Sensibilidad nivel circular: 10\u00b4\/ 2mm<\/h4>\n<\/li>\n<li>\n<h4>Resoluci\u00f3n telescopio: 3,5&#8243;<\/h4>\n<\/li>\n<li>\n<h4>Aumentos anteojo: 32x<\/h4>\n<\/li>\n<li>\n<h4>Rango de compensaci\u00f3n autom\u00e1tica: \u00b1\u00a015\u00b4<\/h4>\n<\/li>\n<li>\n<h4>Constante de multiplicaci\u00f3n: 100<\/h4>\n<\/li>\n<li>\n<h4>Graduaci\u00f3n c\u00edrculo horizontal: 1\u00ba<\/h4>\n<\/li>\n<li>\n<h4>Error de compensaci\u00f3n: \u00b1 0,3&#8243;<\/h4>\n<\/li>\n<li>\n<h4>Peso: 1,8kg. Con estuche: 3kg<\/h4>\n<\/li>\n<\/ul>\n<h4>ACCESORIOS OPCIONALES<\/h4>\n<ul>\n<li>\n<h4>Tripode extensible de aluminio<\/h4>\n<\/li>\n<li>\n<h4>Mira 4 metros dobles mm aluminio<\/h4>\n<\/li>\n<li class=\"bullet-checkmark\"><a href=\"https:\/\/gst-sl.com\/wp-content\/uploads\/2023\/07\/ST-AL32.pdf\">Informaci\u00f3n del producto y descarga<\/a><\/li>\n<\/ul>\n","protected":false},"featured_media":1755,"template":"","meta":[],"product_brand":[],"product_cat":[118,79],"product_tag":[],"class_list":{"0":"post-1751","1":"product","2":"type-product","3":"status-publish","4":"has-post-thumbnail","6":"product_cat-niveles","7":"product_cat-niveles-automaticos","9":"first","10":"instock","11":"shipping-taxable","12":"product-type-simple"},"yoast_head":"<!-- This site is optimized with the Yoast SEO plugin v27.4 - https:\/\/yoast.com\/product\/yoast-seo-wordpress\/ -->\n<title>ST-AL32 - GST<\/title>\n<meta name=\"robots\" content=\"index, follow, max-snippet:-1, max-image-preview:large, max-video-preview:-1\" \/>\n<link rel=\"canonical\" href=\"https:\/\/gst-sl.com\/wp\/bwlm-shop\/niveles\/niveles-automaticos\/st-al32\/\" \/>\n<meta property=\"og:locale\" content=\"es_ES\" \/>\n<meta property=\"og:type\" content=\"article\" \/>\n<meta property=\"og:title\" content=\"ST-AL32 - GST\" \/>\n<meta property=\"og:description\" content=\"Nivel \u00f3ptico de 32x y de 42mm de precisi\u00f3n Es un nivel de construcci\u00f3n de gran rendimiento con un amplio campo de aplicaci\u00f3n. Apropiado para pr\u00e1cticamente todas las tareas en construcci\u00f3n. CARACTER\u00cdSTICAS T\u00c9CNICAS    Desviaci\u00f3n est\u00e1ndar: 1,5mm    Apertura objetivo: 42mm    Distancia m\u00ednima de enfoque: 0,3m    Sensibilidad nivel circular: 10\u00b4\/ 2mm    Resoluci\u00f3n telescopio: 3,5&quot;    Aumentos anteojo: 32x    Rango de compensaci\u00f3n autom\u00e1tica: \u00b1\u00a015\u00b4    Constante de multiplicaci\u00f3n: 100    Graduaci\u00f3n c\u00edrculo horizontal: 1\u00ba    Error de compensaci\u00f3n: \u00b1 0,3&quot;    Peso: 1,8kg. Con estuche: 3kg   ACCESORIOS OPCIONALES    Tripode extensible de aluminio    Mira 4 metros dobles mm aluminio   Informaci\u00f3n del producto y descarga\" \/>\n<meta property=\"og:url\" content=\"https:\/\/gst-sl.com\/wp\/bwlm-shop\/niveles\/niveles-automaticos\/st-al32\/\" \/>\n<meta property=\"og:site_name\" content=\"GST\" \/>\n<meta property=\"article:modified_time\" content=\"2023-07-17T12:35:05+00:00\" \/>\n<meta property=\"og:image\" content=\"https:\/\/gst-sl.com\/wp-content\/uploads\/2023\/07\/ST-AL32-1.jpg\" \/>\n\t<meta property=\"og:image:width\" content=\"1600\" \/>\n\t<meta property=\"og:image:height\" content=\"1710\" \/>\n\t<meta property=\"og:image:type\" content=\"image\/jpeg\" \/>\n<meta name=\"twitter:card\" content=\"summary_large_image\" \/>\n<script type=\"application\/ld+json\" class=\"yoast-schema-graph\">{\"@context\":\"https:\\\/\\\/schema.org\",\"@graph\":[{\"@type\":\"WebPage\",\"@id\":\"https:\\\/\\\/gst-sl.com\\\/wp\\\/bwlm-shop\\\/niveles\\\/niveles-automaticos\\\/st-al32\\\/\",\"url\":\"https:\\\/\\\/gst-sl.com\\\/wp\\\/bwlm-shop\\\/niveles\\\/niveles-automaticos\\\/st-al32\\\/\",\"name\":\"ST-AL32 - GST\",\"isPartOf\":{\"@id\":\"https:\\\/\\\/gst-sl.com\\\/wp\\\/#website\"},\"primaryImageOfPage\":{\"@id\":\"https:\\\/\\\/gst-sl.com\\\/wp\\\/bwlm-shop\\\/niveles\\\/niveles-automaticos\\\/st-al32\\\/#primaryimage\"},\"image\":{\"@id\":\"https:\\\/\\\/gst-sl.com\\\/wp\\\/bwlm-shop\\\/niveles\\\/niveles-automaticos\\\/st-al32\\\/#primaryimage\"},\"thumbnailUrl\":\"https:\\\/\\\/gst-sl.com\\\/wp-content\\\/uploads\\\/2023\\\/07\\\/ST-AL32-1.jpg\",\"datePublished\":\"2023-07-13T11:15:53+00:00\",\"dateModified\":\"2023-07-17T12:35:05+00:00\",\"breadcrumb\":{\"@id\":\"https:\\\/\\\/gst-sl.com\\\/wp\\\/bwlm-shop\\\/niveles\\\/niveles-automaticos\\\/st-al32\\\/#breadcrumb\"},\"inLanguage\":\"es\",\"potentialAction\":[{\"@type\":\"ReadAction\",\"target\":[\"https:\\\/\\\/gst-sl.com\\\/wp\\\/bwlm-shop\\\/niveles\\\/niveles-automaticos\\\/st-al32\\\/\"]}]},{\"@type\":\"ImageObject\",\"inLanguage\":\"es\",\"@id\":\"https:\\\/\\\/gst-sl.com\\\/wp\\\/bwlm-shop\\\/niveles\\\/niveles-automaticos\\\/st-al32\\\/#primaryimage\",\"url\":\"https:\\\/\\\/gst-sl.com\\\/wp-content\\\/uploads\\\/2023\\\/07\\\/ST-AL32-1.jpg\",\"contentUrl\":\"https:\\\/\\\/gst-sl.com\\\/wp-content\\\/uploads\\\/2023\\\/07\\\/ST-AL32-1.jpg\",\"width\":1600,\"height\":1710},{\"@type\":\"BreadcrumbList\",\"@id\":\"https:\\\/\\\/gst-sl.com\\\/wp\\\/bwlm-shop\\\/niveles\\\/niveles-automaticos\\\/st-al32\\\/#breadcrumb\",\"itemListElement\":[{\"@type\":\"ListItem\",\"position\":1,\"name\":\"Portada\",\"item\":\"https:\\\/\\\/gst-sl.com\\\/wp\\\/\"},{\"@type\":\"ListItem\",\"position\":2,\"name\":\"PRODUCTOS\",\"item\":\"https:\\\/\\\/gst-sl.com\\\/wp\\\/productos\\\/\"},{\"@type\":\"ListItem\",\"position\":3,\"name\":\"ST-AL32\"}]},{\"@type\":\"WebSite\",\"@id\":\"https:\\\/\\\/gst-sl.com\\\/wp\\\/#website\",\"url\":\"https:\\\/\\\/gst-sl.com\\\/wp\\\/\",\"name\":\"GST Gesti\u00f3n de Sistemas Topogr\u00e1ficos\",\"description\":\"GST - Gesti\u00f3n de Sistemas Topogr\u00e1ficos\",\"publisher\":{\"@id\":\"https:\\\/\\\/gst-sl.com\\\/wp\\\/#organization\"},\"alternateName\":\"GST\",\"potentialAction\":[{\"@type\":\"SearchAction\",\"target\":{\"@type\":\"EntryPoint\",\"urlTemplate\":\"https:\\\/\\\/gst-sl.com\\\/wp\\\/?s={search_term_string}\"},\"query-input\":{\"@type\":\"PropertyValueSpecification\",\"valueRequired\":true,\"valueName\":\"search_term_string\"}}],\"inLanguage\":\"es\"},{\"@type\":\"Organization\",\"@id\":\"https:\\\/\\\/gst-sl.com\\\/wp\\\/#organization\",\"name\":\"GST Gesti\u00f3n de Sistemas Topogr\u00e1ficos\",\"alternateName\":\"GST\",\"url\":\"https:\\\/\\\/gst-sl.com\\\/wp\\\/\",\"logo\":{\"@type\":\"ImageObject\",\"inLanguage\":\"es\",\"@id\":\"https:\\\/\\\/gst-sl.com\\\/wp\\\/#\\\/schema\\\/logo\\\/image\\\/\",\"url\":\"https:\\\/\\\/gst-sl.com\\\/wp\\\/wp-content\\\/uploads\\\/2023\\\/06\\\/logo_gst_2.png\",\"contentUrl\":\"https:\\\/\\\/gst-sl.com\\\/wp\\\/wp-content\\\/uploads\\\/2023\\\/06\\\/logo_gst_2.png\",\"width\":597,\"height\":232,\"caption\":\"GST Gesti\u00f3n de Sistemas Topogr\u00e1ficos\"},\"image\":{\"@id\":\"https:\\\/\\\/gst-sl.com\\\/wp\\\/#\\\/schema\\\/logo\\\/image\\\/\"}}]}<\/script>\n<!-- \/ Yoast SEO plugin. -->","yoast_head_json":{"title":"ST-AL32 - GST","robots":{"index":"index","follow":"follow","max-snippet":"max-snippet:-1","max-image-preview":"max-image-preview:large","max-video-preview":"max-video-preview:-1"},"canonical":"https:\/\/gst-sl.com\/wp\/bwlm-shop\/niveles\/niveles-automaticos\/st-al32\/","og_locale":"es_ES","og_type":"article","og_title":"ST-AL32 - GST","og_description":"Nivel \u00f3ptico de 32x y de 42mm de precisi\u00f3n Es un nivel de construcci\u00f3n de gran rendimiento con un amplio campo de aplicaci\u00f3n. Apropiado para pr\u00e1cticamente todas las tareas en construcci\u00f3n. CARACTER\u00cdSTICAS T\u00c9CNICAS    Desviaci\u00f3n est\u00e1ndar: 1,5mm    Apertura objetivo: 42mm    Distancia m\u00ednima de enfoque: 0,3m    Sensibilidad nivel circular: 10\u00b4\/ 2mm    Resoluci\u00f3n telescopio: 3,5\"    Aumentos anteojo: 32x    Rango de compensaci\u00f3n autom\u00e1tica: \u00b1\u00a015\u00b4    Constante de multiplicaci\u00f3n: 100    Graduaci\u00f3n c\u00edrculo horizontal: 1\u00ba    Error de compensaci\u00f3n: \u00b1 0,3\"    Peso: 1,8kg. Con estuche: 3kg   ACCESORIOS OPCIONALES    Tripode extensible de aluminio    Mira 4 metros dobles mm aluminio   Informaci\u00f3n del producto y descarga","og_url":"https:\/\/gst-sl.com\/wp\/bwlm-shop\/niveles\/niveles-automaticos\/st-al32\/","og_site_name":"GST","article_modified_time":"2023-07-17T12:35:05+00:00","og_image":[{"width":1600,"height":1710,"url":"https:\/\/gst-sl.com\/wp-content\/uploads\/2023\/07\/ST-AL32-1.jpg","type":"image\/jpeg"}],"twitter_card":"summary_large_image","schema":{"@context":"https:\/\/schema.org","@graph":[{"@type":"WebPage","@id":"https:\/\/gst-sl.com\/wp\/bwlm-shop\/niveles\/niveles-automaticos\/st-al32\/","url":"https:\/\/gst-sl.com\/wp\/bwlm-shop\/niveles\/niveles-automaticos\/st-al32\/","name":"ST-AL32 - GST","isPartOf":{"@id":"https:\/\/gst-sl.com\/wp\/#website"},"primaryImageOfPage":{"@id":"https:\/\/gst-sl.com\/wp\/bwlm-shop\/niveles\/niveles-automaticos\/st-al32\/#primaryimage"},"image":{"@id":"https:\/\/gst-sl.com\/wp\/bwlm-shop\/niveles\/niveles-automaticos\/st-al32\/#primaryimage"},"thumbnailUrl":"https:\/\/gst-sl.com\/wp-content\/uploads\/2023\/07\/ST-AL32-1.jpg","datePublished":"2023-07-13T11:15:53+00:00","dateModified":"2023-07-17T12:35:05+00:00","breadcrumb":{"@id":"https:\/\/gst-sl.com\/wp\/bwlm-shop\/niveles\/niveles-automaticos\/st-al32\/#breadcrumb"},"inLanguage":"es","potentialAction":[{"@type":"ReadAction","target":["https:\/\/gst-sl.com\/wp\/bwlm-shop\/niveles\/niveles-automaticos\/st-al32\/"]}]},{"@type":"ImageObject","inLanguage":"es","@id":"https:\/\/gst-sl.com\/wp\/bwlm-shop\/niveles\/niveles-automaticos\/st-al32\/#primaryimage","url":"https:\/\/gst-sl.com\/wp-content\/uploads\/2023\/07\/ST-AL32-1.jpg","contentUrl":"https:\/\/gst-sl.com\/wp-content\/uploads\/2023\/07\/ST-AL32-1.jpg","width":1600,"height":1710},{"@type":"BreadcrumbList","@id":"https:\/\/gst-sl.com\/wp\/bwlm-shop\/niveles\/niveles-automaticos\/st-al32\/#breadcrumb","itemListElement":[{"@type":"ListItem","position":1,"name":"Portada","item":"https:\/\/gst-sl.com\/wp\/"},{"@type":"ListItem","position":2,"name":"PRODUCTOS","item":"https:\/\/gst-sl.com\/wp\/productos\/"},{"@type":"ListItem","position":3,"name":"ST-AL32"}]},{"@type":"WebSite","@id":"https:\/\/gst-sl.com\/wp\/#website","url":"https:\/\/gst-sl.com\/wp\/","name":"GST Gesti\u00f3n de Sistemas Topogr\u00e1ficos","description":"GST - Gesti\u00f3n de Sistemas Topogr\u00e1ficos","publisher":{"@id":"https:\/\/gst-sl.com\/wp\/#organization"},"alternateName":"GST","potentialAction":[{"@type":"SearchAction","target":{"@type":"EntryPoint","urlTemplate":"https:\/\/gst-sl.com\/wp\/?s={search_term_string}"},"query-input":{"@type":"PropertyValueSpecification","valueRequired":true,"valueName":"search_term_string"}}],"inLanguage":"es"},{"@type":"Organization","@id":"https:\/\/gst-sl.com\/wp\/#organization","name":"GST Gesti\u00f3n de Sistemas Topogr\u00e1ficos","alternateName":"GST","url":"https:\/\/gst-sl.com\/wp\/","logo":{"@type":"ImageObject","inLanguage":"es","@id":"https:\/\/gst-sl.com\/wp\/#\/schema\/logo\/image\/","url":"https:\/\/gst-sl.com\/wp\/wp-content\/uploads\/2023\/06\/logo_gst_2.png","contentUrl":"https:\/\/gst-sl.com\/wp\/wp-content\/uploads\/2023\/06\/logo_gst_2.png","width":597,"height":232,"caption":"GST Gesti\u00f3n de Sistemas Topogr\u00e1ficos"},"image":{"@id":"https:\/\/gst-sl.com\/wp\/#\/schema\/logo\/image\/"}}]}},"_links":{"self":[{"href":"https:\/\/gst-sl.com\/wp\/wp-json\/wp\/v2\/product\/1751","targetHints":{"allow":["GET"]}}],"collection":[{"href":"https:\/\/gst-sl.com\/wp\/wp-json\/wp\/v2\/product"}],"about":[{"href":"https:\/\/gst-sl.com\/wp\/wp-json\/wp\/v2\/types\/product"}],"wp:featuredmedia":[{"embeddable":true,"href":"https:\/\/gst-sl.com\/wp\/wp-json\/wp\/v2\/media\/1755"}],"wp:attachment":[{"href":"https:\/\/gst-sl.com\/wp\/wp-json\/wp\/v2\/media?parent=1751"}],"wp:term":[{"taxonomy":"product_brand","embeddable":true,"href":"https:\/\/gst-sl.com\/wp\/wp-json\/wp\/v2\/product_brand?post=1751"},{"taxonomy":"product_cat","embeddable":true,"href":"https:\/\/gst-sl.com\/wp\/wp-json\/wp\/v2\/product_cat?post=1751"},{"taxonomy":"product_tag","embeddable":true,"href":"https:\/\/gst-sl.com\/wp\/wp-json\/wp\/v2\/product_tag?post=1751"}],"curies":[{"name":"wp","href":"https:\/\/api.w.org\/{rel}","templated":true}]}}