{"id":907,"date":"2023-06-14T13:57:34","date_gmt":"2023-06-14T13:57:34","guid":{"rendered":"https:\/\/gst-sl.com\/wp\/?post_type=product&#038;p=907"},"modified":"2023-06-14T13:57:34","modified_gmt":"2023-06-14T13:57:34","slug":"trimble-r780","status":"publish","type":"product","link":"https:\/\/gst-sl.com\/wp\/bwlm-shop\/sistema-gnss\/sistemas-gnss-integrados\/trimble-r780\/","title":{"rendered":"Trimble R780"},"content":{"rendered":"","protected":false},"excerpt":{"rendered":"<div class=\"product-short-description\">\n<h3><span style=\"color: #000000;\">Libertad para trabajar a su manera.<\/span><\/h3>\n<figure>\n<h4><span style=\"color: #808080;\">8 mm H \/ 15 mm V<\/span><\/h4><figcaption>\n<h4><span style=\"color: #808080;\">M\u00e1x. precisi\u00f3n<\/span><\/h4>\n<\/figcaption><\/figure>\n<div><span style=\"color: #808080;\">Antena<\/span><\/div>\n<h4><span style=\"color: #808080;\">Integrada<\/span><\/h4>\n<div><span style=\"color: #808080;\">336<\/span><\/div>\n<h4><span style=\"color: #808080;\">Canales GNSS<\/span><\/h4>\n<div><span style=\"color: #808080;\">Recepci\u00f3n y transmisi\u00f3n<\/span><\/div>\n<h4><span style=\"color: #808080;\">Radio UHF<\/span><\/h4>\n<hr \/>\n<h4><span style=\"color: #808080;\">El receptor Trimble R780 es un sistema GNSS con la m\u00e1xima precisi\u00f3n para trabajar en los entornos topogr\u00e1ficos m\u00e1s exigentes. \u00a0Gracias a su escalabilidad y adaptabilidad le permite afrontar el acceso a la tecnolog\u00eda de la forma m\u00e1s c\u00f3moda. Disfrute de la libertad de elegir el tipo de configuraci\u00f3n a su medida, con la flexibilidad de agregar m\u00e1s funciones seg\u00fan cambien sus necesidades. Dise\u00f1e el receptor que necesita ahora, ampl\u00ede y escale sus funciones con tranquilidad en el futuro.<\/span><\/h4>\n<ul>\n<li>\n<h4><span style=\"color: #808080;\"><a style=\"color: #808080;\" href=\"https:\/\/es-la.geospatial.trimble.com\/sites\/geospatial.trimble.com\/files\/2022-07\/022516-642-es-AR_TrimbleR780_Datasheet_A4_0722_LR.pdf\" target=\"_blank\" rel=\"noopener\">Hoja de datos Trimble R780<\/a><\/span><\/h4>\n<\/li>\n<li>\n<h4><span style=\"color: #808080;\"><a style=\"color: #808080;\" href=\"https:\/\/trl.trimble.com\/dscgi\/ds.py\/Get\/File-1013611\/R780_RevA_QuickStartGde_129311-00_ES-ES.pdf\" target=\"_blank\" rel=\"noopener\">Gu\u00eda de inicio r\u00e1pido<\/a><\/span><\/h4>\n<\/li>\n<li>\n<h4><span style=\"color: #808080;\"><a style=\"color: #808080;\" href=\"https:\/\/es-la.geospatial.trimble.com\/products-and-solutions\/trimble-r780?_ga=2.150340213.278650275.1659504408-1947544195.1600240098#product-support\" target=\"_blank\" rel=\"noopener\">Asistencia t\u00e9cnica y descargas (ingl\u00e9s)<\/a><\/span><\/h4>\n<\/li>\n<\/ul>\n<\/div>\n","protected":false},"featured_media":908,"template":"","meta":[],"product_brand":[],"product_cat":[93],"product_tag":[],"class_list":{"0":"post-907","1":"product","2":"type-product","3":"status-publish","4":"has-post-thumbnail","6":"product_cat-sistemas-gnss-integrados","8":"first","9":"instock","10":"shipping-taxable","11":"product-type-simple"},"yoast_head":"<!-- This site is optimized with the Yoast SEO plugin v26.5 - https:\/\/yoast.com\/wordpress\/plugins\/seo\/ -->\n<title>Trimble R780 - GST<\/title>\n<meta name=\"robots\" content=\"index, follow, max-snippet:-1, max-image-preview:large, max-video-preview:-1\" \/>\n<link rel=\"canonical\" href=\"https:\/\/gst-sl.com\/wp\/bwlm-shop\/sistema-gnss\/sistemas-gnss-integrados\/trimble-r780\/\" \/>\n<meta property=\"og:locale\" content=\"es_ES\" \/>\n<meta property=\"og:type\" content=\"article\" \/>\n<meta property=\"og:title\" content=\"Trimble R780 - GST\" \/>\n<meta property=\"og:description\" content=\"Libertad para trabajar a su manera.  8 mm H \/ 15 mm V  M\u00e1x. precisi\u00f3n  Antena Integrada 336 Canales GNSS Recepci\u00f3n y transmisi\u00f3n Radio UHF    El receptor Trimble R780 es un sistema GNSS con la m\u00e1xima precisi\u00f3n para trabajar en los entornos topogr\u00e1ficos m\u00e1s exigentes. \u00a0Gracias a su escalabilidad y adaptabilidad le permite afrontar el acceso a la tecnolog\u00eda de la forma m\u00e1s c\u00f3moda. Disfrute de la libertad de elegir el tipo de configuraci\u00f3n a su medida, con la flexibilidad de agregar m\u00e1s funciones seg\u00fan cambien sus necesidades. Dise\u00f1e el receptor que necesita ahora, ampl\u00ede y escale sus funciones con tranquilidad en el futuro.    Hoja de datos Trimble R780    Gu\u00eda de inicio r\u00e1pido    Asistencia t\u00e9cnica y descargas (ingl\u00e9s)\" \/>\n<meta property=\"og:url\" content=\"https:\/\/gst-sl.com\/wp\/bwlm-shop\/sistema-gnss\/sistemas-gnss-integrados\/trimble-r780\/\" \/>\n<meta property=\"og:site_name\" content=\"GST\" \/>\n<meta property=\"og:image\" content=\"https:\/\/gst-sl.com\/wp-content\/uploads\/2023\/06\/Trimble-R780-2.png\" \/>\n\t<meta property=\"og:image:width\" content=\"425\" \/>\n\t<meta property=\"og:image:height\" content=\"425\" \/>\n\t<meta property=\"og:image:type\" content=\"image\/png\" \/>\n<meta name=\"twitter:card\" content=\"summary_large_image\" \/>\n<script type=\"application\/ld+json\" class=\"yoast-schema-graph\">{\"@context\":\"https:\/\/schema.org\",\"@graph\":[{\"@type\":\"WebPage\",\"@id\":\"https:\/\/gst-sl.com\/wp\/bwlm-shop\/sistema-gnss\/sistemas-gnss-integrados\/trimble-r780\/\",\"url\":\"https:\/\/gst-sl.com\/wp\/bwlm-shop\/sistema-gnss\/sistemas-gnss-integrados\/trimble-r780\/\",\"name\":\"Trimble R780 - GST\",\"isPartOf\":{\"@id\":\"https:\/\/gst-sl.com\/wp\/#website\"},\"primaryImageOfPage\":{\"@id\":\"https:\/\/gst-sl.com\/wp\/bwlm-shop\/sistema-gnss\/sistemas-gnss-integrados\/trimble-r780\/#primaryimage\"},\"image\":{\"@id\":\"https:\/\/gst-sl.com\/wp\/bwlm-shop\/sistema-gnss\/sistemas-gnss-integrados\/trimble-r780\/#primaryimage\"},\"thumbnailUrl\":\"https:\/\/gst-sl.com\/wp-content\/uploads\/2023\/06\/Trimble-R780-2.png\",\"datePublished\":\"2023-06-14T13:57:34+00:00\",\"breadcrumb\":{\"@id\":\"https:\/\/gst-sl.com\/wp\/bwlm-shop\/sistema-gnss\/sistemas-gnss-integrados\/trimble-r780\/#breadcrumb\"},\"inLanguage\":\"es\",\"potentialAction\":[{\"@type\":\"ReadAction\",\"target\":[\"https:\/\/gst-sl.com\/wp\/bwlm-shop\/sistema-gnss\/sistemas-gnss-integrados\/trimble-r780\/\"]}]},{\"@type\":\"ImageObject\",\"inLanguage\":\"es\",\"@id\":\"https:\/\/gst-sl.com\/wp\/bwlm-shop\/sistema-gnss\/sistemas-gnss-integrados\/trimble-r780\/#primaryimage\",\"url\":\"https:\/\/gst-sl.com\/wp-content\/uploads\/2023\/06\/Trimble-R780-2.png\",\"contentUrl\":\"https:\/\/gst-sl.com\/wp-content\/uploads\/2023\/06\/Trimble-R780-2.png\",\"width\":425,\"height\":425},{\"@type\":\"BreadcrumbList\",\"@id\":\"https:\/\/gst-sl.com\/wp\/bwlm-shop\/sistema-gnss\/sistemas-gnss-integrados\/trimble-r780\/#breadcrumb\",\"itemListElement\":[{\"@type\":\"ListItem\",\"position\":1,\"name\":\"Portada\",\"item\":\"https:\/\/gst-sl.com\/wp\/\"},{\"@type\":\"ListItem\",\"position\":2,\"name\":\"PRODUCTOS\",\"item\":\"https:\/\/gst-sl.com\/wp\/productos\/\"},{\"@type\":\"ListItem\",\"position\":3,\"name\":\"Trimble R780\"}]},{\"@type\":\"WebSite\",\"@id\":\"https:\/\/gst-sl.com\/wp\/#website\",\"url\":\"https:\/\/gst-sl.com\/wp\/\",\"name\":\"GST Gesti\u00f3n de Sistemas Topogr\u00e1ficos\",\"description\":\"GST - Gesti\u00f3n de Sistemas Topogr\u00e1ficos\",\"publisher\":{\"@id\":\"https:\/\/gst-sl.com\/wp\/#organization\"},\"alternateName\":\"GST\",\"potentialAction\":[{\"@type\":\"SearchAction\",\"target\":{\"@type\":\"EntryPoint\",\"urlTemplate\":\"https:\/\/gst-sl.com\/wp\/?s={search_term_string}\"},\"query-input\":{\"@type\":\"PropertyValueSpecification\",\"valueRequired\":true,\"valueName\":\"search_term_string\"}}],\"inLanguage\":\"es\"},{\"@type\":\"Organization\",\"@id\":\"https:\/\/gst-sl.com\/wp\/#organization\",\"name\":\"GST Gesti\u00f3n de Sistemas Topogr\u00e1ficos\",\"alternateName\":\"GST\",\"url\":\"https:\/\/gst-sl.com\/wp\/\",\"logo\":{\"@type\":\"ImageObject\",\"inLanguage\":\"es\",\"@id\":\"https:\/\/gst-sl.com\/wp\/#\/schema\/logo\/image\/\",\"url\":\"https:\/\/gst-sl.com\/wp\/wp-content\/uploads\/2023\/06\/logo_gst_2.png\",\"contentUrl\":\"https:\/\/gst-sl.com\/wp\/wp-content\/uploads\/2023\/06\/logo_gst_2.png\",\"width\":597,\"height\":232,\"caption\":\"GST Gesti\u00f3n de Sistemas Topogr\u00e1ficos\"},\"image\":{\"@id\":\"https:\/\/gst-sl.com\/wp\/#\/schema\/logo\/image\/\"}}]}<\/script>\n<!-- \/ Yoast SEO plugin. -->","yoast_head_json":{"title":"Trimble R780 - GST","robots":{"index":"index","follow":"follow","max-snippet":"max-snippet:-1","max-image-preview":"max-image-preview:large","max-video-preview":"max-video-preview:-1"},"canonical":"https:\/\/gst-sl.com\/wp\/bwlm-shop\/sistema-gnss\/sistemas-gnss-integrados\/trimble-r780\/","og_locale":"es_ES","og_type":"article","og_title":"Trimble R780 - GST","og_description":"Libertad para trabajar a su manera.  8 mm H \/ 15 mm V  M\u00e1x. precisi\u00f3n  Antena Integrada 336 Canales GNSS Recepci\u00f3n y transmisi\u00f3n Radio UHF    El receptor Trimble R780 es un sistema GNSS con la m\u00e1xima precisi\u00f3n para trabajar en los entornos topogr\u00e1ficos m\u00e1s exigentes. \u00a0Gracias a su escalabilidad y adaptabilidad le permite afrontar el acceso a la tecnolog\u00eda de la forma m\u00e1s c\u00f3moda. Disfrute de la libertad de elegir el tipo de configuraci\u00f3n a su medida, con la flexibilidad de agregar m\u00e1s funciones seg\u00fan cambien sus necesidades. Dise\u00f1e el receptor que necesita ahora, ampl\u00ede y escale sus funciones con tranquilidad en el futuro.    Hoja de datos Trimble R780    Gu\u00eda de inicio r\u00e1pido    Asistencia t\u00e9cnica y descargas (ingl\u00e9s)","og_url":"https:\/\/gst-sl.com\/wp\/bwlm-shop\/sistema-gnss\/sistemas-gnss-integrados\/trimble-r780\/","og_site_name":"GST","og_image":[{"width":425,"height":425,"url":"https:\/\/gst-sl.com\/wp-content\/uploads\/2023\/06\/Trimble-R780-2.png","type":"image\/png"}],"twitter_card":"summary_large_image","schema":{"@context":"https:\/\/schema.org","@graph":[{"@type":"WebPage","@id":"https:\/\/gst-sl.com\/wp\/bwlm-shop\/sistema-gnss\/sistemas-gnss-integrados\/trimble-r780\/","url":"https:\/\/gst-sl.com\/wp\/bwlm-shop\/sistema-gnss\/sistemas-gnss-integrados\/trimble-r780\/","name":"Trimble R780 - GST","isPartOf":{"@id":"https:\/\/gst-sl.com\/wp\/#website"},"primaryImageOfPage":{"@id":"https:\/\/gst-sl.com\/wp\/bwlm-shop\/sistema-gnss\/sistemas-gnss-integrados\/trimble-r780\/#primaryimage"},"image":{"@id":"https:\/\/gst-sl.com\/wp\/bwlm-shop\/sistema-gnss\/sistemas-gnss-integrados\/trimble-r780\/#primaryimage"},"thumbnailUrl":"https:\/\/gst-sl.com\/wp-content\/uploads\/2023\/06\/Trimble-R780-2.png","datePublished":"2023-06-14T13:57:34+00:00","breadcrumb":{"@id":"https:\/\/gst-sl.com\/wp\/bwlm-shop\/sistema-gnss\/sistemas-gnss-integrados\/trimble-r780\/#breadcrumb"},"inLanguage":"es","potentialAction":[{"@type":"ReadAction","target":["https:\/\/gst-sl.com\/wp\/bwlm-shop\/sistema-gnss\/sistemas-gnss-integrados\/trimble-r780\/"]}]},{"@type":"ImageObject","inLanguage":"es","@id":"https:\/\/gst-sl.com\/wp\/bwlm-shop\/sistema-gnss\/sistemas-gnss-integrados\/trimble-r780\/#primaryimage","url":"https:\/\/gst-sl.com\/wp-content\/uploads\/2023\/06\/Trimble-R780-2.png","contentUrl":"https:\/\/gst-sl.com\/wp-content\/uploads\/2023\/06\/Trimble-R780-2.png","width":425,"height":425},{"@type":"BreadcrumbList","@id":"https:\/\/gst-sl.com\/wp\/bwlm-shop\/sistema-gnss\/sistemas-gnss-integrados\/trimble-r780\/#breadcrumb","itemListElement":[{"@type":"ListItem","position":1,"name":"Portada","item":"https:\/\/gst-sl.com\/wp\/"},{"@type":"ListItem","position":2,"name":"PRODUCTOS","item":"https:\/\/gst-sl.com\/wp\/productos\/"},{"@type":"ListItem","position":3,"name":"Trimble R780"}]},{"@type":"WebSite","@id":"https:\/\/gst-sl.com\/wp\/#website","url":"https:\/\/gst-sl.com\/wp\/","name":"GST Gesti\u00f3n de Sistemas Topogr\u00e1ficos","description":"GST - Gesti\u00f3n de Sistemas Topogr\u00e1ficos","publisher":{"@id":"https:\/\/gst-sl.com\/wp\/#organization"},"alternateName":"GST","potentialAction":[{"@type":"SearchAction","target":{"@type":"EntryPoint","urlTemplate":"https:\/\/gst-sl.com\/wp\/?s={search_term_string}"},"query-input":{"@type":"PropertyValueSpecification","valueRequired":true,"valueName":"search_term_string"}}],"inLanguage":"es"},{"@type":"Organization","@id":"https:\/\/gst-sl.com\/wp\/#organization","name":"GST Gesti\u00f3n de Sistemas Topogr\u00e1ficos","alternateName":"GST","url":"https:\/\/gst-sl.com\/wp\/","logo":{"@type":"ImageObject","inLanguage":"es","@id":"https:\/\/gst-sl.com\/wp\/#\/schema\/logo\/image\/","url":"https:\/\/gst-sl.com\/wp\/wp-content\/uploads\/2023\/06\/logo_gst_2.png","contentUrl":"https:\/\/gst-sl.com\/wp\/wp-content\/uploads\/2023\/06\/logo_gst_2.png","width":597,"height":232,"caption":"GST Gesti\u00f3n de Sistemas Topogr\u00e1ficos"},"image":{"@id":"https:\/\/gst-sl.com\/wp\/#\/schema\/logo\/image\/"}}]}},"_links":{"self":[{"href":"https:\/\/gst-sl.com\/wp\/wp-json\/wp\/v2\/product\/907","targetHints":{"allow":["GET"]}}],"collection":[{"href":"https:\/\/gst-sl.com\/wp\/wp-json\/wp\/v2\/product"}],"about":[{"href":"https:\/\/gst-sl.com\/wp\/wp-json\/wp\/v2\/types\/product"}],"wp:featuredmedia":[{"embeddable":true,"href":"https:\/\/gst-sl.com\/wp\/wp-json\/wp\/v2\/media\/908"}],"wp:attachment":[{"href":"https:\/\/gst-sl.com\/wp\/wp-json\/wp\/v2\/media?parent=907"}],"wp:term":[{"taxonomy":"product_brand","embeddable":true,"href":"https:\/\/gst-sl.com\/wp\/wp-json\/wp\/v2\/product_brand?post=907"},{"taxonomy":"product_cat","embeddable":true,"href":"https:\/\/gst-sl.com\/wp\/wp-json\/wp\/v2\/product_cat?post=907"},{"taxonomy":"product_tag","embeddable":true,"href":"https:\/\/gst-sl.com\/wp\/wp-json\/wp\/v2\/product_tag?post=907"}],"curies":[{"name":"wp","href":"https:\/\/api.w.org\/{rel}","templated":true}]}}